{"id":85342,"date":"2025-01-26T03:52:37","date_gmt":"2025-01-26T03:52:37","guid":{"rendered":"https:\/\/nexgendecors.com\/product\/veebee-solid-wood-multifunctional-building-block-table-lifting-childrens-game-table-baby-handmade-toy-table-peanut-table\/"},"modified":"2025-04-06T09:45:22","modified_gmt":"2025-04-06T09:45:22","slug":"mesa-de-bloques-de-construccion-multifuncional-de-madera-maciza-veebee-mesa-de-juego-elevable-para-ninos-mesa-de-juguete-hecha-a-mano-para-bebes-mesa-de-cacahuete","status":"publish","type":"product","link":"https:\/\/nexgendecors.com\/es\/product\/mesa-de-bloques-de-construccion-multifuncional-de-madera-maciza-veebee-mesa-de-juego-elevable-para-ninos-mesa-de-juguete-hecha-a-mano-para-bebes-mesa-de-cacahuete\/","title":{"rendered":"Mesa de juegos multifuncional para ni\u00f1os de madera maciza VEEBEE"},"content":{"rendered":"<ul>\n<li>\n<strong>marca<\/strong>:VEEBEE<\/li>\n<li>\n<strong>Edad adecuada<\/strong>:13 meses 14 meses 15 meses 16 meses 17 meses 18 meses 19 meses 20 meses 21 meses 22 meses 23 meses 2 a\u00f1os 25 meses 26 meses 27 meses 28 meses 29 meses 30 meses 31 meses 32 meses 33 meses 34 meses 35 meses 3 a\u00f1os 4 a\u00f1os 5 a\u00f1os 6 a\u00f1os 7 a\u00f1os 8 a\u00f1os 9 a\u00f1os 10 a\u00f1os 11 a\u00f1os 12 a\u00f1os 13 a\u00f1os 14 a\u00f1os 14 a\u00f1os y m\u00e1s<\/li>\n<li>\n<strong>Materiales estructurales<\/strong>:Madera<\/li>\n<li>\n<strong>estilo<\/strong>:Simple y moderno<\/li>\n<li>\n<strong>Origen<\/strong>:otro<\/li>\n<li>\n<strong>ordenar por color<\/strong>:Sin pintura \u2013 enviar aumento de altura \u2013 1 mesa \u2013 sin almacenamiento Sin pintura \u2013 enviar aumento de altura \u2013 1 mesa + 4 cajas 2 barriles Sin pintura \u2013 enviar aumento de altura \u2013 1 mesa + 1 silla + 4 cajas 2 barriles Sin pintura \u2013 enviar aumento de altura \u2013 1 mesa + 4 cajas 2 barriles + 140 tobog\u00e1n Sin pintura \u2013 enviar aumento de altura \u2013 1 mesa + 1 silla + 4 cajas 2 barriles + 140 tobog\u00e1n Sin pintura \u2013 enviar aumento de altura \u2013 1 mesa + 4 cajas 2 barriles + 140 tobog\u00e1n + 169 casa Sin pintura \u2013 enviar aumento de altura \u2013 1 mesa + 1 silla + 4 cajas 2 barriles + 140 tobog\u00e1n + 169 casa Sin pintura \u2013 enviar aumento de altura \u2013 1 mesa + 4 cajas 2 barriles + 140 tobog\u00e1n + 210 villa Sin pintura \u2013 enviar aumento de altura \u2013 1 mesa + 1 silla + 4 cajas 2 barriles + 140 tobog\u00e1n + 210 villa Barniz \u2013 Gratis Aumento de altura \u2013 1 mesa \u2013 Sin almacenamiento Barniz \u2013 Gratis Aumento de altura \u2013 1 mesa + 4 cajas 2 cubos Barniz \u2013 Gratis Aumento de altura \u2013 1 mesa + 1 silla + 4 cajas 2 cubos Barniz \u2013 Gratis Aumento de altura \u2013 1 mesa + 4 cajas 2 cubos + 140 tobog\u00e1n Barniz \u2013 Gratis Aumento de altura \u2013 1 mesa + 1 silla + 4 cajas 2 cubos + 140 tobog\u00e1n Barniz \u2013 Gratis Aumento de altura \u2013 1 mesa + 4 cajas 2 cubos + 140 tobog\u00e1n + 169 casa Barniz \u2013 Gratis Aumento de altura \u2013 1 mesa + 1 silla + 4 cajas 2 cubos + 140 tobog\u00e1n + 169 casa Barniz \u2013 Gratis Aumento de altura \u2013 1 mesa + 4 cajas 2 cubos + 140 tobog\u00e1n + 210 villa Barniz \u2013 Gratis Aumento de altura \u2013 1 Mesa + 1 Silla + 4 Cajas 2 Cubos + 140 Tobog\u00e1n + 210 Villa<\/li>\n<li>\n<strong>Material de acabado<\/strong>:otro<\/li>\n<li>\n<strong>N\u00famero de pieza<\/strong>:VBSMJ<\/li>\n<\/ul>\n<p><img><\/p>","protected":false},"excerpt":{"rendered":"<p>brand:VEEBEE Suitable age:13 months 14 months 15 months 16 months 17 months 18 months 19 months 20 months 21 months<\/p>","protected":false},"featured_media":144821,"comment_status":"open","ping_status":"closed","template":"","meta":[],"product_brand":[],"product_cat":[30899,30971,30849],"product_tag":[],"class_list":{"0":"post-85342","1":"product","2":"type-product","3":"status-publish","4":"has-post-thumbnail","6":"product_cat-bs-kindergarten","7":"product_cat-hp","8":"product_cat-kindergarten-school-furniture","10":"first","11":"instock","12":"taxable","13":"shipping-taxable","14":"purchasable","15":"product-type-variable"},"_links":{"self":[{"href":"https:\/\/nexgendecors.com\/es\/wp-json\/wp\/v2\/product\/85342","targetHints":{"allow":["GET"]}}],"collection":[{"href":"https:\/\/nexgendecors.com\/es\/wp-json\/wp\/v2\/product"}],"about":[{"href":"https:\/\/nexgendecors.com\/es\/wp-json\/wp\/v2\/types\/product"}],"replies":[{"embeddable":true,"href":"https:\/\/nexgendecors.com\/es\/wp-json\/wp\/v2\/comments?post=85342"}],"version-history":[{"count":0,"href":"https:\/\/nexgendecors.com\/es\/wp-json\/wp\/v2\/product\/85342\/revisions"}],"wp:featuredmedia":[{"embeddable":true,"href":"https:\/\/nexgendecors.com\/es\/wp-json\/wp\/v2\/media\/144821"}],"wp:attachment":[{"href":"https:\/\/nexgendecors.com\/es\/wp-json\/wp\/v2\/media?parent=85342"}],"wp:term":[{"taxonomy":"product_brand","embeddable":true,"href":"https:\/\/nexgendecors.com\/es\/wp-json\/wp\/v2\/product_brand?post=85342"},{"taxonomy":"product_cat","embeddable":true,"href":"https:\/\/nexgendecors.com\/es\/wp-json\/wp\/v2\/product_cat?post=85342"},{"taxonomy":"product_tag","embeddable":true,"href":"https:\/\/nexgendecors.com\/es\/wp-json\/wp\/v2\/product_tag?post=85342"}],"curies":[{"name":"wp","href":"https:\/\/api.w.org\/{rel}","templated":true}]}}