{"id":85385,"date":"2025-01-26T03:52:42","date_gmt":"2025-01-26T03:52:42","guid":{"rendered":"https:\/\/nexgendecors.com\/product\/vescasa-24-h-counter-height-barstools-with-back-mid-century-modern-woven-faux-leather-upholstered-counter-stool-chairs-with-gold-metal-frame-for-kitchen-island-bar-pub-set-of-2-beige1711879818071\/"},"modified":"2025-04-06T09:45:29","modified_gmt":"2025-04-06T09:45:29","slug":"taburetes-de-bar-vescasa-24h-con-respaldo-modernos-de-mediados-de-siglo-tapizados-en-piel-sintetica-tejida-con-estructura-de-metal-dorado-para-isla-de-cocina-bar-pub-juego-de-2-beige-17118798180","status":"publish","type":"product","link":"https:\/\/nexgendecors.com\/es\/product\/taburetes-de-bar-vescasa-24h-con-respaldo-modernos-de-mediados-de-siglo-tapizados-en-piel-sintetica-tejida-con-estructura-de-metal-dorado-para-isla-de-cocina-bar-pub-juego-de-2-beige-17118798180\/","title":{"rendered":"VESCASA 24\u2033 taburetes de bar modernos de mediados de siglo, juego de 2"},"content":{"rendered":"<div class=\"flex-1 overflow-hidden\" data-mce-fragment=\"1\">\n<div class=\"react-scroll-to-bottom--css-pyouc-79elbk h-full\" data-mce-fragment=\"1\">\n<div class=\"react-scroll-to-bottom--css-pyouc-1n7m0yu\" data-mce-fragment=\"1\">\n<div data-mce-fragment=\"1\">\n<div class=\"flex flex-col text-sm pb-9\" data-mce-fragment=\"1\">\n<div class=\"w-full text-token-text-primary\" dir=\"auto\" data-testid=\"conversation-turn-91\" data-mce-fragment=\"1\">\n<div class=\"px-4 py-2 justify-center text-base md:gap-6 m-auto\" data-mce-fragment=\"1\">\n<div class=\"flex flex-1 text-base mx-auto gap-3 juice:gap-4 juice:md:gap-6 md:px-5 lg:px-1 xl:px-5 md:max-w-3xl lg:max-w-[40rem] xl:max-w-[48rem]\" data-mce-fragment=\"1\">\n<div class=\"relative flex w-full flex-col agent-turn\" data-mce-fragment=\"1\">\n<div class=\"flex-col gap-1 md:gap-3\" data-mce-fragment=\"1\">\n<div class=\"flex flex-grow flex-col max-w-full\" data-mce-fragment=\"1\">\n<div data-message-author-role=\"assistant\" data-message-id=\"78619ee6-8de9-4ee6-9016-e65ac99adc80\" dir=\"auto\" class=\"min-h-[20px] text-message flex flex-col items-start gap-3 whitespace-pre-wrap break-words [.text-message+&#038;]:mt-5 overflow-x-auto\" data-mce-fragment=\"1\">\n<div class=\"markdown prose w-full break-words dark:prose-invert light\" data-mce-fragment=\"1\">\n<p data-mce-fragment=\"1\">\ud83c\udf1f <strong data-mce-fragment=\"1\">Taburetes de bar con encanto<\/strong>Dale un toque de encanto a tu mostrador con estos taburetes con base de metal dorado. Perfectos para la cocina, el pub, el bar o la barra, realzan cualquier espacio con su impresionante dise\u00f1o.<\/p>\n<p data-mce-fragment=\"1\">\ud83e\ude91 <strong data-mce-fragment=\"1\">Asientos c\u00f3modos<\/strong>Sum\u00e9rjase en la comodidad del asiento y respaldo acolchados, tapizados en piel sint\u00e9tica de alta calidad. El detalle del tejido le da un toque elegante al dise\u00f1o, realzando su atractivo est\u00e9tico.<\/p>\n<p data-mce-fragment=\"1\">\ud83d\udee0\ufe0f <strong data-mce-fragment=\"1\">Construcci\u00f3n robusta<\/strong>La base de metal con acabado dorado no solo realza la belleza, sino que tambi\u00e9n proporciona estabilidad y durabilidad. Equipadas con cuatro almohadillas ajustables debajo de cada pata, estas sillas ofrecen comodidad y estabilidad.<\/p>\n<p data-mce-fragment=\"1\">\ud83c\udfa8 <strong data-mce-fragment=\"1\">Variedad de opciones<\/strong>:Disponible en diferentes colores y telas, puedes elegir la silla perfecta para complementar tu estilo de decoraci\u00f3n.<\/p>\n<p data-mce-fragment=\"1\">\ud83d\udccf <strong data-mce-fragment=\"1\">Dimensiones y capacidad<\/strong>: Tama\u00f1o total: 16,5\u2033 de ancho x 20\u2033 de profundidad x 35,5\u2033 de alto; Altura del asiento al suelo: 24,5\u2033 de alto; Profundidad del asiento x Ancho del asiento: 15,75 x 16,5\u2033; Altura del respaldo al asiento: 12\u2033 de alto; Grosor del coj\u00edn: 2\u2033 de alto; Capacidad de peso: 250 LBS.<\/p>\n<p data-mce-fragment=\"1\">\u26a0\ufe0f <strong data-mce-fragment=\"1\">Tenga en cuenta<\/strong>Para garantizar la estabilidad, ajuste la silla antes de apretar completamente los tornillos. Debido a las diferencias de pantalla e iluminaci\u00f3n, los colores pueden variar ligeramente. Las medidas manuales pueden variar hasta 2,5 cm. Requiere ensamblaje.<\/p>\n<p data-mce-fragment=\"1\">\ud83d\udce6 <strong data-mce-fragment=\"1\">El paquete incluye<\/strong>:Cada juego 2PK incluye 2 asientos, 2 bases, instrucciones de instalaci\u00f3n y todos los tornillos y herramientas necesarios para el montaje.<\/p>\n<\/div>\n<\/div>\n<\/div>\n<\/div>\n<\/div>\n<\/div>\n<\/div>\n<\/div>\n<\/div>\n<\/div>\n<\/div>\n<\/div>\n<\/div>\n<div><\/div>","protected":false},"excerpt":{"rendered":"<p>\ud83c\udf1f Taburetes de bar de altura de mostrador con encanto: A\u00f1ade un toque de encanto a tu zona de mostrador con estos taburetes con base de metal dorado<\/p>","protected":false},"featured_media":144884,"comment_status":"open","ping_status":"closed","template":"","meta":[],"product_brand":[],"product_cat":[30813,30826,30971,32],"product_tag":[],"class_list":{"0":"post-85385","1":"product","2":"type-product","3":"status-publish","4":"has-post-thumbnail","6":"product_cat-bar-stools","7":"product_cat-dining-room","8":"product_cat-hp","9":"product_cat-residential-furniture","11":"first","12":"instock","13":"sale","14":"taxable","15":"shipping-taxable","16":"purchasable","17":"product-type-variable"},"_links":{"self":[{"href":"https:\/\/nexgendecors.com\/es\/wp-json\/wp\/v2\/product\/85385","targetHints":{"allow":["GET"]}}],"collection":[{"href":"https:\/\/nexgendecors.com\/es\/wp-json\/wp\/v2\/product"}],"about":[{"href":"https:\/\/nexgendecors.com\/es\/wp-json\/wp\/v2\/types\/product"}],"replies":[{"embeddable":true,"href":"https:\/\/nexgendecors.com\/es\/wp-json\/wp\/v2\/comments?post=85385"}],"version-history":[{"count":0,"href":"https:\/\/nexgendecors.com\/es\/wp-json\/wp\/v2\/product\/85385\/revisions"}],"wp:featuredmedia":[{"embeddable":true,"href":"https:\/\/nexgendecors.com\/es\/wp-json\/wp\/v2\/media\/144884"}],"wp:attachment":[{"href":"https:\/\/nexgendecors.com\/es\/wp-json\/wp\/v2\/media?parent=85385"}],"wp:term":[{"taxonomy":"product_brand","embeddable":true,"href":"https:\/\/nexgendecors.com\/es\/wp-json\/wp\/v2\/product_brand?post=85385"},{"taxonomy":"product_cat","embeddable":true,"href":"https:\/\/nexgendecors.com\/es\/wp-json\/wp\/v2\/product_cat?post=85385"},{"taxonomy":"product_tag","embeddable":true,"href":"https:\/\/nexgendecors.com\/es\/wp-json\/wp\/v2\/product_tag?post=85385"}],"curies":[{"name":"wp","href":"https:\/\/api.w.org\/{rel}","templated":true}]}}