{"id":85419,"date":"2025-01-26T03:52:00","date_gmt":"2025-01-26T03:52:00","guid":{"rendered":"https:\/\/nexgendecors.com\/product\/vescasa-chenille-rocking-chair-with-tufted-wingback-23-5-wide-midcentury-modern-rockers-with-arms-for-nursery-reading-room-living-room-bedroom-beige1711879818087\/"},"modified":"2025-04-06T09:45:38","modified_gmt":"2025-04-06T09:45:38","slug":"mecedora-vescasa-de-chenilla-con-respaldo-capitone-235-de-ancho-moderna-mecedora-de-mediados-de-siglo-con-brazos-ideal-para-habitacion-infantil-sala-de-lectura-sala-de-estar-dormitorio-beige-1","status":"publish","type":"product","link":"https:\/\/nexgendecors.com\/es\/product\/mecedora-vescasa-de-chenilla-con-respaldo-capitone-235-de-ancho-moderna-mecedora-de-mediados-de-siglo-con-brazos-ideal-para-habitacion-infantil-sala-de-lectura-sala-de-estar-dormitorio-beige-1\/","title":{"rendered":"Mecedora de chenilla de mediados de siglo VESCASA, beige"},"content":{"rendered":"<div class=\"flex-1 overflow-hidden\" data-mce-fragment=\"1\">\n<div class=\"react-scroll-to-bottom--css-pyouc-79elbk h-full\" data-mce-fragment=\"1\">\n<div class=\"react-scroll-to-bottom--css-pyouc-1n7m0yu\" data-mce-fragment=\"1\">\n<div data-mce-fragment=\"1\">\n<div class=\"flex flex-col text-sm pb-9\" data-mce-fragment=\"1\">\n<div class=\"w-full text-token-text-primary\" dir=\"auto\" data-testid=\"conversation-turn-23\" data-mce-fragment=\"1\">\n<div class=\"px-4 py-2 justify-center text-base md:gap-6 m-auto\" data-mce-fragment=\"1\">\n<div class=\"flex flex-1 text-base mx-auto gap-3 juice:gap-4 juice:md:gap-6 md:px-5 lg:px-1 xl:px-5 md:max-w-3xl lg:max-w-[40rem] xl:max-w-[48rem]\" data-mce-fragment=\"1\">\n<div class=\"relative flex w-full flex-col agent-turn\" data-mce-fragment=\"1\">\n<div class=\"flex-col gap-1 md:gap-3\" data-mce-fragment=\"1\">\n<div class=\"flex flex-grow flex-col max-w-full\" data-mce-fragment=\"1\">\n<div data-message-author-role=\"assistant\" data-message-id=\"0d3b5fe6-9f4e-429b-8c3b-a0dbda02abf5\" dir=\"auto\" class=\"min-h-[20px] text-message flex flex-col items-start gap-3 whitespace-pre-wrap break-words [.text-message+&#038;]:mt-5 overflow-x-auto\" data-mce-fragment=\"1\">\n<div class=\"markdown prose w-full break-words dark:prose-invert light\" data-mce-fragment=\"1\">\n<p data-mce-fragment=\"1\">\ud83e\ude91 <strong data-mce-fragment=\"1\">Respaldo moderno con mechones:<\/strong> Sum\u00e9rgete en el encanto moderno de mediados de siglo con nuestra mecedora con respaldo de orejas capiton\u00e9 de 56 cm de alto. Ofrece un excelente soporte para la espalda y se integra a la perfecci\u00f3n con diversos estilos de decoraci\u00f3n, convirti\u00e9ndose en una pieza destacada en cualquier habitaci\u00f3n.<\/p>\n<p data-mce-fragment=\"1\">\ud83c\udf1f <strong data-mce-fragment=\"1\">Tela de chenilla acogedora:<\/strong> Disfrute de la comodidad de nuestro sill\u00f3n reclinable y deslizable, confeccionado con tela de chenilla de primera calidad. Suave al tacto, f\u00e1cil de limpiar y duradero, realza su experiencia de relajaci\u00f3n y a\u00f1ade un toque de lujo a su espacio.<\/p>\n<p data-mce-fragment=\"1\">\ud83d\udcba <strong data-mce-fragment=\"1\">Asiento tapizado de felpa:<\/strong> Sum\u00e9rgete en el lujo con nuestro c\u00f3modo sill\u00f3n reclinable mecedor, con un coj\u00edn de espuma de 16,5 cm de grosor y 59 cm de ancho. Disfruta de una comodidad inigualable mientras te relajas con estilo.<\/p>\n<p data-mce-fragment=\"1\">\ud83c\udf33 <strong data-mce-fragment=\"1\">Patas de madera resistentes con almohadillas para los pies:<\/strong> Con una base de madera y un robusto tubo de metal, nuestra mecedora deslizante de mediados de siglo soporta hasta 136 kg. Equipada con almohadillas de goma, protege el suelo de da\u00f1os, garantizando estabilidad y durabilidad.<\/p>\n<\/div>\n<\/div>\n<\/div>\n<\/div>\n<\/div>\n<\/div>\n<\/div>\n<\/div>\n<\/div>\n<\/div>\n<\/div>\n<\/div>\n<\/div>\n<div><\/div>","protected":false},"excerpt":{"rendered":"<p>\ud83e\ude91 Respaldo capiton\u00e9 moderno: Sum\u00e9rgete en el encanto moderno de mediados de siglo con nuestra mecedora con un respaldo de orejas capiton\u00e9 de 56 cm de alto. Ofrece un excelente...<\/p>","protected":false},"featured_media":144929,"comment_status":"open","ping_status":"closed","template":"","meta":[],"product_brand":[],"product_cat":[30811,30971,30846,32],"product_tag":[],"class_list":{"0":"post-85419","1":"product","2":"type-product","3":"status-publish","4":"has-post-thumbnail","6":"product_cat-armchairs","7":"product_cat-hp","8":"product_cat-living-room","9":"product_cat-residential-furniture","11":"first","12":"instock","13":"sale","14":"taxable","15":"shipping-taxable","16":"purchasable","17":"product-type-simple"},"_links":{"self":[{"href":"https:\/\/nexgendecors.com\/es\/wp-json\/wp\/v2\/product\/85419","targetHints":{"allow":["GET"]}}],"collection":[{"href":"https:\/\/nexgendecors.com\/es\/wp-json\/wp\/v2\/product"}],"about":[{"href":"https:\/\/nexgendecors.com\/es\/wp-json\/wp\/v2\/types\/product"}],"replies":[{"embeddable":true,"href":"https:\/\/nexgendecors.com\/es\/wp-json\/wp\/v2\/comments?post=85419"}],"version-history":[{"count":0,"href":"https:\/\/nexgendecors.com\/es\/wp-json\/wp\/v2\/product\/85419\/revisions"}],"wp:featuredmedia":[{"embeddable":true,"href":"https:\/\/nexgendecors.com\/es\/wp-json\/wp\/v2\/media\/144929"}],"wp:attachment":[{"href":"https:\/\/nexgendecors.com\/es\/wp-json\/wp\/v2\/media?parent=85419"}],"wp:term":[{"taxonomy":"product_brand","embeddable":true,"href":"https:\/\/nexgendecors.com\/es\/wp-json\/wp\/v2\/product_brand?post=85419"},{"taxonomy":"product_cat","embeddable":true,"href":"https:\/\/nexgendecors.com\/es\/wp-json\/wp\/v2\/product_cat?post=85419"},{"taxonomy":"product_tag","embeddable":true,"href":"https:\/\/nexgendecors.com\/es\/wp-json\/wp\/v2\/product_tag?post=85419"}],"curies":[{"name":"wp","href":"https:\/\/api.w.org\/{rel}","templated":true}]}}