{"id":85627,"date":"2025-01-26T03:53:21","date_gmt":"2025-01-26T03:53:21","guid":{"rendered":"https:\/\/nexgendecors.com\/product\/vescasa-velvet-upholstered-dining-chair-with-barrel-back-mid-century-modern-padded-restaurant-chair-with-gold-metal-frame-for-kitchen-dining-room-1-piece-white1711879818168\/"},"modified":"2025-04-06T09:46:21","modified_gmt":"2025-04-06T09:46:21","slug":"silla-de-comedor-vescasa-tapizada-en-terciopelo-con-respaldo-de-barril-moderna-silla-de-restaurante-acolchada-de-mediados-de-siglo-con-estructura-de-metal-dorado-para-cocina-y-comedor-1-pieza-blanc","status":"publish","type":"product","link":"https:\/\/nexgendecors.com\/es\/product\/silla-de-comedor-vescasa-tapizada-en-terciopelo-con-respaldo-de-barril-moderna-silla-de-restaurante-acolchada-de-mediados-de-siglo-con-estructura-de-metal-dorado-para-cocina-y-comedor-1-pieza-blanc\/","title":{"rendered":"Silla de comedor VESCASA con respaldo de barril de terciopelo y estructura dorada"},"content":{"rendered":"<p data-mce-fragment=\"1\">\ud83e\ude91 <strong data-mce-fragment=\"1\">Silla de comedor de moda<\/strong>Realce su comedor con esta elegante y chic silla, que a\u00f1adir\u00e1 un toque de encanto a su espacio. Con su respaldo curvo y su coj\u00edn de asiento acolchado, tapizado en tela de lino\/terciopelo de alta calidad, irradia lujo y comodidad.<\/p>\n<p data-mce-fragment=\"1\">\ud83c\udfe0 <strong data-mce-fragment=\"1\">Uso vers\u00e1til<\/strong>Ya sea para su hogar, restaurante, cafeter\u00eda o comedor, esta silla es perfecta para cualquier ambiente. Su elegante dise\u00f1o y robusta construcci\u00f3n la convierten en una opci\u00f3n vers\u00e1til para diversos entornos.<\/p>\n<p data-mce-fragment=\"1\">\ud83d\udc8e <strong data-mce-fragment=\"1\">Dise\u00f1o impresionante<\/strong>La base met\u00e1lica de la silla, con acabado en negro, dorado y cromado, a\u00f1ade un toque de elegancia a cualquier espacio. Equipada con 6 almohadillas ajustables para mayor estabilidad, garantiza una experiencia de asiento segura y c\u00f3moda.<\/p>\n<p data-mce-fragment=\"1\">\ud83c\udfa8 <strong data-mce-fragment=\"1\">Opciones de color<\/strong>:Disponible en una gama de colores, puede elegir el tono perfecto para complementar su decoraci\u00f3n y preferencias de estilo.<\/p>\n<p data-mce-fragment=\"1\">\ud83d\udccf <strong data-mce-fragment=\"1\">Dimensiones y montaje<\/strong>Dimensiones totales: 59,4 cm de ancho x 52,2 cm de profundidad x 69,5 cm de alto; Altura del asiento al suelo: 50,8 cm de alto; Profundidad x Ancho del asiento: 45,7 cm x 47,2 cm; Altura del respaldo al asiento: 24,1 cm de alto; Grosor del coj\u00edn: 12,7 cm de alto; Capacidad de peso: 136 kg. Requiere ensamblaje y el paquete incluye un asiento, una base, instrucciones de instalaci\u00f3n y todos los tornillos y herramientas necesarios.<\/p>\n<p data-mce-fragment=\"1\">\ud83d\udd12 <strong data-mce-fragment=\"1\">Nota y garant\u00eda<\/strong>Ajuste la estabilidad de la silla antes de apretar completamente los tornillos. Debido a las diferencias de pantalla e iluminaci\u00f3n, los colores pueden variar ligeramente. Todas las medidas son manuales y pueden tener una desviaci\u00f3n de hasta 2,5 cm. Disfrute de la tranquilidad de nuestra garant\u00eda de 30 d\u00edas de reemplazo o devoluci\u00f3n de dinero.<\/p>\n<div><\/div>","protected":false},"excerpt":{"rendered":"<p>\ud83e\ude91 Silla de comedor de moda: Eleve su comedor con esta elegante y moderna silla de comedor, agregando un toque de encanto.<\/p>","protected":false},"featured_media":145244,"comment_status":"open","ping_status":"closed","template":"","meta":[],"product_brand":[],"product_cat":[30825,30826,30971,32],"product_tag":[],"class_list":{"0":"post-85627","1":"product","2":"type-product","3":"status-publish","4":"has-post-thumbnail","6":"product_cat-dining-chairs","7":"product_cat-dining-room","8":"product_cat-hp","9":"product_cat-residential-furniture","11":"first","12":"instock","13":"sale","14":"taxable","15":"shipping-taxable","16":"purchasable","17":"product-type-variable"},"_links":{"self":[{"href":"https:\/\/nexgendecors.com\/es\/wp-json\/wp\/v2\/product\/85627","targetHints":{"allow":["GET"]}}],"collection":[{"href":"https:\/\/nexgendecors.com\/es\/wp-json\/wp\/v2\/product"}],"about":[{"href":"https:\/\/nexgendecors.com\/es\/wp-json\/wp\/v2\/types\/product"}],"replies":[{"embeddable":true,"href":"https:\/\/nexgendecors.com\/es\/wp-json\/wp\/v2\/comments?post=85627"}],"version-history":[{"count":0,"href":"https:\/\/nexgendecors.com\/es\/wp-json\/wp\/v2\/product\/85627\/revisions"}],"wp:featuredmedia":[{"embeddable":true,"href":"https:\/\/nexgendecors.com\/es\/wp-json\/wp\/v2\/media\/145244"}],"wp:attachment":[{"href":"https:\/\/nexgendecors.com\/es\/wp-json\/wp\/v2\/media?parent=85627"}],"wp:term":[{"taxonomy":"product_brand","embeddable":true,"href":"https:\/\/nexgendecors.com\/es\/wp-json\/wp\/v2\/product_brand?post=85627"},{"taxonomy":"product_cat","embeddable":true,"href":"https:\/\/nexgendecors.com\/es\/wp-json\/wp\/v2\/product_cat?post=85627"},{"taxonomy":"product_tag","embeddable":true,"href":"https:\/\/nexgendecors.com\/es\/wp-json\/wp\/v2\/product_tag?post=85627"}],"curies":[{"name":"wp","href":"https:\/\/api.w.org\/{rel}","templated":true}]}}