{"id":85749,"date":"2025-01-26T03:53:42","date_gmt":"2025-01-26T03:53:42","guid":{"rendered":"https:\/\/nexgendecors.com\/product\/villa-home-theater-sofa-function-combination-space-electric-cabin-private-movie-theater-audio-visual-room-massage-viewing-chair\/"},"modified":"2025-04-06T09:46:29","modified_gmt":"2025-04-06T09:46:29","slug":"cine-en-casa-en-una-villa-con-sofa-funcion-combinada-espacio-cabina-electrica-cine-privado-sala-audiovisual-sillon-de-masajes","status":"publish","type":"product","link":"https:\/\/nexgendecors.com\/es\/product\/cine-en-casa-en-una-villa-con-sofa-funcion-combinada-espacio-cabina-electrica-cine-privado-sala-audiovisual-sillon-de-masajes\/","title":{"rendered":"Sof\u00e1 de cine en casa con masaje el\u00e9ctrico de lujo"},"content":{"rendered":"<ul>\n<li>\n<strong>marca<\/strong>:Feliz Fujino<\/li>\n<li>\n<strong>modelo<\/strong>:XF0855<\/li>\n<li>\n<strong>Material<\/strong>:Madera<\/li>\n<li>\n<strong>Material de madera<\/strong>:Pino<\/li>\n<li>\n<strong>patr\u00f3n<\/strong>:Otro<\/li>\n<li>\n<strong>estilo<\/strong>:Moderno y sencillo<\/li>\n<li>\n<strong>N\u00famero de personas aplicable<\/strong>:combinaci\u00f3n<\/li>\n<li>\n<strong>ordenar por color<\/strong>:[Doble el\u00e9ctrico] Asiento individual [doble el\u00e9ctrico] 2 asientos + 3 reposabrazos [doble el\u00e9ctrico] 3 asientos + 4 reposabrazos [doble el\u00e9ctrico] 4 asientos + 5 reposabrazos [doble el\u00e9ctrico] 5 asientos + 6 reposabrazos [versi\u00f3n individual el\u00e9ctrica de lujo] Asiento individual [versi\u00f3n individual el\u00e9ctrica de lujo] 2 asientos + 3 reposabrazos [versi\u00f3n individual el\u00e9ctrica de lujo] 3 asientos + 4 reposabrazos [versi\u00f3n individual el\u00e9ctrica de lujo] 4 asientos + 5 reposabrazos [versi\u00f3n individual el\u00e9ctrica de lujo] 5 asientos + 6 reposabrazos [doble el\u00e9ctrico] 2 asientos + 1 mesa de almacenamiento [doble el\u00e9ctrico] 3 asientos + 2 mesas de almacenamiento [doble el\u00e9ctrico] 4 asientos + 3 mesas de almacenamiento [doble el\u00e9ctrico] 5 asientos + 4 mesas de almacenamiento [versi\u00f3n individual el\u00e9ctrica de lujo] 2 asientos + 1 mesa de almacenamiento [versi\u00f3n individual el\u00e9ctrica de lujo] 3 asientos + 2 mesas de almacenamiento [Versi\u00f3n de lujo el\u00e9ctrica individual] 4 asientos + 3 mesas de almacenamiento [Versi\u00f3n de lujo el\u00e9ctrica individual] 5 asientos + 4 mesas de almacenamiento Cuero de grosor medio mejorado + 350 yuanes \/ persona, se pueden enviar muestras de cuero, consulte con el servicio al cliente para obtener m\u00e1s detalles<\/li>\n<li>\n<strong>Relleno<\/strong>:esponja<\/li>\n<li>\n<strong>Tecnolog\u00eda estructural<\/strong>:Artesan\u00eda en madera<\/li>\n<li>\n<strong>Tecnolog\u00eda de estructura de madera<\/strong>:otro<\/li>\n<li>\n<strong>\u00bfEs personalizable?<\/strong>:S\u00ed<\/li>\n<li>\n<strong>Combinaci\u00f3n de sof\u00e1s<\/strong>:otro<\/li>\n<li>\n<strong>Caracter\u00edsticas adicionales<\/strong>:Multifunci\u00f3n<\/li>\n<li>\n<strong>Adecuado<\/strong>:Adultos<\/li>\n<li>\n<strong>\u00bfHay espacio de almacenamiento?<\/strong>:S\u00ed<\/li>\n<li>\n<strong>Material de cuero<\/strong>:Capa superior de piel de vaca<\/li>\n<li>\n<strong>Armar<\/strong>:S\u00ed<\/li>\n<li>\n<strong>volumen del paquete<\/strong>:3<\/li>\n<li>\n<strong>\u00bfEst\u00e1 disponible la preventa?<\/strong>:S\u00ed<\/li>\n<li>\n<strong>\u00bfHay taxi disponible para transporte?<\/strong>:No<\/li>\n<li>\n<strong>Dureza del relleno<\/strong>:suave<\/li>\n<li>\n<strong>Posicionamiento de estilo<\/strong>:Lujo de calidad<\/li>\n<li>\n<strong>Detalles de las instrucciones de instalaci\u00f3n<\/strong>:Video con instrucciones de instalaci\u00f3n proporcionado<\/li>\n<li>\n<strong>Gama de acabados de cuero<\/strong>:Superficie de contacto<\/li>\n<li>\n<strong><\/strong>:<\/li>\n<\/ul>","protected":false},"excerpt":{"rendered":"<p>Marca: Happy Fujino Modelo: XF0855 Material: Madera Material de madera: Pino Patr\u00f3n: Otro Estilo: Moderno y simple N\u00famero aplicable de personas: combinaci\u00f3n Ordenar por color: [Doble el\u00e9ctrico] Asiento individual<\/p>","protected":false},"featured_media":145428,"comment_status":"open","ping_status":"closed","template":"","meta":[],"product_brand":[],"product_cat":[30863,30971],"product_tag":[],"class_list":{"0":"post-85749","1":"product","2":"type-product","3":"status-publish","4":"has-post-thumbnail","6":"product_cat-wholesales-cinema-theater","7":"product_cat-hp","9":"first","10":"instock","11":"sale","12":"taxable","13":"shipping-taxable","14":"purchasable","15":"product-type-variable"},"_links":{"self":[{"href":"https:\/\/nexgendecors.com\/es\/wp-json\/wp\/v2\/product\/85749","targetHints":{"allow":["GET"]}}],"collection":[{"href":"https:\/\/nexgendecors.com\/es\/wp-json\/wp\/v2\/product"}],"about":[{"href":"https:\/\/nexgendecors.com\/es\/wp-json\/wp\/v2\/types\/product"}],"replies":[{"embeddable":true,"href":"https:\/\/nexgendecors.com\/es\/wp-json\/wp\/v2\/comments?post=85749"}],"version-history":[{"count":0,"href":"https:\/\/nexgendecors.com\/es\/wp-json\/wp\/v2\/product\/85749\/revisions"}],"wp:featuredmedia":[{"embeddable":true,"href":"https:\/\/nexgendecors.com\/es\/wp-json\/wp\/v2\/media\/145428"}],"wp:attachment":[{"href":"https:\/\/nexgendecors.com\/es\/wp-json\/wp\/v2\/media?parent=85749"}],"wp:term":[{"taxonomy":"product_brand","embeddable":true,"href":"https:\/\/nexgendecors.com\/es\/wp-json\/wp\/v2\/product_brand?post=85749"},{"taxonomy":"product_cat","embeddable":true,"href":"https:\/\/nexgendecors.com\/es\/wp-json\/wp\/v2\/product_cat?post=85749"},{"taxonomy":"product_tag","embeddable":true,"href":"https:\/\/nexgendecors.com\/es\/wp-json\/wp\/v2\/product_tag?post=85749"}],"curies":[{"name":"wp","href":"https:\/\/api.w.org\/{rel}","templated":true}]}}