{"id":85829,"date":"2025-01-26T03:53:52","date_gmt":"2025-01-26T03:53:52","guid":{"rendered":"https:\/\/nexgendecors.com\/product\/vintage-chandelier-wabi-sabi-style-retro-homestay-zen-tea-room-creative-guest-restaurant-main-coffee-shop-japanese-style\/"},"modified":"2025-04-06T09:46:35","modified_gmt":"2025-04-06T09:46:35","slug":"vintage-chandelier-wabi-sabi-style-retro-homestay-zen-tea-room-creative-guest-restaurant-main-coffee-shop-japanese-style","status":"publish","type":"product","link":"https:\/\/nexgendecors.com\/es\/product\/vintage-chandelier-wabi-sabi-style-retro-homestay-zen-tea-room-creative-guest-restaurant-main-coffee-shop-japanese-style\/","title":{"rendered":"L\u00e1mpara de ara\u00f1a vintage Wabi-Sabi para salones de t\u00e9 zen"},"content":{"rendered":"<ul>\n<li>\n<strong>marca<\/strong>:otro\/otro<\/li>\n<li>\n<strong>modelo<\/strong>:10057<\/li>\n<li>\n<strong>estilo<\/strong>:Estilo wabi-sabi<\/li>\n<li>\n<strong>Tipo de control<\/strong>:Control no inteligente<\/li>\n<li>\n<strong>Tipo de l\u00e1mpara de ara\u00f1a<\/strong>:L\u00e1mpara de ara\u00f1a de resina<\/li>\n<li>\n<strong>Material principal del cuerpo de la l\u00e1mpara.<\/strong>:Resina<\/li>\n<li>\n<strong>Material principal de la pantalla de la l\u00e1mpara<\/strong>:CLORURO DE POLIVINILO<\/li>\n<li>\n<strong>Voltaje<\/strong>:111 V ~ 240 V (inclusive)<\/li>\n<li>\n<strong>Tipo inteligente<\/strong>:No hay soporte para smart<\/li>\n<li>\n<strong>N\u00famero de accesorios<\/strong>:1<\/li>\n<li>\n<strong>Forma de la l\u00e1mpara<\/strong>:Ara\u00f1a<\/li>\n<li>\n<strong>Ya sea control inteligente<\/strong>:No<\/li>\n<li>\n<strong>Material auxiliar para pantallas de l\u00e1mparas<\/strong>:CLORURO DE POLIVINILO<\/li>\n<li>\n<strong>N\u00famero de cabezales de l\u00e1mpara<\/strong>:5<\/li>\n<li>\n<strong>Material auxiliar del cuerpo de la l\u00e1mpara<\/strong>:Pol\u00edmero de alto peso molecular<\/li>\n<li>\n<strong>Servicio en la ciudad<\/strong>:Log\u00edstica intraurbana de entrega puerta a puerta<\/li>\n<li>\n<strong>Origen<\/strong>:China continental<\/li>\n<li>\n<strong>Per\u00edodo de garant\u00eda<\/strong>:3 a\u00f1os<\/li>\n<li>\n<strong>\u00c1rea de irradiaci\u00f3n<\/strong>:10\u33a1-15\u33a1, 15\u33a1-30\u33a1, 5\u33a1-10\u33a1, more than 30\u33a1<\/li>\n<li>\n<strong>\u00bfLa l\u00e1mpara tiene una fuente de luz?<\/strong>:No<\/li>\n<li>\n<strong>tipo de fuente de luz<\/strong>:Luces LED<\/li>\n<li>\n<strong>N\u00famero de fuentes de luz<\/strong>:5<\/li>\n<li>\n<strong>Tecnolog\u00eda<\/strong>:Otro<\/li>\n<li>\n<strong>ordenar por color<\/strong>:5 heads &#8211; diameter 50cm, 7 heads &#8211; diameter 70cm, 9 heads &#8211; diameter 94cm, 12 heads &#8211; diameter 120cm, if you need dark walnut color, please contact customer service<\/li>\n<li>\n<strong>N\u00famero de certificado 3C<\/strong>:2020181001018046<\/li>\n<li>\n<strong><\/strong>:<\/li>\n<\/ul>\n<p><img><\/p>","protected":false},"excerpt":{"rendered":"<p>Marca: otro\/otro Modelo: 10057 Estilo: estilo Wabi-sabi Tipo de control: control no inteligente Tipo de ara\u00f1a: ara\u00f1a de resina Material principal del cuerpo de la l\u00e1mpara: resina Material principal de la pantalla: PVC Voltaje: 111 V ~ 240 V (inclusive)<\/p>","protected":false},"featured_media":145477,"comment_status":"open","ping_status":"closed","template":"","meta":[],"product_brand":[],"product_cat":[30971,30864],"product_tag":[],"class_list":{"0":"post-85829","1":"product","2":"type-product","3":"status-publish","4":"has-post-thumbnail","6":"product_cat-hp","7":"product_cat-new-wholesales-lights","9":"first","10":"instock","11":"taxable","12":"shipping-taxable","13":"purchasable","14":"product-type-variable"},"_links":{"self":[{"href":"https:\/\/nexgendecors.com\/es\/wp-json\/wp\/v2\/product\/85829","targetHints":{"allow":["GET"]}}],"collection":[{"href":"https:\/\/nexgendecors.com\/es\/wp-json\/wp\/v2\/product"}],"about":[{"href":"https:\/\/nexgendecors.com\/es\/wp-json\/wp\/v2\/types\/product"}],"replies":[{"embeddable":true,"href":"https:\/\/nexgendecors.com\/es\/wp-json\/wp\/v2\/comments?post=85829"}],"version-history":[{"count":0,"href":"https:\/\/nexgendecors.com\/es\/wp-json\/wp\/v2\/product\/85829\/revisions"}],"wp:featuredmedia":[{"embeddable":true,"href":"https:\/\/nexgendecors.com\/es\/wp-json\/wp\/v2\/media\/145477"}],"wp:attachment":[{"href":"https:\/\/nexgendecors.com\/es\/wp-json\/wp\/v2\/media?parent=85829"}],"wp:term":[{"taxonomy":"product_brand","embeddable":true,"href":"https:\/\/nexgendecors.com\/es\/wp-json\/wp\/v2\/product_brand?post=85829"},{"taxonomy":"product_cat","embeddable":true,"href":"https:\/\/nexgendecors.com\/es\/wp-json\/wp\/v2\/product_cat?post=85829"},{"taxonomy":"product_tag","embeddable":true,"href":"https:\/\/nexgendecors.com\/es\/wp-json\/wp\/v2\/product_tag?post=85829"}],"curies":[{"name":"wp","href":"https:\/\/api.w.org\/{rel}","templated":true}]}}