{"id":86115,"date":"2025-01-26T03:54:29","date_gmt":"2025-01-26T03:54:29","guid":{"rendered":"https:\/\/nexgendecors.com\/product\/waroom-outdoor-chaise-lounge-chairs-for-outside-patio-furniture-set-of-2-wicker-recliner-black-rattan-double-reclining-pool-lounge-chair-adjustable-backrest-lounger-with-peacock-blue-cushion1711879"},"modified":"2025-04-06T09:47:03","modified_gmt":"2025-04-06T09:47:03","slug":"sillones-tumbona-para-exteriores-waroom-juego-de-2-reclinables-de-mimbre-ratan-negro-dobles-reclinables-con-respaldo-ajustable-y-cojin-azul-pavo-real-1711879049","status":"publish","type":"product","link":"https:\/\/nexgendecors.com\/es\/product\/sillones-tumbona-para-exteriores-waroom-juego-de-2-reclinables-de-mimbre-ratan-negro-dobles-reclinables-con-respaldo-ajustable-y-cojin-azul-pavo-real-1711879049\/","title":{"rendered":"Conjunto de sillones chaise longue de mimbre con cojines WAROOM"},"content":{"rendered":"<p><\/p>\n<p><strong>Rel\u00e1jese con estilo y comodidad con nuestras sillas de exterior<\/strong><\/p>\n<p>\ud83c\udf1f <strong>Caracter\u00edsticas y beneficios<\/strong>:<\/p>\n<ul>\n<li>\n<p><strong>Resistente y duradero<\/strong>Fabricadas con una estructura de acero resistente a la corrosi\u00f3n y rat\u00e1n sint\u00e9tico resistente a la intemperie, nuestras tumbonas de exterior est\u00e1n dise\u00f1adas para durar. Disfruta del aire libre sin preocuparte por el desgaste.<\/p>\n<\/li>\n<li>\n<p><strong>M\u00e1xima comodidad<\/strong>Los cojines de esponja de alta resiliencia de 5,8 cm de grosor ofrecen una comodidad inigualable. Las fundas transpirables est\u00e1n hechas de poli\u00e9ster de 250 g, repelente al agua, resistente a los rayos UV y f\u00e1cil de limpiar. Simplemente qu\u00edtelas y m\u00e9talas en la lavadora cuando las necesite.<\/p>\n<\/li>\n<li>\n<p><strong>Altura del respaldo ajustable<\/strong>Elige entre 5 posiciones de reclinado diferentes para encontrar tu \u00e1ngulo perfecto. Ya sea que est\u00e9s leyendo, relaj\u00e1ndote o tomando el sol, nuestro sill\u00f3n se adapta a tu comodidad.<\/p>\n<\/li>\n<li>\n<p><strong>Almacenamiento conveniente<\/strong>El lateral del sill\u00f3n cuenta con una amplia estanter\u00eda, perfecta para guardar libros, revistas, aperitivos y bebidas. Adem\u00e1s, la mesa plegable se puede colocar en cualquier lado y plegar f\u00e1cilmente cuando no se usa.<\/p>\n<\/li>\n<li>\n<p><strong>Conjunto completo<\/strong>:Este conjunto incluye 2 tumbonas, 2 cojines y 2 fundas para muebles, lo que proporciona todo lo que necesita para disfrutar de una experiencia relajante al aire libre.<\/p>\n<\/li>\n<li>\n<p><strong>Dise\u00f1o vers\u00e1til<\/strong>Con un dise\u00f1o moderno y sencillo, nuestras tumbonas complementan cualquier decoraci\u00f3n, tanto interior como exterior. Perfectas para patios, porches, balcones, jardines, terrazas, piscinas, playas, jardines y zonas verdes.<\/p>\n<\/li>\n<li>\n<p><strong>F\u00e1cil montaje<\/strong>Se incluyen todos los herrajes y herramientas necesarios para un montaje sencillo. Si tiene alg\u00fan problema durante el montaje o si alguna pieza est\u00e1 da\u00f1ada o falta, nuestro equipo de atenci\u00f3n al cliente est\u00e1 aqu\u00ed para ayudarle.<\/p>\n<\/li>\n<\/ul>","protected":false},"excerpt":{"rendered":"<p>Rel\u00e1jese con estilo y comodidad con nuestras sillas de sal\u00f3n para exteriores \ud83c\udf1f Caracter\u00edsticas y beneficios: Resistente y duradero: construido con un<\/p>","protected":false},"featured_media":145679,"comment_status":"open","ping_status":"closed","template":"","meta":[],"product_brand":[],"product_cat":[30971,30856,32],"product_tag":[],"class_list":{"0":"post-86115","1":"product","2":"type-product","3":"status-publish","4":"has-post-thumbnail","6":"product_cat-hp","7":"product_cat-outdoor-furniture","8":"product_cat-residential-furniture","10":"first","11":"instock","12":"taxable","13":"shipping-taxable","14":"purchasable","15":"product-type-variable"},"_links":{"self":[{"href":"https:\/\/nexgendecors.com\/es\/wp-json\/wp\/v2\/product\/86115","targetHints":{"allow":["GET"]}}],"collection":[{"href":"https:\/\/nexgendecors.com\/es\/wp-json\/wp\/v2\/product"}],"about":[{"href":"https:\/\/nexgendecors.com\/es\/wp-json\/wp\/v2\/types\/product"}],"replies":[{"embeddable":true,"href":"https:\/\/nexgendecors.com\/es\/wp-json\/wp\/v2\/comments?post=86115"}],"version-history":[{"count":0,"href":"https:\/\/nexgendecors.com\/es\/wp-json\/wp\/v2\/product\/86115\/revisions"}],"wp:featuredmedia":[{"embeddable":true,"href":"https:\/\/nexgendecors.com\/es\/wp-json\/wp\/v2\/media\/145679"}],"wp:attachment":[{"href":"https:\/\/nexgendecors.com\/es\/wp-json\/wp\/v2\/media?parent=86115"}],"wp:term":[{"taxonomy":"product_brand","embeddable":true,"href":"https:\/\/nexgendecors.com\/es\/wp-json\/wp\/v2\/product_brand?post=86115"},{"taxonomy":"product_cat","embeddable":true,"href":"https:\/\/nexgendecors.com\/es\/wp-json\/wp\/v2\/product_cat?post=86115"},{"taxonomy":"product_tag","embeddable":true,"href":"https:\/\/nexgendecors.com\/es\/wp-json\/wp\/v2\/product_tag?post=86115"}],"curies":[{"name":"wp","href":"https:\/\/api.w.org\/{rel}","templated":true}]}}