{"id":86639,"date":"2025-01-26T03:55:41","date_gmt":"2025-01-26T03:55:41","guid":{"rendered":"https:\/\/nexgendecors.com\/product\/net-red-solid-wood-grille-small-great-wall-board-concave-convex-wall-panel-light-luxury-tv-wall-background-wall-wood-veneer-decorative-board-free-samples-of-pure-solid-wood-grille-installation-fast"},"modified":"2025-04-15T10:59:17","modified_gmt":"2025-04-15T10:59:17","slug":"rejilla-de-madera-maciza-roja-de-red-pequena-gran-tablero-de-pared-concavo-convexo-panel-de-pared-luz-de-lujo-tv-pared-fondo-pared-chapa-de-madera-tablero-decorativo-muestras-gratis-de-rejilla-de-made","status":"publish","type":"product","link":"https:\/\/nexgendecors.com\/es\/product\/rejilla-de-madera-maciza-roja-de-red-pequena-gran-tablero-de-pared-concavo-convexo-panel-de-pared-luz-de-lujo-tv-pared-fondo-pared-chapa-de-madera-tablero-decorativo-muestras-gratis-de-rejilla-de-made\/","title":{"rendered":"Paneles de listones de madera \u2013 Juego de 6 paneles de pared 3D de 280 x 14,5 cm"},"content":{"rendered":"<div id=\"J_BrandAttr\"><\/div>\n<div class=\"kzv0b81yc_693\" data-hb-id=\"Box\">\n<div class=\"ProductOverviewInformation-description\">\n<div class=\"RomanceCopy\">\n<div class=\"RomanceCopy-text\">Los paneles de pared acanalados son una pieza hermosa y decorativa que tambi\u00e9n ofrece una excelente reducci\u00f3n de ruido. Los paneles de pared amortiguan el sonido al absorber las ondas al impactar contra el fieltro y las lamas, desapareciendo as\u00ed. Estos paneles se pueden instalar f\u00e1cilmente en paredes y techos, tanto interiores como exteriores, y son una excelente opci\u00f3n para cualquier espacio, ya sea dom\u00e9stico o comercial.<\/div>\n<div class=\"RomanceCopy-text\"><\/div>\n<\/div>\n<\/div>\n<\/div>\n<div class=\"kzv0b81yc_693\" data-hb-id=\"Box\">\n<div>\n<h4 class=\"kzv0b81bu_693 kzv0b81yc_693 _1yimfeh6_693 undefined _1yimfeh9_693\" data-hb-id=\"Heading\">Caracter\u00edsticas<\/h4>\n<ul class=\"BulletList BulletList--withPadding\">\n<li class=\"BulletList-listItem\">Tama\u00f1o personalizado, f\u00e1cil de instalar, popular en entornos residenciales y comerciales.<\/li>\n<li class=\"BulletList-listItem\">Excelente rendimiento ac\u00fastico<\/li>\n<li class=\"BulletList-listItem\">Producto de revestimiento de pared ign\u00edfugo calificado<\/li>\n<li class=\"BulletList-listItem\">Productos de revestimiento de pared resistentes al agua<\/li>\n<\/ul>\n<\/div>\n<\/div>\n<ul id=\"J_AttrUL\"><!-- \u5065\u5b57\u53f7\u76f8\u5173--><\/ul>","protected":false},"excerpt":{"rendered":"<p>Flutted wall paneling is a beautiful and decorative piece that also provides excellent noise reduction. The wall panels dampen sound<\/p>","protected":false},"featured_media":146329,"comment_status":"open","ping_status":"closed","template":"","meta":[],"product_brand":[],"product_cat":[30971,30878,30985],"product_tag":[],"class_list":{"0":"post-86639","1":"product","2":"type-product","3":"status-publish","4":"has-post-thumbnail","6":"product_cat-hp","7":"product_cat-wall-panel","8":"product_cat-wall-panels","10":"first","11":"outofstock","12":"sale","13":"taxable","14":"shipping-taxable","15":"purchasable","16":"product-type-variable"},"_links":{"self":[{"href":"https:\/\/nexgendecors.com\/es\/wp-json\/wp\/v2\/product\/86639","targetHints":{"allow":["GET"]}}],"collection":[{"href":"https:\/\/nexgendecors.com\/es\/wp-json\/wp\/v2\/product"}],"about":[{"href":"https:\/\/nexgendecors.com\/es\/wp-json\/wp\/v2\/types\/product"}],"replies":[{"embeddable":true,"href":"https:\/\/nexgendecors.com\/es\/wp-json\/wp\/v2\/comments?post=86639"}],"version-history":[{"count":0,"href":"https:\/\/nexgendecors.com\/es\/wp-json\/wp\/v2\/product\/86639\/revisions"}],"wp:featuredmedia":[{"embeddable":true,"href":"https:\/\/nexgendecors.com\/es\/wp-json\/wp\/v2\/media\/146329"}],"wp:attachment":[{"href":"https:\/\/nexgendecors.com\/es\/wp-json\/wp\/v2\/media?parent=86639"}],"wp:term":[{"taxonomy":"product_brand","embeddable":true,"href":"https:\/\/nexgendecors.com\/es\/wp-json\/wp\/v2\/product_brand?post=86639"},{"taxonomy":"product_cat","embeddable":true,"href":"https:\/\/nexgendecors.com\/es\/wp-json\/wp\/v2\/product_cat?post=86639"},{"taxonomy":"product_tag","embeddable":true,"href":"https:\/\/nexgendecors.com\/es\/wp-json\/wp\/v2\/product_tag?post=86639"}],"curies":[{"name":"wp","href":"https:\/\/api.w.org\/{rel}","templated":true}]}}