{"id":86778,"date":"2025-01-26T03:56:36","date_gmt":"2025-01-26T03:56:36","guid":{"rendered":"https:\/\/nexgendecors.com\/product\/wowoztoys-childrens-pretend-kitchen-toys-wooden-simulation-tools-cooking-girls-wooden-kitchen-utensils-3-6-years-old\/"},"modified":"2025-04-06T09:47:38","modified_gmt":"2025-04-06T09:47:38","slug":"wowoztoys-childrens-pretend-kitchen-toys-wooden-simulation-tools-cooking-girls-wooden-kitchen-utensils-3-6-years-old","status":"publish","type":"product","link":"https:\/\/nexgendecors.com\/es\/product\/wowoztoys-childrens-pretend-kitchen-toys-wooden-simulation-tools-cooking-girls-wooden-kitchen-utensils-3-6-years-old\/","title":{"rendered":"Juego de cocina de madera WowozToys para ni\u00f1os de 3 a 6 a\u00f1os"},"content":{"rendered":"<ul>\n<li>\n<strong>marca<\/strong>:wowoztoys<\/li>\n<li>\n<strong>modelo<\/strong>:wowoztoys-01<\/li>\n<li>\n<strong>Edad adecuada<\/strong>:3 years old, 4 years old, 5 years old, 6 years old<\/li>\n<li>\n<strong>Material<\/strong>:Madera<\/li>\n<li>\n<strong>Origen<\/strong>:China continental<\/li>\n<li>\n<strong>provincia<\/strong>:Provincia de Zhejiang<\/li>\n<li>\n<strong>ciudad<\/strong>: Ciudad de Lishui<\/li>\n<li>\n<strong>G\u00e9nero aplicable<\/strong>:Unisexo<\/li>\n<li>\n<strong>Tipo de juguete<\/strong>:Cocina de simulaci\u00f3n<\/li>\n<li>\n<strong>ordenar por color<\/strong>:wowoztoys kitchen + Qieqiele, large luxury multifunctional kitchen [sound and light model] + Qieqiele, simple kitchen type B + Qieqiele, nunukids beech kitchen + Qieqiele, nunukids refrigerator, nunukids beech kitchen + refrigerator + Qieqiele, Nordic gray and white kitchen + Qieqiele, Nordic gray and white kitchen [heightened model] + Qieqiele, Vienna kitchen + Qieqiele, Vienna refrigerator, Vienna kitchen + refrigerator + Qieqiele, Swedish large kitchen [sound and light model] + Qieqiele, Danish kitchen [sound and light model] + Qieqiele, Danish refrigerator, Danish oven, Danish washing machine + Qieqiele, Danish kitchen + refrigerator + Qieqiele, Danish washing machine + oven + refrigerator + Qieqiele, Danish four-piece set + Qieqiele, cuci milk coffee kitchen + Qieqiele, cuci milk coffee refrigerator, cuci milk coffee washing machine, cuci milk coffee kitchen + refrigerator + Qieqiele, cuci milk coffee kitchen + refrigerator + washing machine + Qieqiele<\/li>\n<li>\n<strong>Edad aplicable (nueva versi\u00f3n)<\/strong>:3-6 a\u00f1os<\/li>\n<li>\n<strong><\/strong>:<\/li>\n<\/ul>\n<p><img><\/p>","protected":false},"excerpt":{"rendered":"<p>Marca: wowoztoys Modelo: wowoztoys-01 Edad adecuada: 3 a\u00f1os, 4 a\u00f1os, 5 a\u00f1os, 6 a\u00f1os Material: Madera Origen: China continental Provincia: Provincia de Zhejiang<\/p>","protected":false},"featured_media":146682,"comment_status":"open","ping_status":"closed","template":"","meta":[],"product_brand":[],"product_cat":[30899,30971,30849],"product_tag":[],"class_list":{"0":"post-86778","1":"product","2":"type-product","3":"status-publish","4":"has-post-thumbnail","6":"product_cat-bs-kindergarten","7":"product_cat-hp","8":"product_cat-kindergarten-school-furniture","10":"first","11":"instock","12":"taxable","13":"shipping-taxable","14":"purchasable","15":"product-type-variable"},"_links":{"self":[{"href":"https:\/\/nexgendecors.com\/es\/wp-json\/wp\/v2\/product\/86778","targetHints":{"allow":["GET"]}}],"collection":[{"href":"https:\/\/nexgendecors.com\/es\/wp-json\/wp\/v2\/product"}],"about":[{"href":"https:\/\/nexgendecors.com\/es\/wp-json\/wp\/v2\/types\/product"}],"replies":[{"embeddable":true,"href":"https:\/\/nexgendecors.com\/es\/wp-json\/wp\/v2\/comments?post=86778"}],"version-history":[{"count":0,"href":"https:\/\/nexgendecors.com\/es\/wp-json\/wp\/v2\/product\/86778\/revisions"}],"wp:featuredmedia":[{"embeddable":true,"href":"https:\/\/nexgendecors.com\/es\/wp-json\/wp\/v2\/media\/146682"}],"wp:attachment":[{"href":"https:\/\/nexgendecors.com\/es\/wp-json\/wp\/v2\/media?parent=86778"}],"wp:term":[{"taxonomy":"product_brand","embeddable":true,"href":"https:\/\/nexgendecors.com\/es\/wp-json\/wp\/v2\/product_brand?post=86778"},{"taxonomy":"product_cat","embeddable":true,"href":"https:\/\/nexgendecors.com\/es\/wp-json\/wp\/v2\/product_cat?post=86778"},{"taxonomy":"product_tag","embeddable":true,"href":"https:\/\/nexgendecors.com\/es\/wp-json\/wp\/v2\/product_tag?post=86778"}],"curies":[{"name":"wp","href":"https:\/\/api.w.org\/{rel}","templated":true}]}}