{"id":87452,"date":"2025-01-26T03:57:32","date_gmt":"2025-01-26T03:57:32","guid":{"rendered":"https:\/\/nexgendecors.com\/product\/yichaojiang-high-end-villa-leather-sofa-hotel-business-lobby-reception-sofa-large-flat-luxury-bentley-sofa\/"},"modified":"2025-04-06T09:47:48","modified_gmt":"2025-04-06T09:47:48","slug":"yichaojiang-high-end-villa-leather-sofa-hotel-business-lobby-reception-sofa-large-flat-luxury-bentley-sofa","status":"publish","type":"product","link":"https:\/\/nexgendecors.com\/es\/product\/yichaojiang-high-end-villa-leather-sofa-hotel-business-lobby-reception-sofa-large-flat-luxury-bentley-sofa\/","title":{"rendered":"Sof\u00e1 de piel de lujo Bentley para la recepci\u00f3n de un hotel"},"content":{"rendered":"<ul>\n<li>\n<strong>marca<\/strong>:Artesano de tendencias art\u00edsticas<\/li>\n<li>\n<strong>modelo<\/strong>:992<\/li>\n<li>\n<strong>Material<\/strong>:Madera<\/li>\n<li>\n<strong>Material de madera<\/strong>:Pino<\/li>\n<li>\n<strong>patr\u00f3n<\/strong>:Otro<\/li>\n<li>\n<strong>estilo<\/strong>:Estilo de lujo ligero<\/li>\n<li>\n<strong>N\u00famero de personas aplicable<\/strong>:combinaci\u00f3n<\/li>\n<li>\n<strong>ordenar por color<\/strong>:[Combination Package 2] Single + Double + Triple + Coffee Table + TV Cabinet + 2 Side Tables [Combination Package 5] Single + Single + Triple + Coffee Table + TV Cabinet [Arnami Casa, Italy] Single + Double + Triple [Arnami Casa, Italy] Single + Single + Triple [Arnami Casa, Italy] Single + Double + Four [Combination Package 4] Single + Double + Four + Coffee Table + TV Cabinet + 2 Side Tables [Arnami Casa, Italy] Four Seats [Combination Package 1] Single + Double + Triple + Coffee Table + TV Cabinet [Combination Package 3] Single + Double + Four + Coffee Table + TV Cabinet [Arnami Casa, Italy] Three Seats [Arnami Casa, Italy] Single + Single + Four Seats [Arnami Casa, Italy] Single Seat [Arnami Casa, Italy] Double Seat<\/li>\n<li>\n<strong>Relleno<\/strong>:esponja<\/li>\n<li>\n<strong>Tecnolog\u00eda estructural<\/strong>:Artesan\u00eda en madera<\/li>\n<li>\n<strong>Tecnolog\u00eda de estructura de madera<\/strong>:otro<\/li>\n<li>\n<strong>\u00bfEs personalizable?<\/strong>:No<\/li>\n<li>\n<strong>Combinaci\u00f3n de sof\u00e1s<\/strong>:Forma de U<\/li>\n<li>\n<strong>Caracter\u00edsticas adicionales<\/strong>:Otro<\/li>\n<li>\n<strong>Adecuado<\/strong>:Adultos<\/li>\n<li>\n<strong>\u00bfHay espacio de almacenamiento?<\/strong>:No<\/li>\n<li>\n<strong>Material de cuero<\/strong>:Capa superior de piel de vaca<\/li>\n<li>\n<strong>Armar<\/strong>:No<\/li>\n<li>\n<strong>volumen del paquete<\/strong>:2<\/li>\n<li>\n<strong>\u00bfEst\u00e1 disponible la preventa?<\/strong>:S\u00ed<\/li>\n<li>\n<strong>\u00bfHay taxi disponible para transporte?<\/strong>:No<\/li>\n<li>\n<strong>Dureza del relleno<\/strong>:suave<\/li>\n<li>\n<strong>Posicionamiento de estilo<\/strong>:Lujo de calidad<\/li>\n<li>\n<strong>Gama de acabados de cuero<\/strong>:Superficie de contacto<\/li>\n<\/ul>\n<p><img><\/p>","protected":false},"excerpt":{"rendered":"<p>Marca:Art Trend Craftsman Modelo:992 Material:Madera Material de madera:Pino Patr\u00f3n:Otro Estilo:Estilo ligero de lujo N\u00famero de personas aplicable:Combinaci\u00f3n Ordenar por color:[Paquete combinado 2]<\/p>","protected":false},"featured_media":146903,"comment_status":"open","ping_status":"closed","template":"","meta":[],"product_brand":[],"product_cat":[30898,30862,30971,30850],"product_tag":[],"class_list":{"0":"post-87452","1":"product","2":"type-product","3":"status-publish","4":"has-post-thumbnail","6":"product_cat-bs-hotel","7":"product_cat-wholesales-hotels","8":"product_cat-hp","9":"product_cat-wholesale-furniture","11":"first","12":"instock","13":"taxable","14":"shipping-taxable","15":"purchasable","16":"product-type-variable"},"_links":{"self":[{"href":"https:\/\/nexgendecors.com\/es\/wp-json\/wp\/v2\/product\/87452","targetHints":{"allow":["GET"]}}],"collection":[{"href":"https:\/\/nexgendecors.com\/es\/wp-json\/wp\/v2\/product"}],"about":[{"href":"https:\/\/nexgendecors.com\/es\/wp-json\/wp\/v2\/types\/product"}],"replies":[{"embeddable":true,"href":"https:\/\/nexgendecors.com\/es\/wp-json\/wp\/v2\/comments?post=87452"}],"version-history":[{"count":0,"href":"https:\/\/nexgendecors.com\/es\/wp-json\/wp\/v2\/product\/87452\/revisions"}],"wp:featuredmedia":[{"embeddable":true,"href":"https:\/\/nexgendecors.com\/es\/wp-json\/wp\/v2\/media\/146903"}],"wp:attachment":[{"href":"https:\/\/nexgendecors.com\/es\/wp-json\/wp\/v2\/media?parent=87452"}],"wp:term":[{"taxonomy":"product_brand","embeddable":true,"href":"https:\/\/nexgendecors.com\/es\/wp-json\/wp\/v2\/product_brand?post=87452"},{"taxonomy":"product_cat","embeddable":true,"href":"https:\/\/nexgendecors.com\/es\/wp-json\/wp\/v2\/product_cat?post=87452"},{"taxonomy":"product_tag","embeddable":true,"href":"https:\/\/nexgendecors.com\/es\/wp-json\/wp\/v2\/product_tag?post=87452"}],"curies":[{"name":"wp","href":"https:\/\/api.w.org\/{rel}","templated":true}]}}