{"id":87642,"date":"2025-01-26T03:58:06","date_gmt":"2025-01-26T03:58:06","guid":{"rendered":"https:\/\/nexgendecors.com\/product\/zen-tea-room-chandelier-chinese-restaurant-long-dining-table-study-japanese-imitation-wood-homestay-creative-personality-lamp\/"},"modified":"2025-04-06T09:48:04","modified_gmt":"2025-04-06T09:48:04","slug":"zen-tea-room-chandelier-chinese-restaurant-long-dining-table-study-japanese-imitation-wood-homestay-creative-personality-lamp","status":"publish","type":"product","link":"https:\/\/nexgendecors.com\/es\/product\/zen-tea-room-chandelier-chinese-restaurant-long-dining-table-study-japanese-imitation-wood-homestay-creative-personality-lamp\/","title":{"rendered":"Zen Tea Wood Truck Chandelier &#8211; Rustic Elegance"},"content":{"rendered":"<div class=\"flex max-w-full flex-col flex-grow\">\n<div data-message-author-role=\"assistant\" data-message-id=\"897b6f91-3859-468c-9de0-a3e0ca416cc6\" dir=\"auto\" class=\"min-h-[20px] text-message flex w-full flex-col items-end gap-2 whitespace-pre-wrap break-words [.text-message+&#038;]:mt-5 overflow-x-auto\">\n<div class=\"flex w-full flex-col gap-1 empty:hidden first:pt-[3px]\">\n<div class=\"markdown prose w-full break-words dark:prose-invert light\">\n<p><strong>Zen Tea Room Chandelier: A Fusion of Tradition and Modern Creativity<\/strong><\/p>\n<p>Elevate your Zen tea room, Chinese restaurant, or Japanese-inspired homestay with the Zen Tea Room Chandelier. This chandelier, designed to hang elegantly above long dining tables or in study areas, blends traditional aesthetics with modern creativity, offering a serene yet striking lighting solution.<\/p>\n<p><strong>Authentic Imitation Wood Design:<\/strong><\/p>\n<ul>\n<li>Crafted with a keen eye for detail, the chandelier\u2019s imitation wood finish captures the essence of natural beauty. It brings a sense of warmth and tranquility to any space, making it the perfect choice for settings that prioritize calm and relaxation.<\/li>\n<\/ul>\n<p><strong>Colocaci\u00f3n vers\u00e1til:<\/strong><\/p>\n<ul>\n<li>Ideal for hanging above long dining tables in restaurants or tea rooms, this chandelier also shines in study areas or homestays. Its versatile design complements a range of interiors, from traditional Zen spaces to contemporary setups seeking a touch of nature-inspired elegance.<\/li>\n<\/ul>\n<p><strong>Personalidad creativa:<\/strong><\/p>\n<ul>\n<li>The chandelier\u2019s unique design adds personality and character to any room. It\u2019s not just a light fixture but a statement piece that draws the eye and sparks conversation, making it perfect for spaces that value individuality and creativity.<\/li>\n<\/ul>\n<p><strong>Warm and Inviting Ambiance:<\/strong><\/p>\n<ul>\n<li>The soft, diffused light from the chandelier creates an inviting atmosphere, perfect for intimate dinners, quiet study sessions, or peaceful moments in a Zen tea room. It enhances the mood, making any space feel more welcoming and serene.<\/li>\n<\/ul>\n<p><strong>Durable and Stylish:<\/strong><\/p>\n<ul>\n<li>Built with high-quality materials, this chandelier is designed to last while maintaining its stylish appearance. It\u2019s a perfect blend of form and function, ensuring that your space is both beautiful and practical.<\/li>\n<\/ul>\n<p>Transform your space with the Zen Tea Room Chandelier, where tradition meets modern design, creating a serene, stylish, and inviting environment.<\/p>\n<\/div>\n<\/div>\n<\/div>\n<\/div>\n<p>\u00a0<\/p>\n<ul>\n<li>\n<strong>modelo<\/strong>:10009<\/li>\n<li>\n<strong>estilo<\/strong>:estilo japon\u00e9s<\/li>\n<li>\n<strong>Origen<\/strong>:China continental<\/li>\n<li>\n<strong>\u00bfLa l\u00e1mpara tiene una fuente de luz?<\/strong>:S\u00ed<\/li>\n<li>\n<strong>Voltaje<\/strong>:111 V ~ 240 V (inclusive)<\/li>\n<li>\n<strong>Material principal del cuerpo de la l\u00e1mpara.<\/strong>:Resina<\/li>\n<li>\n<strong>Material principal de la pantalla de la l\u00e1mpara<\/strong>:otro<\/li>\n<li>\n<strong>Tecnolog\u00eda<\/strong>:Otro<\/li>\n<li>\n<strong>\u00c1rea de irradiaci\u00f3n<\/strong>:10\u33a1-15\u33a1,5\u33a1-10\u33a1<\/li>\n<li>\n<strong>Tipo de control<\/strong>:Control no inteligente<\/li>\n<li>\n<strong>Material auxiliar del cuerpo de la l\u00e1mpara<\/strong>:Resina<\/li>\n<li>\n<strong>Tipo inteligente<\/strong>:No hay soporte para smart<\/li>\n<li>\n<strong>Ya sea control inteligente<\/strong>:No<\/li>\n<li>\n<strong>Forma de la l\u00e1mpara<\/strong>:L\u00e1mpara de ara\u00f1a de l\u00ednea de pescado<\/li>\n<li>\n<strong>N\u00famero de cabezales de l\u00e1mpara<\/strong>:1<\/li>\n<li>\n<strong>Tipo de l\u00e1mpara de ara\u00f1a<\/strong>:L\u00e1mpara de ara\u00f1a de resina<\/li>\n<li>\n<strong>N\u00famero de certificado 3C<\/strong>:2020181001018046<\/li>\n<li>\n<strong><\/strong>:<\/li>\n<\/ul>","protected":false},"excerpt":{"rendered":"<p>Zen Tea Room Chandelier: A Fusion of Tradition and Modern Creativity Elevate your Zen tea room, Chinese restaurant, or Japanese-inspired<\/p>","protected":false},"featured_media":147119,"comment_status":"open","ping_status":"closed","template":"","meta":[],"product_brand":[],"product_cat":[30971,30864],"product_tag":[],"class_list":{"0":"post-87642","1":"product","2":"type-product","3":"status-publish","4":"has-post-thumbnail","6":"product_cat-hp","7":"product_cat-new-wholesales-lights","9":"first","10":"instock","11":"taxable","12":"shipping-taxable","13":"purchasable","14":"product-type-variable"},"_links":{"self":[{"href":"https:\/\/nexgendecors.com\/es\/wp-json\/wp\/v2\/product\/87642","targetHints":{"allow":["GET"]}}],"collection":[{"href":"https:\/\/nexgendecors.com\/es\/wp-json\/wp\/v2\/product"}],"about":[{"href":"https:\/\/nexgendecors.com\/es\/wp-json\/wp\/v2\/types\/product"}],"replies":[{"embeddable":true,"href":"https:\/\/nexgendecors.com\/es\/wp-json\/wp\/v2\/comments?post=87642"}],"version-history":[{"count":0,"href":"https:\/\/nexgendecors.com\/es\/wp-json\/wp\/v2\/product\/87642\/revisions"}],"wp:featuredmedia":[{"embeddable":true,"href":"https:\/\/nexgendecors.com\/es\/wp-json\/wp\/v2\/media\/147119"}],"wp:attachment":[{"href":"https:\/\/nexgendecors.com\/es\/wp-json\/wp\/v2\/media?parent=87642"}],"wp:term":[{"taxonomy":"product_brand","embeddable":true,"href":"https:\/\/nexgendecors.com\/es\/wp-json\/wp\/v2\/product_brand?post=87642"},{"taxonomy":"product_cat","embeddable":true,"href":"https:\/\/nexgendecors.com\/es\/wp-json\/wp\/v2\/product_cat?post=87642"},{"taxonomy":"product_tag","embeddable":true,"href":"https:\/\/nexgendecors.com\/es\/wp-json\/wp\/v2\/product_tag?post=87642"}],"curies":[{"name":"wp","href":"https:\/\/api.w.org\/{rel}","templated":true}]}}