{"id":87978,"date":"2025-01-26T03:58:48","date_gmt":"2025-01-26T03:58:48","guid":{"rendered":"https:\/\/nexgendecors.com\/product\/nordic-big-hanging-spike-woven-blanket\/"},"modified":"2025-04-06T09:48:07","modified_gmt":"2025-04-06T09:48:07","slug":"nordic-big-hanging-spike-woven-blanket","status":"publish","type":"product","link":"https:\/\/nexgendecors.com\/es\/product\/nordic-big-hanging-spike-woven-blanket\/","title":{"rendered":"Manta de punto grueso: acogedor edred\u00f3n de crochet"},"content":{"rendered":"<p><meta charset=\"utf-8\"><\/p>\n<p><strong>Descripci\u00f3n<\/strong><\/p>\n<p>This throw blanket is made of 100% premium, skin-friendly acrylic. Available in differents sizes.<\/p>\n<p>Year-long use &#8211; The blanket\u2019s unique pattern aids with air circulation and is ideal for all seasons.<\/p>\n<p>Soft &#8211; The knitted blanket is breathable, soft, and cozy. Perfect to curl up with on<br \/>the couch or bed to keep warm. You can use it in place of a wool blanket. Idealfor people who want to avoid wool allergies. Skin-friendly, wear-resistant.<\/p>\n<p>A great gift &#8211; This versatile throw blanket is fashionable and elegant. Great for gifting on birthdays and other festivities. Adds charm to any room. It is lightweight enough for indoor use but also for outdoor use on picnics, camping trips, and other travel.<\/p>\n<p>Easy to wash &#8211; Can be machine washed. Use non-chlorine bleach if needed and tumble dry.<\/p>","protected":false},"excerpt":{"rendered":"<p>Descripci\u00f3n: Esta manta est\u00e1 hecha de acr\u00edlico 100% premium, hipoalerg\u00e9nico. Disponible en diferentes tama\u00f1os. Duradera durante todo el a\u00f1o.<\/p>","protected":false},"featured_media":147433,"comment_status":"open","ping_status":"closed","template":"","meta":[],"product_brand":[],"product_cat":[30816,30828,30971],"product_tag":[12259,12260],"class_list":{"0":"post-87978","1":"product","2":"type-product","3":"status-publish","4":"has-post-thumbnail","6":"product_cat-blankets","7":"product_cat-furnishing","8":"product_cat-hp","9":"product_tag-_wf_cus","10":"product_tag-_wf_exc","12":"first","13":"instock","14":"sale","15":"taxable","16":"shipping-taxable","17":"purchasable","18":"product-type-variable"},"_links":{"self":[{"href":"https:\/\/nexgendecors.com\/es\/wp-json\/wp\/v2\/product\/87978","targetHints":{"allow":["GET"]}}],"collection":[{"href":"https:\/\/nexgendecors.com\/es\/wp-json\/wp\/v2\/product"}],"about":[{"href":"https:\/\/nexgendecors.com\/es\/wp-json\/wp\/v2\/types\/product"}],"replies":[{"embeddable":true,"href":"https:\/\/nexgendecors.com\/es\/wp-json\/wp\/v2\/comments?post=87978"}],"version-history":[{"count":0,"href":"https:\/\/nexgendecors.com\/es\/wp-json\/wp\/v2\/product\/87978\/revisions"}],"wp:featuredmedia":[{"embeddable":true,"href":"https:\/\/nexgendecors.com\/es\/wp-json\/wp\/v2\/media\/147433"}],"wp:attachment":[{"href":"https:\/\/nexgendecors.com\/es\/wp-json\/wp\/v2\/media?parent=87978"}],"wp:term":[{"taxonomy":"product_brand","embeddable":true,"href":"https:\/\/nexgendecors.com\/es\/wp-json\/wp\/v2\/product_brand?post=87978"},{"taxonomy":"product_cat","embeddable":true,"href":"https:\/\/nexgendecors.com\/es\/wp-json\/wp\/v2\/product_cat?post=87978"},{"taxonomy":"product_tag","embeddable":true,"href":"https:\/\/nexgendecors.com\/es\/wp-json\/wp\/v2\/product_tag?post=87978"}],"curies":[{"name":"wp","href":"https:\/\/api.w.org\/{rel}","templated":true}]}}