{"id":88050,"date":"2025-01-26T03:58:56","date_gmt":"2025-01-26T03:58:56","guid":{"rendered":"https:\/\/nexgendecors.com\/product\/nordic-knitted-office-nap-sofa-blanket\/"},"modified":"2025-04-06T09:48:20","modified_gmt":"2025-04-06T09:48:20","slug":"nordic-knitted-office-nap-sofa-blanket","status":"publish","type":"product","link":"https:\/\/nexgendecors.com\/es\/product\/nordic-knitted-office-nap-sofa-blanket\/","title":{"rendered":"Manta n\u00f3rdica de punto para siestas en la oficina"},"content":{"rendered":"<p><strong>Descripci\u00f3n<\/strong><\/p>\n<p>The comfortable life experience from northern Europe is the life of returning to nature and simplicity. The aesthetic designer makes the life comfortable, safe and simple and walks into the beloved life.<\/p>\n<p><span>Using high quality cotton, environmental dye dyeing, safe no odor, soft touch, comfortable skin.<\/span><\/p>\n<p><span>Classic color fringe design, comfortable and lovely, simple fashion, used in a variety of occasions.<\/span><br \/><span>\u00a0<\/span><br \/><span>Presupuesto:<\/span><\/p>\n<ul>\n<li>Material: luxury cotton,Acrylic<\/li>\n<li>Size: 130*170 cm \/ 110*240 cm \/ 110*150 cm<\/li>\n<\/ul>\n<p><span>\u00a0<\/span><br \/><span>Package included:<\/span><\/p>\n<ul>\n<li>1 x throw blanket<\/li>\n<\/ul>","protected":false},"excerpt":{"rendered":"<p>Descripci\u00f3n La c\u00f3moda experiencia de vida del norte de Europa es la vida de volver a la naturaleza y la simplicidad. El dise\u00f1ador est\u00e9tico...<\/p>","protected":false},"featured_media":147482,"comment_status":"open","ping_status":"closed","template":"","meta":[],"product_brand":[],"product_cat":[30816,30828,30971],"product_tag":[12259,12260],"class_list":{"0":"post-88050","1":"product","2":"type-product","3":"status-publish","4":"has-post-thumbnail","6":"product_cat-blankets","7":"product_cat-furnishing","8":"product_cat-hp","9":"product_tag-_wf_cus","10":"product_tag-_wf_exc","12":"first","13":"instock","14":"sale","15":"taxable","16":"shipping-taxable","17":"purchasable","18":"product-type-variable"},"_links":{"self":[{"href":"https:\/\/nexgendecors.com\/es\/wp-json\/wp\/v2\/product\/88050","targetHints":{"allow":["GET"]}}],"collection":[{"href":"https:\/\/nexgendecors.com\/es\/wp-json\/wp\/v2\/product"}],"about":[{"href":"https:\/\/nexgendecors.com\/es\/wp-json\/wp\/v2\/types\/product"}],"replies":[{"embeddable":true,"href":"https:\/\/nexgendecors.com\/es\/wp-json\/wp\/v2\/comments?post=88050"}],"version-history":[{"count":0,"href":"https:\/\/nexgendecors.com\/es\/wp-json\/wp\/v2\/product\/88050\/revisions"}],"wp:featuredmedia":[{"embeddable":true,"href":"https:\/\/nexgendecors.com\/es\/wp-json\/wp\/v2\/media\/147482"}],"wp:attachment":[{"href":"https:\/\/nexgendecors.com\/es\/wp-json\/wp\/v2\/media?parent=88050"}],"wp:term":[{"taxonomy":"product_brand","embeddable":true,"href":"https:\/\/nexgendecors.com\/es\/wp-json\/wp\/v2\/product_brand?post=88050"},{"taxonomy":"product_cat","embeddable":true,"href":"https:\/\/nexgendecors.com\/es\/wp-json\/wp\/v2\/product_cat?post=88050"},{"taxonomy":"product_tag","embeddable":true,"href":"https:\/\/nexgendecors.com\/es\/wp-json\/wp\/v2\/product_tag?post=88050"}],"curies":[{"name":"wp","href":"https:\/\/api.w.org\/{rel}","templated":true}]}}