{"id":165391,"date":"2024-12-27T08:49:08","date_gmt":"2024-12-27T08:49:08","guid":{"rendered":"https:\/\/bejustsimple.com\/careers\/"},"modified":"2025-02-20T06:39:19","modified_gmt":"2025-02-20T06:39:19","slug":"carrieres","status":"publish","type":"page","link":"https:\/\/nexgendecors.com\/fr\/carrieres\/","title":{"rendered":"CARRI\u00c8RES"},"content":{"rendered":"<header class=\"PageHeader\">\n<div class=\"SectionHeader SectionHeader--center\">\n<h1 class=\"SectionHeader__Heading Heading u-h1\" style=\"text-align: center;\"><\/h1>\n<\/div>\n<\/header>\n<div class=\"PageContent PageContent--narrow Rte\">\n<p style=\"text-align: center;\">Nous sommes toujours \u00e0 la recherche de candidatures de personnes talentueuses, quel que soit leur niveau d&#039;exp\u00e9rience professionnelle. Pour conna\u00eetre les postes vacants, veuillez contacter notre responsable \u00e0 l&#039;adresse sales@nexgendecors.com.<\/p>\n<p style=\"text-align: center;\">\u00c9quipe NexGenDecor<\/p>\n<div>&lt; src=\u201dhttps:\/\/cdn.shopify.com\/s\/files\/1\/0053\/7172\/3864\/files\/A7A7719.jpg?v=1595353528\u2033 alt=\u201d\u201d width=\u201d410\u2033 height=\u201d615\u2033 style=\u201ddisplay: block; margin-left: auto; margin-right: auto;\u201d&gt;<\/div>\n<\/div>","protected":false},"excerpt":{"rendered":"<p>We are always interested in receiving applications from talented individuals at all levels of professional experience. Please contact our manager<\/p>","protected":false},"author":1,"featured_media":0,"parent":0,"menu_order":0,"comment_status":"closed","ping_status":"closed","template":"","meta":{"footnotes":""},"class_list":["post-165391","page","type-page","status-publish","hentry"],"_links":{"self":[{"href":"https:\/\/nexgendecors.com\/fr\/wp-json\/wp\/v2\/pages\/165391","targetHints":{"allow":["GET"]}}],"collection":[{"href":"https:\/\/nexgendecors.com\/fr\/wp-json\/wp\/v2\/pages"}],"about":[{"href":"https:\/\/nexgendecors.com\/fr\/wp-json\/wp\/v2\/types\/page"}],"author":[{"embeddable":true,"href":"https:\/\/nexgendecors.com\/fr\/wp-json\/wp\/v2\/users\/1"}],"replies":[{"embeddable":true,"href":"https:\/\/nexgendecors.com\/fr\/wp-json\/wp\/v2\/comments?post=165391"}],"version-history":[{"count":0,"href":"https:\/\/nexgendecors.com\/fr\/wp-json\/wp\/v2\/pages\/165391\/revisions"}],"wp:attachment":[{"href":"https:\/\/nexgendecors.com\/fr\/wp-json\/wp\/v2\/media?parent=165391"}],"curies":[{"name":"wp","href":"https:\/\/api.w.org\/{rel}","templated":true}]}}