{"id":165395,"date":"2024-12-27T08:49:08","date_gmt":"2024-12-27T08:49:08","guid":{"rendered":"https:\/\/bejustsimple.com\/delivery-policy\/"},"modified":"2025-02-20T04:34:50","modified_gmt":"2025-02-20T04:34:50","slug":"politique-de-livraison","status":"publish","type":"page","link":"https:\/\/nexgendecors.com\/fr\/politique-de-livraison\/","title":{"rendered":"POLITIQUE DE LIVRAISON"},"content":{"rendered":"<h1 style=\"text-align: center;\">\u00a0<\/h1>\n<p data-start=\"142\" data-end=\"349\">NexGenDecor se r\u00e9jouit de g\u00e9rer la livraison et l&#039;exp\u00e9dition de vos mat\u00e9riaux de construction, de notre usine au port de chargement, pendant le transport maritime et \u00e0 l&#039;arriv\u00e9e au port de destination.<\/p>\n<p data-start=\"351\" data-end=\"394\">Gr\u00e2ce \u00e0 notre expertise logistique, nous proposons :<\/p>\n<ul data-start=\"395\" data-end=\"499\">\n<li data-start=\"395\" data-end=\"428\">Tarifs de fret maritime comp\u00e9titifs<\/li>\n<li data-start=\"429\" data-end=\"457\">D\u00e9douanement dans les d\u00e9lais<\/li>\n<li data-start=\"458\" data-end=\"499\">Services de suivi et d&#039;assurance des marchandises<\/li>\n<\/ul>\n<p data-start=\"501\" data-end=\"566\">Cela garantit que vos mat\u00e9riaux de construction arrivent en toute s\u00e9curit\u00e9 et \u00e0 temps.<\/p>\n<p data-start=\"568\" data-end=\"587\">Il vous suffit de :<\/p>\n<ol data-start=\"588\" data-end=\"730\">\n<li data-start=\"588\" data-end=\"655\">Indiquez l\u2019adresse de votre port de destination et vos coordonn\u00e9es.<\/li>\n<li data-start=\"656\" data-end=\"730\">Confirmer l&#039;heure d&#039;arriv\u00e9e des mat\u00e9riaux au port de destination.<\/li>\n<\/ol>\n<p data-start=\"732\" data-end=\"762\">Nous nous occupons du reste.<\/p>\n<h3 data-start=\"769\" data-end=\"794\"><strong data-start=\"773\" data-end=\"792\">POLITIQUE D&#039;EXP\u00c9DITION<\/strong><\/h3>\n<p data-start=\"796\" data-end=\"1136\">En raison de l&#039;\u00e9volution constante de la situation mondiale, votre commande peut \u00eatre retard\u00e9e en raison d&#039;un manque de personnel, de restrictions aux fronti\u00e8res ou d&#039;absences de livraison. Nous ferons tout notre possible pour vous livrer votre commande dans les meilleurs d\u00e9lais. Pour toute question, veuillez nous contacter. <strong data-start=\"1067\" data-end=\"1092\"><a rel=\"noopener\" data-start=\"1069\" data-end=\"1090\">ventes@nexgendecors.com<\/a><\/strong>Merci pour votre patience et votre soutien.<\/p>\n<h3 data-start=\"1143\" data-end=\"1166\"><strong data-start=\"1147\" data-end=\"1164\">O\u00d9 NOUS EXP\u00c9DIONS<\/strong><\/h3>\n<ul data-start=\"1168\" data-end=\"1455\">\n<li data-start=\"1168\" data-end=\"1264\"><strong data-start=\"1170\" data-end=\"1189\">\u00c9chantillons par voie a\u00e9rienne :<\/strong> Exp\u00e9di\u00e9 dans le monde entier (livraison express en 5 \u00e0 8 jours, selon le pays).<\/li>\n<li data-start=\"1265\" data-end=\"1393\"><strong data-start=\"1267\" data-end=\"1290\">Commandes en gros par voie maritime :<\/strong> Exp\u00e9di\u00e9 dans tous les pays (le d\u00e9lai de livraison varie d&#039;un \u00e0 deux mois selon la destination).<\/li>\n<li data-start=\"1394\" data-end=\"1455\">Notre responsabilit\u00e9 est d&#039;exp\u00e9dier uniquement jusqu&#039;au port de destination.<\/li>\n<\/ul>\n<h3 data-start=\"1462\" data-end=\"1507\"><strong data-start=\"1466\" data-end=\"1505\">D\u00c9LAIS D&#039;EXP\u00c9DITION ET DE LIVRAISON ESTIM\u00c9S<\/strong><\/h3>\n<ul data-start=\"1509\" data-end=\"1683\">\n<li data-start=\"1509\" data-end=\"1554\"><strong data-start=\"1511\" data-end=\"1531\">D\u00e9lai de traitement :<\/strong> 2 \u00e0 5 jours ouvrables.<\/li>\n<li data-start=\"1555\" data-end=\"1615\"><strong data-start=\"1557\" data-end=\"1584\">Exp\u00e9dition a\u00e9rienne (\u00e9chantillons) :<\/strong> 5-8 jours (livraison express).<\/li>\n<li data-start=\"1616\" data-end=\"1683\"><strong data-start=\"1618\" data-end=\"1649\">Exp\u00e9dition maritime (commandes en gros) :<\/strong> 1 \u00e0 2 mois (varie selon les pays).<\/li>\n<\/ul>\n<p data-start=\"1685\" data-end=\"1768\">Nous ferons toujours de notre mieux pour que votre commande soit livr\u00e9e dans les plus brefs d\u00e9lais.<\/p>\n<h3 data-start=\"1775\" data-end=\"1813\"><strong data-start=\"1779\" data-end=\"1811\">ACC\u00c8S ET PLAGES HORAIRES DE LIVRAISON<\/strong><\/h3>\n<ul data-start=\"1815\" data-end=\"1987\">\n<li data-start=\"1815\" data-end=\"1873\">Un cr\u00e9neau horaire de livraison sera communiqu\u00e9 avant l&#039;exp\u00e9dition.<\/li>\n<li data-start=\"1874\" data-end=\"1987\">Les livraisons standard ont lieu du lundi au vendredi, entre 9h et 17h (les livraisons le week-end et les jours f\u00e9ri\u00e9s ne sont pas disponibles).<\/li>\n<\/ul>\n<p data-start=\"1989\" data-end=\"2022\">Avant la livraison, veuillez vous assurer que :<\/p>\n<ul data-start=\"2023\" data-end=\"2213\">\n<li data-start=\"2023\" data-end=\"2075\">Acc\u00e8s et espace suffisants pour les envois volumineux.<\/li>\n<li data-start=\"2076\" data-end=\"2130\">Les escaliers et les ascenseurs sont adapt\u00e9s aux marchandises lourdes.<\/li>\n<li data-start=\"2131\" data-end=\"2213\">Les objets fragiles tels que les lumi\u00e8res, les vases et les tableaux sont d\u00e9plac\u00e9s pour \u00e9viter tout dommage.<\/li>\n<\/ul>\n<p data-start=\"2215\" data-end=\"2308\">Il est de votre responsabilit\u00e9 de confirmer que tous les articles conviennent \u00e0 votre propri\u00e9t\u00e9 avant de commander.<\/p>\n<h3 data-start=\"2315\" data-end=\"2348\"><strong data-start=\"2319\" data-end=\"2346\">MONTAGE ET INSTALLATION<\/strong><\/h3>\n<p data-start=\"2350\" data-end=\"2466\">Nous ne proposons actuellement ni installation, ni d\u00e9ballage, ni montage. La livraison standard s&#039;effectue uniquement au port ou \u00e0 domicile.<\/p>\n<h3 data-start=\"2473\" data-end=\"2496\"><strong data-start=\"2477\" data-end=\"2494\">NOTRE RESPONSABILIT\u00c9<\/strong><\/h3>\n<p data-start=\"2498\" data-end=\"2681\">En cas de circonstances impr\u00e9vues telles qu&#039;une panne de transport, des retards de circulation, des conditions m\u00e9t\u00e9orologiques extr\u00eames ou des probl\u00e8mes de douane, nous vous contacterons pour convenir d&#039;un autre d\u00e9lai de livraison.<\/p>\n<p data-start=\"2683\" data-end=\"2712\">Nous ne sommes pas responsables de :<\/p>\n<ul data-start=\"2713\" data-end=\"2968\">\n<li data-start=\"2713\" data-end=\"2826\">Toute perte, y compris de revenus, de b\u00e9n\u00e9fices, d\u2019opportunit\u00e9s commerciales ou de r\u00e9putation due \u00e0 des retards de livraison.<\/li>\n<li data-start=\"2827\" data-end=\"2885\">D\u00e9fauts caus\u00e9s par une mauvaise manipulation de votre part ou de la part de tiers.<\/li>\n<li data-start=\"2886\" data-end=\"2968\">Indemnisation au-del\u00e0 d&#039;un remboursement du prix du produit (hors frais de livraison).<\/li>\n<\/ul>\n<p data-start=\"2970\" data-end=\"3035\" data-is-last-node=\"\">Pour obtenir de l&#039;aide, veuillez contacter <strong data-start=\"3009\" data-end=\"3034\"><a rel=\"noopener\" data-start=\"3011\" data-end=\"3032\">ventes@nexgendecors.com<\/a><\/strong>.<\/p>\n\n\n<p><\/p>","protected":false},"excerpt":{"rendered":"<p>\u00a0 NexGenDecor looks forward to handling the delivery and shipment of your building materials\u2014from our factory to the port of<\/p>","protected":false},"author":1,"featured_media":0,"parent":0,"menu_order":0,"comment_status":"closed","ping_status":"closed","template":"","meta":{"footnotes":""},"class_list":["post-165395","page","type-page","status-publish","hentry"],"_links":{"self":[{"href":"https:\/\/nexgendecors.com\/fr\/wp-json\/wp\/v2\/pages\/165395","targetHints":{"allow":["GET"]}}],"collection":[{"href":"https:\/\/nexgendecors.com\/fr\/wp-json\/wp\/v2\/pages"}],"about":[{"href":"https:\/\/nexgendecors.com\/fr\/wp-json\/wp\/v2\/types\/page"}],"author":[{"embeddable":true,"href":"https:\/\/nexgendecors.com\/fr\/wp-json\/wp\/v2\/users\/1"}],"replies":[{"embeddable":true,"href":"https:\/\/nexgendecors.com\/fr\/wp-json\/wp\/v2\/comments?post=165395"}],"version-history":[{"count":0,"href":"https:\/\/nexgendecors.com\/fr\/wp-json\/wp\/v2\/pages\/165395\/revisions"}],"wp:attachment":[{"href":"https:\/\/nexgendecors.com\/fr\/wp-json\/wp\/v2\/media?parent=165395"}],"curies":[{"name":"wp","href":"https:\/\/api.w.org\/{rel}","templated":true}]}}