{"id":32951,"date":"2024-12-27T08:49:10","date_gmt":"2024-12-27T08:49:10","guid":{"rendered":"https:\/\/bejustsimple.com\/privacy-policy-2\/"},"modified":"2024-12-27T08:49:10","modified_gmt":"2024-12-27T08:49:10","slug":"politique-de-confidentialite-2-2","status":"publish","type":"page","link":"https:\/\/nexgendecors.com\/fr\/politique-de-confidentialite-2-2\/","title":{"rendered":"politique de confidentialit\u00e9"},"content":{"rendered":"<p class=\"font_8\"><span>Nous respectons votre vie priv\u00e9e<\/span><\/p>\n<p class=\"font_8\"><span>Nous respectons votre vie priv\u00e9e. Nous ne vendons, ne louons ni ne pr\u00eatons aucune information identifiable (y compris l&#039;adresse e-mail, le num\u00e9ro de t\u00e9l\u00e9phone, etc.) concernant nos clients. Nous ne vous solliciterons ni par t\u00e9l\u00e9phone ni par courrier. Toutes les informations que vous nous fournissez seront utilis\u00e9es de mani\u00e8re responsable, conserv\u00e9es avec le plus grand soin et la plus grande s\u00e9curit\u00e9, et ne seront utilis\u00e9es \u00e0 aucune fin sans votre consentement.<\/span><\/p>\n<p class=\"font_8\">\u00a0<\/p>\n<p class=\"font_8\"><span>politique de confidentialit\u00e9<\/span><\/p>\n<p class=\"font_8\"><span>Cette d\u00e9claration de confidentialit\u00e9 divulgue les pratiques de confidentialit\u00e9 pour\u00a0<a data-auto-recognition=\"true\" href=\"http:\/\/www.bejustsimple.com\/\" target=\"_blank\" rel=\"noopener noreferrer\">www.bejustsimple.com<\/a>Nous nous engageons \u00e0 prot\u00e9ger votre vie priv\u00e9e et vous encourageons \u00e0 consulter r\u00e9guli\u00e8rement cette page pour \u00eatre inform\u00e9 de la mani\u00e8re dont nous prot\u00e9geons les informations que vous nous divulguez.<\/span><\/p>\n<p class=\"font_8\">\u00a0<\/p>\n<p class=\"font_8\">\u00a0<\/p>\n<p class=\"font_8\"><span>Collecte et utilisation des informations\u00a0<\/span><\/p>\n<p class=\"font_8\"><span><a data-auto-recognition=\"true\" href=\"http:\/\/www.bejustsimple.com\/\" target=\"_blank\" rel=\"noopener noreferrer\">www.bejustsimple.com<\/a>\u00a0collecte des informations aupr\u00e8s de nos utilisateurs \u00e0 plusieurs endroits diff\u00e9rents sur notre site Web.\u00a0<\/span><\/p>\n<p class=\"font_8\">\u00a0<\/p>\n<p class=\"font_8\"><span>Commande<\/span><\/p>\n<p class=\"font_8\"><span>Nous demandons des informations \u00e0 l&#039;utilisateur sur notre formulaire de commande lors d&#039;un achat. C&#039;est ici qu&#039;il doit fournir ses coordonn\u00e9es, comme son nom et son adresse de livraison, ainsi que ses informations financi\u00e8res, comme son num\u00e9ro de carte de cr\u00e9dit et sa date d&#039;expiration. Ces informations sont utilis\u00e9es \u00e0 des fins de facturation et pour traiter la commande. En cas de difficult\u00e9 de traitement d&#039;une commande, ces coordonn\u00e9es sont utilis\u00e9es pour communiquer avec le client.<\/span><\/p>\n<p class=\"font_8\">\u00a0<\/p>\n<p class=\"font_8\"><span>Cookies<\/span><\/p>\n<p class=\"font_8\"><span>Un cookie est un \u00e9l\u00e9ment de donn\u00e9es stock\u00e9 sur le disque dur de l&#039;utilisateur et contenant des informations le concernant. Nous utilisons des cookies de session et des cookies persistants. Les cookies nous permettent de suivre et de cibler les centres d&#039;int\u00e9r\u00eat de nos utilisateurs de mani\u00e8re globale en analysant les sections et produits populaires afin d&#039;am\u00e9liorer leur exp\u00e9rience future sur notre site. Les cookies n&#039;endommagent pas vos syst\u00e8mes informatiques ni vos fichiers, et seul le site web qui vous a transf\u00e9r\u00e9 un cookie particulier peut le lire, le modifier ou le supprimer. Si vous ne souhaitez pas que des informations soient collect\u00e9es via les cookies, la plupart des navigateurs proposent des proc\u00e9dures simples vous permettant de supprimer les cookies existants, de les refuser automatiquement ou de choisir d&#039;accepter ou de refuser le transfert de certains cookies sur votre ordinateur.<\/span><\/p>\n<p class=\"font_8\">\u00a0<\/p>\n<p class=\"font_8\"><span>Informations agr\u00e9g\u00e9es<\/span><\/p>\n<p class=\"font_8\"><span><a data-auto-recognition=\"true\" href=\"http:\/\/www.bejustsimple.com\/\" target=\"_blank\" rel=\"noopener noreferrer\">www.bejustsimple.com<\/a>\u00a0Nous utilisons des donn\u00e9es agr\u00e9g\u00e9es issues d&#039;enqu\u00eates d\u00e9mographiques, de mod\u00e8les de trafic et d&#039;adresses IP pour personnaliser notre site. Ces donn\u00e9es agr\u00e9g\u00e9es sont parfois partag\u00e9es avec des tiers \u00e0 des fins telles que la planification ou la r\u00e9alisation de publicit\u00e9s ou de promotions. Catalogue, newsletters, etc.<br \/>Si un utilisateur souhaite s&#039;abonner \u00e0 notre catalogue, \u00e0 notre newsletter, etc., nous lui demandons ses coordonn\u00e9es, telles que son nom, son adresse postale et son adresse e-mail, afin de lui fournir ces communications. Soucieux du respect de la vie priv\u00e9e de nos utilisateurs, nous leur offrons la possibilit\u00e9 de se d\u00e9sinscrire de ces communications. Veuillez consulter la section \u00ab\u00a0Choix et d\u00e9sinscription\u00a0\u00bb ci-dessous.<\/span><\/p>\n<p class=\"font_8\"><span>Dans de rares cas, il est n\u00e9cessaire d&#039;envoyer une annonce strictement li\u00e9e au service. Par exemple, si notre service est temporairement suspendu pour maintenance, nous pourrions vous envoyer un e-mail. En r\u00e8gle g\u00e9n\u00e9rale, les utilisateurs ne peuvent pas se d\u00e9sinscrire de ces communications, mais vous pouvez d\u00e9sactiver votre compte. Cependant, ces communications ne sont pas de nature promotionnelle.<\/span><\/p>\n<p class=\"font_8\">\u00a0<\/p>\n<p class=\"font_8\"><span>S\u00e9curit\u00e9<br \/>www.bejustsimple.com prend toutes les pr\u00e9cautions n\u00e9cessaires pour prot\u00e9ger les informations de ses utilisateurs. Lorsque notre formulaire d&#039;inscription\/de commande demande des informations sensibles (telles que le num\u00e9ro de carte de cr\u00e9dit et\/ou le num\u00e9ro de s\u00e9curit\u00e9 sociale), ces informations sont crypt\u00e9es et prot\u00e9g\u00e9es par le protocole SSL (Secure Socket Layers). Lorsque vous \u00eates sur une page s\u00e9curis\u00e9e, comme notre formulaire de commande, une ic\u00f4ne de cadenas appara\u00eet en bas de votre navigateur web. Lorsque vous n&#039;\u00eates pas sur une page s\u00e9curis\u00e9e, aucune ic\u00f4ne de cadenas n&#039;appara\u00eet. De plus, les serveurs sur lesquels nous stockons les informations personnelles identifiables sont h\u00e9berg\u00e9s dans un environnement s\u00e9curis\u00e9 \u00e0 acc\u00e8s restreint. Cependant, les syst\u00e8mes de s\u00e9curit\u00e9, y compris les syst\u00e8mes de cryptage, ne sont pas infaillibles. Bien que nous mettions tout en \u0153uvre pour prot\u00e9ger vos informations personnelles, nous ne pouvons garantir leur s\u00e9curit\u00e9 absolue.<\/span><\/p>\n<p class=\"font_8\"><span>Si vous avez des questions sur la s\u00e9curit\u00e9 de notre site Web, envoyez-nous un e-mail \u00e0\u00a0<a data-auto-recognition=\"true\" href=\"mailto:support@bejustsimple.com\">support@bejustsimple.com<\/a>\u00a0pour plus d&#039;infos.<\/span><\/p>\n<p class=\"font_8\">\u00a0<\/p>\n<p class=\"font_8\"><span>Offres sp\u00e9ciales<br \/>Les membres r\u00e9guliers recevront occasionnellement des informations sur nos produits, services, offres sp\u00e9ciales et une newsletter. Par respect pour la vie priv\u00e9e de nos utilisateurs, nous leur offrons la possibilit\u00e9 de ne pas recevoir ce type de communications. Veuillez consulter nos options de d\u00e9sabonnement ci-dessous.<\/span><\/p>\n<p class=\"font_8\">\u00a0<\/p>\n<p class=\"font_8\"><span>Correction\/Mise \u00e0 jour\/Suppression\/D\u00e9sactivation<br \/>Si les informations personnelles d&#039;un utilisateur changent (comme son code postal, son num\u00e9ro de t\u00e9l\u00e9phone, son adresse e-mail ou postale), ou si un utilisateur ne souhaite plus b\u00e9n\u00e9ficier de nos services, nous lui offrons la possibilit\u00e9 de corriger, mettre \u00e0 jour ou supprimer\/d\u00e9sactiver les informations personnelles qu&#039;il nous a fournies. Pour ce faire, utilisez la fonction de d\u00e9sabonnement disponible dans nos communications.<\/span><\/p>\n<p class=\"font_8\">\u00a0<\/p>\n<p class=\"font_8\"><span>Choix\/Refus<\/span><\/p>\n<p class=\"font_8\"><span>Les utilisateurs qui ne souhaitent plus recevoir de mat\u00e9riel promotionnel peuvent choisir de ne plus recevoir ces communications en utilisant la fonction de d\u00e9sabonnement dans notre e-mail.<\/span><\/p>\n<p class=\"font_8\">\u00a0<\/p>\n<p class=\"font_8\"><span>Modifications de cette politique<\/span><\/p>\n<p class=\"font_8\"><span>Nous nous r\u00e9servons le droit de modifier cette politique de confidentialit\u00e9, ainsi que toute politique ou proc\u00e9dure relative au traitement des informations collect\u00e9es via le site, sans pr\u00e9avis. Vous pouvez conna\u00eetre la date de la derni\u00e8re r\u00e9vision de cette politique de confidentialit\u00e9 en consultant la date en haut de cette page. Toute modification de notre politique de confidentialit\u00e9 entrera en vigueur d\u00e8s sa publication sur Internet, accessible via le site. L&#039;utilisation du site apr\u00e8s ces modifications vaut acceptation de la politique r\u00e9vis\u00e9e alors en vigueur. Nous vous encourageons \u00e0 consulter r\u00e9guli\u00e8rement notre politique de confidentialit\u00e9 afin de vous familiariser avec sa version la plus r\u00e9cente.\u00a0<\/span><\/p>","protected":false},"excerpt":{"rendered":"<p>We value your Privacy We value your privacy. We do not sell, rent or loan any identifiable information (including e-mail<\/p>","protected":false},"author":1,"featured_media":0,"parent":0,"menu_order":0,"comment_status":"closed","ping_status":"closed","template":"","meta":{"footnotes":""},"class_list":["post-32951","page","type-page","status-publish","hentry"],"_links":{"self":[{"href":"https:\/\/nexgendecors.com\/fr\/wp-json\/wp\/v2\/pages\/32951","targetHints":{"allow":["GET"]}}],"collection":[{"href":"https:\/\/nexgendecors.com\/fr\/wp-json\/wp\/v2\/pages"}],"about":[{"href":"https:\/\/nexgendecors.com\/fr\/wp-json\/wp\/v2\/types\/page"}],"author":[{"embeddable":true,"href":"https:\/\/nexgendecors.com\/fr\/wp-json\/wp\/v2\/users\/1"}],"replies":[{"embeddable":true,"href":"https:\/\/nexgendecors.com\/fr\/wp-json\/wp\/v2\/comments?post=32951"}],"version-history":[{"count":0,"href":"https:\/\/nexgendecors.com\/fr\/wp-json\/wp\/v2\/pages\/32951\/revisions"}],"wp:attachment":[{"href":"https:\/\/nexgendecors.com\/fr\/wp-json\/wp\/v2\/media?parent=32951"}],"curies":[{"name":"wp","href":"https:\/\/api.w.org\/{rel}","templated":true}]}}