{"id":155396,"date":"2025-02-09T11:09:18","date_gmt":"2025-02-09T11:09:18","guid":{"rendered":"https:\/\/nexgendecors.com\/en\/product\/medieval-style-fabric-single-sofa-chair-designer-living-room-retro-balcony-cafe-homestay-leisure-armchair\/"},"modified":"2025-04-06T09:48:52","modified_gmt":"2025-04-06T09:48:52","slug":"medieval-style-fabric-single-sofa-chair-designer-living-room-retro-balcony-cafe-homestay-leisure-armchair","status":"publish","type":"product","link":"https:\/\/nexgendecors.com\/fr\/product\/medieval-style-fabric-single-sofa-chair-designer-living-room-retro-balcony-cafe-homestay-leisure-armchair\/","title":{"rendered":"Fauteuil en tissu de style m\u00e9di\u00e9val pour espaces de vie r\u00e9tro"},"content":{"rendered":"<ul>\n<li><strong>marque<\/strong>:Hibiscus sabdariffa<\/li>\n<li><strong>mod\u00e8le<\/strong>:658<\/li>\n<li><strong>style<\/strong>:M\u00e9di\u00e9val<\/li>\n<li><strong>Assembler<\/strong>:Non<\/li>\n<li><strong>Ville<\/strong>:Foshan<\/li>\n<li><strong>Districts et comt\u00e9s<\/strong>:District de Shunde<\/li>\n<li><strong>Client\u00e8le cible<\/strong>:G\u00e9n\u00e9ral<\/li>\n<li><strong>Est-ce rempla\u00e7able ?<\/strong>:Non<\/li>\n<li><strong>Volume d&#039;emballage<\/strong>:1<\/li>\n<li><strong>Remplissage<\/strong>:\u00c9ponge en mousse hautement \u00e9lastique<\/li>\n<li><strong>Est-ce personnalisable ?<\/strong>:Oui<\/li>\n<li><strong>Mat\u00e9riel<\/strong>:tissu<\/li>\n<li><strong>Origine<\/strong>:Province du Guangdong<\/li>\n<li><strong>Un taxi est-il disponible pour le transport ?<\/strong>:Non<\/li>\n<li><strong>Positionnement de style<\/strong>:Style artistique<\/li>\n<li><strong>Livraison\/installation disponible<\/strong>:\u00c0 l&#039;\u00e9chelle nationale<\/li>\n<li><strong>trier par couleur<\/strong>:Alsophila leaf sofa chair [imported jacquard fabric], retro red sofa chair [imported jacquard fabric]<\/li>\n<li><strong><\/strong>:<\/li>\n<\/ul>","protected":false},"excerpt":{"rendered":"<p>Marque : Hibiscus sabdariffa Mod\u00e8le : 658 Style : M\u00e9di\u00e9val Assemblage : non Ville : Foshan Districts et comt\u00e9s : District de Shunde Clients cibles : G\u00e9n\u00e9ral Est-il rempla\u00e7able ? : non Volume d&#039;emballage : 1 Remplissage : mousse hautement \u00e9lastique<\/p>","protected":false},"featured_media":155395,"comment_status":"open","ping_status":"closed","template":"","meta":[],"product_brand":[],"product_cat":[30811,30902,30892,30862,30846,30860],"product_tag":[30891],"class_list":{"0":"post-155396","1":"product","2":"type-product","3":"status-publish","4":"has-post-thumbnail","6":"product_cat-armchairs","7":"product_cat-bs-chairs","8":"product_cat-export","9":"product_cat-wholesales-hotels","10":"product_cat-living-room","11":"product_cat-wholesale-restaurant","12":"product_tag-title-adjust","14":"first","15":"instock","16":"sale","17":"taxable","18":"shipping-taxable","19":"purchasable","20":"product-type-variable"},"_links":{"self":[{"href":"https:\/\/nexgendecors.com\/fr\/wp-json\/wp\/v2\/product\/155396","targetHints":{"allow":["GET"]}}],"collection":[{"href":"https:\/\/nexgendecors.com\/fr\/wp-json\/wp\/v2\/product"}],"about":[{"href":"https:\/\/nexgendecors.com\/fr\/wp-json\/wp\/v2\/types\/product"}],"replies":[{"embeddable":true,"href":"https:\/\/nexgendecors.com\/fr\/wp-json\/wp\/v2\/comments?post=155396"}],"version-history":[{"count":0,"href":"https:\/\/nexgendecors.com\/fr\/wp-json\/wp\/v2\/product\/155396\/revisions"}],"wp:featuredmedia":[{"embeddable":true,"href":"https:\/\/nexgendecors.com\/fr\/wp-json\/wp\/v2\/media\/155395"}],"wp:attachment":[{"href":"https:\/\/nexgendecors.com\/fr\/wp-json\/wp\/v2\/media?parent=155396"}],"wp:term":[{"taxonomy":"product_brand","embeddable":true,"href":"https:\/\/nexgendecors.com\/fr\/wp-json\/wp\/v2\/product_brand?post=155396"},{"taxonomy":"product_cat","embeddable":true,"href":"https:\/\/nexgendecors.com\/fr\/wp-json\/wp\/v2\/product_cat?post=155396"},{"taxonomy":"product_tag","embeddable":true,"href":"https:\/\/nexgendecors.com\/fr\/wp-json\/wp\/v2\/product_tag?post=155396"}],"curies":[{"name":"wp","href":"https:\/\/api.w.org\/{rel}","templated":true}]}}