{"id":155484,"date":"2025-02-09T11:54:52","date_gmt":"2025-02-09T11:54:52","guid":{"rendered":"https:\/\/nexgendecors.com\/en\/product\/light-luxury-modern-single-sofa-chair-hotel-sales-office-reception-beauty-salon-balcony-leisure-negotiation-table-and-chair-combination\/"},"modified":"2025-04-06T09:48:58","modified_gmt":"2025-04-06T09:48:58","slug":"light-luxury-modern-single-sofa-chair-hotel-sales-office-reception-beauty-salon-balcony-leisure-negotiation-table-and-chair-combination","status":"publish","type":"product","link":"https:\/\/nexgendecors.com\/fr\/product\/light-luxury-modern-single-sofa-chair-hotel-sales-office-reception-beauty-salon-balcony-leisure-negotiation-table-and-chair-combination\/","title":{"rendered":"Fauteuil de r\u00e9ception simple moderne et l\u00e9ger"},"content":{"rendered":"<ul>\n<li><strong>marque<\/strong>:Hibiscus sabdariffa<\/li>\n<li><strong>mod\u00e8le<\/strong>:2023050811<\/li>\n<li><strong>Mat\u00e9riel<\/strong>:M\u00e9tal<\/li>\n<li><strong>Mat\u00e9riau m\u00e9tallique<\/strong>:fer<\/li>\n<li><strong>mod\u00e8le<\/strong>:Art<\/li>\n<li><strong>style<\/strong>:Style de luxe l\u00e9ger<\/li>\n<li><strong>\u00c9l\u00e9ments populaires<\/strong>:M\u00e9tal<\/li>\n<li><strong>trier par couleur<\/strong>:Tea table: diameter 50*57cm, Tea table: diameter 60*57cm, Single sofa chair [orange], Single sofa chair [gray], Single sofa chair [coffee]<\/li>\n<li><strong>Poids brut<\/strong>:20<\/li>\n<li><strong>Remplissage<\/strong>:\u00c9ponge en mousse hautement \u00e9lastique<\/li>\n<li><strong>Est-ce personnalisable ?<\/strong>:Oui<\/li>\n<li><strong>Client\u00e8le cible<\/strong>:Adultes<\/li>\n<li><strong>Est-ce rempla\u00e7able ?<\/strong>:Non<\/li>\n<li><strong>Origine<\/strong>:Province du Fujian<\/li>\n<li><strong>Ville<\/strong>:Ville de Quanzhou<\/li>\n<li><strong>Assembler<\/strong>:Oui<\/li>\n<li><strong>Volume d&#039;emballage<\/strong>:1.5<\/li>\n<li><strong>Un taxi est-il disponible pour le transport ?<\/strong>:Non<\/li>\n<li><strong>Positionnement de style<\/strong>:Qualit\u00e9 Luxe<\/li>\n<li><strong><\/strong>:<\/li>\n<\/ul>","protected":false},"excerpt":{"rendered":"<p>Marque : Hibiscus sabdariffa Mod\u00e8le : 2023050811 Mat\u00e9riau : M\u00e9tal Mat\u00e9riau m\u00e9tallique : Fer Motif : Art Style : Style de luxe l\u00e9ger \u00c9l\u00e9ments populaires : M\u00e9tal Trier par couleur : Table \u00e0 th\u00e9 : diam\u00e8tre 50*57cm, Table \u00e0 th\u00e9 :<\/p>","protected":false},"featured_media":155483,"comment_status":"open","ping_status":"closed","template":"","meta":[],"product_brand":[],"product_cat":[30898,30892,30862,30860],"product_tag":[30891],"class_list":{"0":"post-155484","1":"product","2":"type-product","3":"status-publish","4":"has-post-thumbnail","6":"product_cat-bs-hotel","7":"product_cat-export","8":"product_cat-wholesales-hotels","9":"product_cat-wholesale-restaurant","10":"product_tag-title-adjust","12":"first","13":"instock","14":"taxable","15":"shipping-taxable","16":"purchasable","17":"product-type-variable"},"_links":{"self":[{"href":"https:\/\/nexgendecors.com\/fr\/wp-json\/wp\/v2\/product\/155484","targetHints":{"allow":["GET"]}}],"collection":[{"href":"https:\/\/nexgendecors.com\/fr\/wp-json\/wp\/v2\/product"}],"about":[{"href":"https:\/\/nexgendecors.com\/fr\/wp-json\/wp\/v2\/types\/product"}],"replies":[{"embeddable":true,"href":"https:\/\/nexgendecors.com\/fr\/wp-json\/wp\/v2\/comments?post=155484"}],"version-history":[{"count":0,"href":"https:\/\/nexgendecors.com\/fr\/wp-json\/wp\/v2\/product\/155484\/revisions"}],"wp:featuredmedia":[{"embeddable":true,"href":"https:\/\/nexgendecors.com\/fr\/wp-json\/wp\/v2\/media\/155483"}],"wp:attachment":[{"href":"https:\/\/nexgendecors.com\/fr\/wp-json\/wp\/v2\/media?parent=155484"}],"wp:term":[{"taxonomy":"product_brand","embeddable":true,"href":"https:\/\/nexgendecors.com\/fr\/wp-json\/wp\/v2\/product_brand?post=155484"},{"taxonomy":"product_cat","embeddable":true,"href":"https:\/\/nexgendecors.com\/fr\/wp-json\/wp\/v2\/product_cat?post=155484"},{"taxonomy":"product_tag","embeddable":true,"href":"https:\/\/nexgendecors.com\/fr\/wp-json\/wp\/v2\/product_tag?post=155484"}],"curies":[{"name":"wp","href":"https:\/\/api.w.org\/{rel}","templated":true}]}}