{"id":155507,"date":"2025-02-09T11:56:35","date_gmt":"2025-02-09T11:56:35","guid":{"rendered":"https:\/\/nexgendecors.com\/en\/product\/wabi-sabi-antique-style-designer-sofa-chair-living-room-bb-hotel-single-sofa-cafe-lazy-leisure-chair\/"},"modified":"2025-04-06T09:49:00","modified_gmt":"2025-04-06T09:49:00","slug":"wabi-sabi-antique-style-designer-sofa-chair-living-room-bb-hotel-single-sofa-cafe-lazy-leisure-chair","status":"publish","type":"product","link":"https:\/\/nexgendecors.com\/fr\/product\/wabi-sabi-antique-style-designer-sofa-chair-living-room-bb-hotel-single-sofa-cafe-lazy-leisure-chair\/","title":{"rendered":"Fauteuil-canap\u00e9 antique Wabi-Sabi pour B&amp;B et caf\u00e9s"},"content":{"rendered":"<ul>\n<li><strong>marque<\/strong>:Hibiscus sabdariffa<\/li>\n<li><strong>mod\u00e8le<\/strong>:484<\/li>\n<li><strong>style<\/strong>:Fran\u00e7ais<\/li>\n<li><strong>Assembler<\/strong>:Oui<\/li>\n<li><strong>Ville<\/strong>:Foshan<\/li>\n<li><strong>Districts et comt\u00e9s<\/strong>:District de Shunde<\/li>\n<li><strong>Client\u00e8le cible<\/strong>:G\u00e9n\u00e9ral<\/li>\n<li><strong>Est-ce rempla\u00e7able ?<\/strong>:Non<\/li>\n<li><strong>Volume d&#039;emballage<\/strong>:1<\/li>\n<li><strong>Remplissage<\/strong>:\u00c9ponge en mousse hautement \u00e9lastique<\/li>\n<li><strong>Est-ce personnalisable ?<\/strong>:Oui<\/li>\n<li><strong>Mat\u00e9riel<\/strong>:cuir<\/li>\n<li><strong>Origine<\/strong>:Province du Guangdong<\/li>\n<li><strong>Un taxi est-il disponible pour le transport ?<\/strong>:Non<\/li>\n<li><strong>Positionnement de style<\/strong>:R\u00e9tro<\/li>\n<li><strong>Livraison\/installation disponible<\/strong>:\u00c0 l&#039;\u00e9chelle nationale<\/li>\n<li><strong>trier par couleur<\/strong>:Brown sofa chair [Velvet 7], green sofa chair [Velvet 18], off-white sofa chair [Velvet 1], side table, 2 off-white sofa chairs + side table diameter 50CM, 2 brown sofa chairs + side table diameter 50CM, 2 green sofa chairs + side table diameter 50CM<\/li>\n<li><strong><\/strong>:<\/li>\n<\/ul>","protected":false},"excerpt":{"rendered":"<p>Marque : Hibiscus sabdariffa Mod\u00e8le : 484 Style : Fran\u00e7ais Assemblage : oui Ville : Foshan Districts et comt\u00e9s : District de Shunde Clients cibles : G\u00e9n\u00e9ral Est-il rempla\u00e7able ? : non Volume d&#039;emballage : 1 Remplissage : Mousse hautement \u00e9lastique<\/p>","protected":false},"featured_media":155506,"comment_status":"open","ping_status":"closed","template":"","meta":[],"product_brand":[],"product_cat":[30811,30892,30862,30846,30860],"product_tag":[30891],"class_list":{"0":"post-155507","1":"product","2":"type-product","3":"status-publish","4":"has-post-thumbnail","6":"product_cat-armchairs","7":"product_cat-export","8":"product_cat-wholesales-hotels","9":"product_cat-living-room","10":"product_cat-wholesale-restaurant","11":"product_tag-title-adjust","13":"first","14":"instock","15":"taxable","16":"shipping-taxable","17":"purchasable","18":"product-type-variable"},"_links":{"self":[{"href":"https:\/\/nexgendecors.com\/fr\/wp-json\/wp\/v2\/product\/155507","targetHints":{"allow":["GET"]}}],"collection":[{"href":"https:\/\/nexgendecors.com\/fr\/wp-json\/wp\/v2\/product"}],"about":[{"href":"https:\/\/nexgendecors.com\/fr\/wp-json\/wp\/v2\/types\/product"}],"replies":[{"embeddable":true,"href":"https:\/\/nexgendecors.com\/fr\/wp-json\/wp\/v2\/comments?post=155507"}],"version-history":[{"count":0,"href":"https:\/\/nexgendecors.com\/fr\/wp-json\/wp\/v2\/product\/155507\/revisions"}],"wp:featuredmedia":[{"embeddable":true,"href":"https:\/\/nexgendecors.com\/fr\/wp-json\/wp\/v2\/media\/155506"}],"wp:attachment":[{"href":"https:\/\/nexgendecors.com\/fr\/wp-json\/wp\/v2\/media?parent=155507"}],"wp:term":[{"taxonomy":"product_brand","embeddable":true,"href":"https:\/\/nexgendecors.com\/fr\/wp-json\/wp\/v2\/product_brand?post=155507"},{"taxonomy":"product_cat","embeddable":true,"href":"https:\/\/nexgendecors.com\/fr\/wp-json\/wp\/v2\/product_cat?post=155507"},{"taxonomy":"product_tag","embeddable":true,"href":"https:\/\/nexgendecors.com\/fr\/wp-json\/wp\/v2\/product_tag?post=155507"}],"curies":[{"name":"wp","href":"https:\/\/api.w.org\/{rel}","templated":true}]}}