{"id":155524,"date":"2025-02-09T11:57:51","date_gmt":"2025-02-09T11:57:51","guid":{"rendered":"https:\/\/nexgendecors.com\/en\/product\/new-chinese-hotel-lobby-club-reception-reception-department-reception-lounge-sales-office-negotiation-sofa-coffee-table-combination\/"},"modified":"2025-02-12T07:37:03","modified_gmt":"2025-02-12T07:37:03","slug":"new-chinese-hotel-lobby-club-reception-reception-department-reception-lounge-sales-office-negotiation-sofa-coffee-table-combination","status":"publish","type":"product","link":"https:\/\/nexgendecors.com\/fr\/product\/new-chinese-hotel-lobby-club-reception-reception-department-reception-lounge-sales-office-negotiation-sofa-coffee-table-combination\/","title":{"rendered":"Ensemble de salon de r\u00e9ception de hall d&#039;h\u00f4tel chinois moderne"},"content":{"rendered":"<ul>\n<li><strong>Y a-t-il un espace de stockage ?<\/strong>:Non<\/li>\n<li><strong>style<\/strong>:Nouveau chinois<\/li>\n<li><strong>Assembler<\/strong>:Non<\/li>\n<li><strong>Tissu<\/strong>:Coton et lin<\/li>\n<li><strong>Ville<\/strong>:Foshan<\/li>\n<li><strong>Districts et comt\u00e9s<\/strong>:District de Shunde<\/li>\n<li><strong>Fonctionnalit\u00e9s suppl\u00e9mentaires<\/strong>:Polyvalent<\/li>\n<li><strong>Volume d&#039;emballage<\/strong>:1<\/li>\n<li><strong>Remplissage<\/strong>:\u00e9ponge<\/li>\n<li><strong>Combinaison de canap\u00e9<\/strong>:Droit<\/li>\n<li><strong>Origine<\/strong>:Province du Guangdong<\/li>\n<li><strong>Positionnement de style<\/strong>:Qualit\u00e9 Luxe<\/li>\n<li><strong>trier par couleur<\/strong>:Single sofa [cotton and linen + rattan], three-person sofa [cotton and linen], rock board side table: diameter 50 * height 57, rock board negotiation table: diameter 60 * height 75, rock board negotiation table: diameter 70 * height 75, rock board negotiation table: diameter 80 * height 75, rectangular coffee table: length 130 * width 70 * height 43 Pandora rock board, 50 rock board side table + 2 sofa chairs, 60 rock board negotiation table + 4 sofa chairs, 70 rock board negotiation table + 4 sofa chairs, 80 rock board negotiation table + 4 sofa chairs, 2 single sofas + three-person sofa + rectangular coffee table, 2 three-person sofas + rectangular coffee table<\/li>\n<li><strong>marque<\/strong>:Hibiscus sabdariffa<\/li>\n<li><strong>mod\u00e8le<\/strong>:98<\/li>\n<li><strong>\u00c9l\u00e9ments populaires<\/strong>:Folklore<\/li>\n<li><strong>Duret\u00e9 du remplissage<\/strong>:Duret\u00e9 et douceur mod\u00e9r\u00e9es<\/li>\n<li><strong>Client\u00e8le cible<\/strong>:G\u00e9n\u00e9ral<\/li>\n<li><strong>Technologie structurelle<\/strong>:Artisanat en bambou et rotin<\/li>\n<li><strong>Est-ce personnalisable ?<\/strong>:Oui<\/li>\n<li><strong>Est-il amovible et lavable ?<\/strong>:Non<\/li>\n<li><strong>Mat\u00e9riel<\/strong>:Bois<\/li>\n<li><strong>Mat\u00e9riau en bois<\/strong>:autre<\/li>\n<li><strong>Instructions d&#039;installation d\u00e9taill\u00e9es<\/strong>:Livraison et installation incluses<\/li>\n<li><strong>Un taxi est-il disponible pour le transport ?<\/strong>:Non<\/li>\n<li><strong>Processus de finition du tissu<\/strong>:Coton et lin<\/li>\n<li><strong>Livraison\/installation disponible<\/strong>:\u00c0 l&#039;\u00e9chelle nationale<\/li>\n<li><strong><\/strong>:<\/li>\n<\/ul>","protected":false},"excerpt":{"rendered":"<p>Y a-t-il un espace de stockage\u00a0? : non Style\u00a0: Nouveau chinois Assemblage\u00a0: non Tissu\u00a0: Coton et lin Ville\u00a0: Foshan Districts et comt\u00e9s\u00a0: District de Shunde Caract\u00e9ristiques suppl\u00e9mentaires\u00a0: Polyvalent Volume d&#039;emballage\u00a0: 1 Remplissage\u00a0: \u00e9ponge<\/p>","protected":false},"featured_media":155523,"comment_status":"open","ping_status":"closed","template":"","meta":[],"product_brand":[],"product_cat":[30898,30892,30862,30860],"product_tag":[30891],"class_list":{"0":"post-155524","1":"product","2":"type-product","3":"status-publish","4":"has-post-thumbnail","6":"product_cat-bs-hotel","7":"product_cat-export","8":"product_cat-wholesales-hotels","9":"product_cat-wholesale-restaurant","10":"product_tag-title-adjust","12":"first","13":"instock","14":"taxable","15":"shipping-taxable","16":"purchasable","17":"product-type-variable"},"_links":{"self":[{"href":"https:\/\/nexgendecors.com\/fr\/wp-json\/wp\/v2\/product\/155524","targetHints":{"allow":["GET"]}}],"collection":[{"href":"https:\/\/nexgendecors.com\/fr\/wp-json\/wp\/v2\/product"}],"about":[{"href":"https:\/\/nexgendecors.com\/fr\/wp-json\/wp\/v2\/types\/product"}],"replies":[{"embeddable":true,"href":"https:\/\/nexgendecors.com\/fr\/wp-json\/wp\/v2\/comments?post=155524"}],"version-history":[{"count":0,"href":"https:\/\/nexgendecors.com\/fr\/wp-json\/wp\/v2\/product\/155524\/revisions"}],"wp:featuredmedia":[{"embeddable":true,"href":"https:\/\/nexgendecors.com\/fr\/wp-json\/wp\/v2\/media\/155523"}],"wp:attachment":[{"href":"https:\/\/nexgendecors.com\/fr\/wp-json\/wp\/v2\/media?parent=155524"}],"wp:term":[{"taxonomy":"product_brand","embeddable":true,"href":"https:\/\/nexgendecors.com\/fr\/wp-json\/wp\/v2\/product_brand?post=155524"},{"taxonomy":"product_cat","embeddable":true,"href":"https:\/\/nexgendecors.com\/fr\/wp-json\/wp\/v2\/product_cat?post=155524"},{"taxonomy":"product_tag","embeddable":true,"href":"https:\/\/nexgendecors.com\/fr\/wp-json\/wp\/v2\/product_tag?post=155524"}],"curies":[{"name":"wp","href":"https:\/\/api.w.org\/{rel}","templated":true}]}}