{"id":155574,"date":"2025-02-09T12:01:23","date_gmt":"2025-02-09T12:01:23","guid":{"rendered":"https:\/\/nexgendecors.com\/en\/product\/sales-office-rock-board-negotiation-table-and-chair-combination-cafe-office-business-reception-lounge-leisure-one-table-and-four-chairs\/"},"modified":"2025-04-06T09:49:06","modified_gmt":"2025-04-06T09:49:06","slug":"sales-office-rock-board-negotiation-table-and-chair-combination-cafe-office-business-reception-lounge-leisure-one-table-and-four-chairs","status":"publish","type":"product","link":"https:\/\/nexgendecors.com\/fr\/product\/sales-office-rock-board-negotiation-table-and-chair-combination-cafe-office-business-reception-lounge-leisure-one-table-and-four-chairs\/","title":{"rendered":"Ensemble table de bureau et 4 chaises Rock Board Cafe"},"content":{"rendered":"<ul>\n<li><strong>style<\/strong>:Luxe l\u00e9ger<\/li>\n<li><strong>Assembler<\/strong>:Non<\/li>\n<li><strong>Districts et comt\u00e9s<\/strong>:Comt\u00e9 d&#039;Anxi<\/li>\n<li><strong>Mat\u00e9riau de finition<\/strong>:Panneau de roche<\/li>\n<li><strong>Ville<\/strong>:Ville de Quanzhou<\/li>\n<li><strong>S&#039;il dispose d&#039;une fonction de cuisson \u00e0 induction<\/strong>:Non<\/li>\n<li><strong>Volume d&#039;emballage<\/strong>:1<\/li>\n<li><strong>forme<\/strong>:Rond<\/li>\n<li><strong>Nombre de couches<\/strong>:autre<\/li>\n<li><strong>Faut-il apporter une chaise ou un tabouret ?<\/strong>:Oui<\/li>\n<li><strong>Structure du meuble<\/strong>:Structure de soutien<\/li>\n<li><strong>Origine<\/strong>:Province du Fujian<\/li>\n<li><strong>Y a-t-il une armoire ?<\/strong>:Non<\/li>\n<li><strong>Type d&#039;emballage<\/strong>:Assembl\u00e9e<\/li>\n<li><strong>Positionnement de style<\/strong>:Qualit\u00e9 Luxe<\/li>\n<li><strong>trier par couleur<\/strong>:Single seat [Nappa leather] brown, single seat [Nappa leather] off-white, single seat [Nappa leather] orange, negotiation table: 60*75CM, negotiation table: 70*75CM, negotiation table: 80*75CM, 60 negotiation table + 4 brown negotiation chairs, 70 negotiation table + 4 brown negotiation chairs, 80 negotiation table + 4 brown negotiation chairs, 60 negotiation table + 4 off-white negotiation chairs, 70 negotiation table + 4 off-white negotiation chairs, 80 negotiation table + 4 off-white negotiation chairs, 60 negotiation table + 4 orange negotiation chairs, 70 negotiation table + 4 orange negotiation chairs, 80 negotiation table + 4 orange negotiation chairs<\/li>\n<li><strong>marque<\/strong>:Hibiscus sabdariffa<\/li>\n<li><strong>mod\u00e8le<\/strong>:XMJ-175<\/li>\n<li><strong>Que ce soit avec un rouleau<\/strong>:Non<\/li>\n<li><strong>Le bureau est-il r\u00e9glable ?<\/strong>:Non<\/li>\n<li><strong>Est-ce \u00e9volutif ?<\/strong>:Non<\/li>\n<li><strong>Faut-il apporter une pompe ?<\/strong>:Non<\/li>\n<li><strong>Faut-il apporter une platine vinyle ?<\/strong>:Non<\/li>\n<li><strong>Est-ce personnalisable ?<\/strong>:Oui<\/li>\n<li><strong>Fonction<\/strong>:Autre<\/li>\n<li><strong>Nombre de personnes applicable<\/strong>:4 personnes<\/li>\n<li><strong>mod\u00e8le<\/strong>:Art<\/li>\n<li><strong>Un taxi est-il disponible pour le transport ?<\/strong>:Non<\/li>\n<li><strong>Livraison\/installation disponible<\/strong>:Foshan, Zhengzhou, Guiyang, Guangzhou, Fuzhou, Harbin, Xiamen, Chongqing, Changzhou, Suzhou, Xi&#8217;an, Shenzhen, Nanjing, Beijing, Changsha, Qingdao, Wuxi, Chengdu, Shanghai, Wuhan, Nanning, Shenyang, Dalian, Taizhou, Dongguan, Tianjin, Others, Jinhua, Hangzhou, Nanchang, Ningbo, Wenzhou<\/li>\n<li><strong><\/strong>:<\/li>\n<\/ul>","protected":false},"excerpt":{"rendered":"<p>Style : Luxe l\u00e9ger Assemblage : non Districts et comt\u00e9s : Comt\u00e9 d&#039;Anxi Mat\u00e9riau de finition : Panneau de pierre Ville : Ville de Quanzhou S&#039;il a une fonction de cuisini\u00e8re \u00e0 induction : non Volume d&#039;emballage : 1<\/p>","protected":false},"featured_media":155590,"comment_status":"open","ping_status":"closed","template":"","meta":[],"product_brand":[],"product_cat":[30892,30862,30860],"product_tag":[30891],"class_list":{"0":"post-155574","1":"product","2":"type-product","3":"status-publish","4":"has-post-thumbnail","6":"product_cat-export","7":"product_cat-wholesales-hotels","8":"product_cat-wholesale-restaurant","9":"product_tag-title-adjust","11":"first","12":"instock","13":"taxable","14":"shipping-taxable","15":"purchasable","16":"product-type-variable"},"_links":{"self":[{"href":"https:\/\/nexgendecors.com\/fr\/wp-json\/wp\/v2\/product\/155574","targetHints":{"allow":["GET"]}}],"collection":[{"href":"https:\/\/nexgendecors.com\/fr\/wp-json\/wp\/v2\/product"}],"about":[{"href":"https:\/\/nexgendecors.com\/fr\/wp-json\/wp\/v2\/types\/product"}],"replies":[{"embeddable":true,"href":"https:\/\/nexgendecors.com\/fr\/wp-json\/wp\/v2\/comments?post=155574"}],"version-history":[{"count":0,"href":"https:\/\/nexgendecors.com\/fr\/wp-json\/wp\/v2\/product\/155574\/revisions"}],"wp:featuredmedia":[{"embeddable":true,"href":"https:\/\/nexgendecors.com\/fr\/wp-json\/wp\/v2\/media\/155590"}],"wp:attachment":[{"href":"https:\/\/nexgendecors.com\/fr\/wp-json\/wp\/v2\/media?parent=155574"}],"wp:term":[{"taxonomy":"product_brand","embeddable":true,"href":"https:\/\/nexgendecors.com\/fr\/wp-json\/wp\/v2\/product_brand?post=155574"},{"taxonomy":"product_cat","embeddable":true,"href":"https:\/\/nexgendecors.com\/fr\/wp-json\/wp\/v2\/product_cat?post=155574"},{"taxonomy":"product_tag","embeddable":true,"href":"https:\/\/nexgendecors.com\/fr\/wp-json\/wp\/v2\/product_tag?post=155574"}],"curies":[{"name":"wp","href":"https:\/\/api.w.org\/{rel}","templated":true}]}}