{"id":155644,"date":"2025-02-10T01:53:14","date_gmt":"2025-02-10T01:53:14","guid":{"rendered":"https:\/\/nexgendecors.com\/en\/product\/mollale-nordic-retro-fabric-sofa-small-apartment-single-lazy-leisure-chair-new-creative-combination-sofa\/"},"modified":"2025-04-06T09:49:10","modified_gmt":"2025-04-06T09:49:10","slug":"canape-en-tissu-retro-nordique-mollale-pour-petit-appartement-fauteuil-de-loisirs-simple-et-paresseux-nouveau-canape-combine-creatif","status":"publish","type":"product","link":"https:\/\/nexgendecors.com\/fr\/product\/canape-en-tissu-retro-nordique-mollale-pour-petit-appartement-fauteuil-de-loisirs-simple-et-paresseux-nouveau-canape-combine-creatif\/","title":{"rendered":"Mollale Nordic Retro Small Apartment Sofa Chair"},"content":{"rendered":"<ul>\n<li><strong>marque<\/strong>:MOLLALE<\/li>\n<li><strong>mod\u00e8le<\/strong>:MS29<\/li>\n<li><strong>style<\/strong>:R\u00e9tro<\/li>\n<li><strong>Assembler<\/strong>:Non<\/li>\n<li><strong>Tissu<\/strong>:Velours<\/li>\n<li><strong>Client\u00e8le cible<\/strong>:G\u00e9n\u00e9ral<\/li>\n<li><strong>Fonctionnalit\u00e9s suppl\u00e9mentaires<\/strong>:Inclinable<\/li>\n<li><strong>Volume d&#039;emballage<\/strong>:1<\/li>\n<li><strong>Est-ce personnalisable ?<\/strong>:Oui<\/li>\n<li><strong>Remplissage<\/strong>:Coton modelant + \u00e9ponge haute r\u00e9silience haute densit\u00e9<\/li>\n<li><strong>Combinaison de canap\u00e9<\/strong>:Droit<\/li>\n<li><strong>Mat\u00e9riel<\/strong>:Tissu<\/li>\n<li><strong>Combien de personnes sont assises<\/strong>:[Oreiller en velours et velours c\u00f4tel\u00e9 import\u00e9 d&#039;Italie]<\/li>\n<li><strong>trier par couleur<\/strong>:[Librement combinable] La couleur peut \u00eatre personnalis\u00e9e chaise simple verte [91*101*65cm]<\/li>\n<\/ul>","protected":false},"excerpt":{"rendered":"<p>marque:MOLLALE mod\u00e8le:MS29 style:Retro Assemble:no Fabric:Velvet Target customers:General Additional Features:Reclining Packing volume:1 Is it customizable?:yes Filling:Shaping cotton + high resilience high<\/p>","protected":false},"featured_media":155654,"comment_status":"open","ping_status":"closed","template":"","meta":[],"product_brand":[],"product_cat":[30892,30846,30873,30890],"product_tag":[30891],"class_list":{"0":"post-155644","1":"product","2":"type-product","3":"status-publish","4":"has-post-thumbnail","6":"product_cat-export","7":"product_cat-living-room","8":"product_cat-sofa","9":"product_cat-sofas-fav","10":"product_tag-title-adjust","12":"first","13":"instock","14":"taxable","15":"shipping-taxable","16":"purchasable","17":"product-type-variable"},"_links":{"self":[{"href":"https:\/\/nexgendecors.com\/fr\/wp-json\/wp\/v2\/product\/155644","targetHints":{"allow":["GET"]}}],"collection":[{"href":"https:\/\/nexgendecors.com\/fr\/wp-json\/wp\/v2\/product"}],"about":[{"href":"https:\/\/nexgendecors.com\/fr\/wp-json\/wp\/v2\/types\/product"}],"replies":[{"embeddable":true,"href":"https:\/\/nexgendecors.com\/fr\/wp-json\/wp\/v2\/comments?post=155644"}],"version-history":[{"count":0,"href":"https:\/\/nexgendecors.com\/fr\/wp-json\/wp\/v2\/product\/155644\/revisions"}],"wp:featuredmedia":[{"embeddable":true,"href":"https:\/\/nexgendecors.com\/fr\/wp-json\/wp\/v2\/media\/155654"}],"wp:attachment":[{"href":"https:\/\/nexgendecors.com\/fr\/wp-json\/wp\/v2\/media?parent=155644"}],"wp:term":[{"taxonomy":"product_brand","embeddable":true,"href":"https:\/\/nexgendecors.com\/fr\/wp-json\/wp\/v2\/product_brand?post=155644"},{"taxonomy":"product_cat","embeddable":true,"href":"https:\/\/nexgendecors.com\/fr\/wp-json\/wp\/v2\/product_cat?post=155644"},{"taxonomy":"product_tag","embeddable":true,"href":"https:\/\/nexgendecors.com\/fr\/wp-json\/wp\/v2\/product_tag?post=155644"}],"curies":[{"name":"wp","href":"https:\/\/api.w.org\/{rel}","templated":true}]}}