{"id":155661,"date":"2025-02-10T01:57:18","date_gmt":"2025-02-10T01:57:18","guid":{"rendered":"https:\/\/nexgendecors.com\/en\/product\/mollale-modern-simple-fabric-bed-minimalist-designer-master-bedroom-1-8m-soft-bed-high-end-double-wedding-bed\/"},"modified":"2025-04-06T09:49:14","modified_gmt":"2025-04-06T09:49:14","slug":"lit-en-tissu-simple-et-moderne-de-18-m-de-long-design-minimaliste-pour-chambre-principale-lit-moelleux-lit-double-haut-de-gamme-pour-mariage","status":"publish","type":"product","link":"https:\/\/nexgendecors.com\/fr\/product\/lit-en-tissu-simple-et-moderne-de-18-m-de-long-design-minimaliste-pour-chambre-principale-lit-moelleux-lit-double-haut-de-gamme-pour-mariage\/","title":{"rendered":"Lit en tissu minimaliste moderne Mollale \u2013 1,8 m double"},"content":{"rendered":"<ul>\n<li><strong>marque<\/strong>:MOLLALE<\/li>\n<li><strong>mod\u00e8le<\/strong>:M031<\/li>\n<li><strong>Y a-t-il un espace de stockage ?<\/strong>:Oui<\/li>\n<li><strong>style<\/strong>:Moderne et simple<\/li>\n<li><strong>Tissu<\/strong>:M\u00e9lang\u00e9<\/li>\n<li><strong>Fonctionnalit\u00e9s suppl\u00e9mentaires<\/strong>:Autre<\/li>\n<li><strong>Volume d&#039;emballage<\/strong>:1<\/li>\n<li><strong>Est-ce personnalisable ?<\/strong>:Oui<\/li>\n<li><strong>forme<\/strong>:rectangle<\/li>\n<li><strong>Faut-il avoir un cadre de lit ?<\/strong>:Oui<\/li>\n<li><strong>Faut-il apporter un support souple<\/strong>:Oui<\/li>\n<li><strong>Mat\u00e9riel<\/strong>:Bois<\/li>\n<li><strong>Structure du meuble<\/strong>:Cadre<\/li>\n<li><strong>Nombre de personnes applicable<\/strong>:2 personnes<\/li>\n<li><strong>taille<\/strong>:1500mm*2000mm 1800mm*2000mm<\/li>\n<li><strong>Technologie des tissus<\/strong>:autre<\/li>\n<li><strong>D\u00e9tails de style<\/strong>:autre<\/li>\n<li><strong>Livraison\/installation disponible<\/strong>:Foshan Zhengzhou Guiyang Guangzhou Fuzhou Harbin Xiamen Chongqing Changzhou Suzhou Xi&#039;an Shenzhen Nanjing P\u00e9kin Changsha Qingdao Wuxi Chengdu Shanghai Wuhan Nanning Shenyang Dalian Taizhou Dongguan Tianjin Jinhua Hangzhou Nanchang Ningbo Wenzhou<\/li>\n<li><strong>trier par couleur<\/strong>:Lit simple en pierre\/tissu tricot\u00e9 import\u00e9\/matelas de sommeil profond Sleepmaker Platinum Lit simple en pierre\/tissu tricot\u00e9 import\u00e9 Lit simple en pierre\/tissu tricot\u00e9 import\u00e9\/matelas en latex de velours import\u00e9 [prend en charge la s\u00e9lection des couleurs, la taille, la personnalisation du stockage de la pression d&#039;air] Pour plus de d\u00e9tails, veuillez consulter le conseiller \u00e0 domicile Mollale Lit simple en pierre\/tissu tricot\u00e9 import\u00e9\/matelas en coton gaufr\u00e9 import\u00e9 enti\u00e8rement d\u00e9mont\u00e9<\/li>\n<li><strong><\/strong>:<\/li>\n<\/ul>","protected":false},"excerpt":{"rendered":"<p>Marque : MOLLALE Mod\u00e8le : M031 Y a-t-il un espace de rangement ? : oui Style : moderne et simple Tissu : m\u00e9lang\u00e9 Caract\u00e9ristiques suppl\u00e9mentaires : autre Volume d&#039;emballage : 1 Est-il personnalisable ? : oui Forme : rectangle<\/p>","protected":false},"featured_media":155672,"comment_status":"open","ping_status":"closed","template":"","meta":[],"product_brand":[],"product_cat":[30815,30858,30895,30892,30862],"product_tag":[30891],"class_list":{"0":"post-155661","1":"product","2":"type-product","3":"status-publish","4":"has-post-thumbnail","6":"product_cat-beds","7":"product_cat-wholesale-bedroom","8":"product_cat-bs-bedroom","9":"product_cat-export","10":"product_cat-wholesales-hotels","11":"product_tag-title-adjust","13":"first","14":"instock","15":"taxable","16":"shipping-taxable","17":"purchasable","18":"product-type-variable"},"_links":{"self":[{"href":"https:\/\/nexgendecors.com\/fr\/wp-json\/wp\/v2\/product\/155661","targetHints":{"allow":["GET"]}}],"collection":[{"href":"https:\/\/nexgendecors.com\/fr\/wp-json\/wp\/v2\/product"}],"about":[{"href":"https:\/\/nexgendecors.com\/fr\/wp-json\/wp\/v2\/types\/product"}],"replies":[{"embeddable":true,"href":"https:\/\/nexgendecors.com\/fr\/wp-json\/wp\/v2\/comments?post=155661"}],"version-history":[{"count":0,"href":"https:\/\/nexgendecors.com\/fr\/wp-json\/wp\/v2\/product\/155661\/revisions"}],"wp:featuredmedia":[{"embeddable":true,"href":"https:\/\/nexgendecors.com\/fr\/wp-json\/wp\/v2\/media\/155672"}],"wp:attachment":[{"href":"https:\/\/nexgendecors.com\/fr\/wp-json\/wp\/v2\/media?parent=155661"}],"wp:term":[{"taxonomy":"product_brand","embeddable":true,"href":"https:\/\/nexgendecors.com\/fr\/wp-json\/wp\/v2\/product_brand?post=155661"},{"taxonomy":"product_cat","embeddable":true,"href":"https:\/\/nexgendecors.com\/fr\/wp-json\/wp\/v2\/product_cat?post=155661"},{"taxonomy":"product_tag","embeddable":true,"href":"https:\/\/nexgendecors.com\/fr\/wp-json\/wp\/v2\/product_tag?post=155661"}],"curies":[{"name":"wp","href":"https:\/\/api.w.org\/{rel}","templated":true}]}}