{"id":155839,"date":"2025-02-10T03:49:55","date_gmt":"2025-02-10T03:49:55","guid":{"rendered":"https:\/\/nexgendecors.com\/en\/product\/nordic-2021-internet-celebrity-light-luxury-designer-small-apartment-living-room-combination-sofa-italian-minimalist-fabric-sofa\/"},"modified":"2025-04-06T09:49:30","modified_gmt":"2025-04-06T09:49:30","slug":"nordic-2021-internet-celebrity-light-luxury-designer-small-apartment-living-room-combination-sofa-italian-minimalist-fabric-sofa","status":"publish","type":"product","link":"https:\/\/nexgendecors.com\/fr\/product\/nordic-2021-internet-celebrity-light-luxury-designer-small-apartment-living-room-combination-sofa-italian-minimalist-fabric-sofa\/","title":{"rendered":"Canap\u00e9 en tissu minimaliste italien de luxe Nordic Light"},"content":{"rendered":"<ul>\n<li><strong>marque<\/strong>:ZQT\/Others<\/li>\n<li><strong>mod\u00e8le<\/strong>:20218888<\/li>\n<li><strong>style<\/strong>:Europe du Nord<\/li>\n<li><strong>Ville<\/strong>:Shanghai<\/li>\n<li><strong>Districts et comt\u00e9s<\/strong>:District de Fengxian<\/li>\n<li><strong>Assembler<\/strong>:Non<\/li>\n<li><strong>Duret\u00e9 du remplissage<\/strong>:doux<\/li>\n<li><strong>Tissu<\/strong>:engourdi<\/li>\n<li><strong>Client\u00e8le cible<\/strong>:Adultes<\/li>\n<li><strong>Technologie structurelle<\/strong>:Artisanat du bois<\/li>\n<li><strong>Est-ce personnalisable ?<\/strong>:Oui<\/li>\n<li><strong>Remplissage<\/strong>:\u00e9ponge<\/li>\n<li><strong>Est-il amovible et lavable ?<\/strong>:Non<\/li>\n<li><strong>Mat\u00e9riel<\/strong>:Bois<\/li>\n<li><strong>Mat\u00e9riau en bois<\/strong>:Pin<\/li>\n<li><strong>Combien de personnes sont assises<\/strong>:Three-proof technology cloth and cat scratching cloth, waterproof high-quality cotton and linen, flannel, lambskin, high-quality PU leather, genuine leather<\/li>\n<li><strong>Origine<\/strong>:Shanghai<\/li>\n<li><strong>Un taxi est-il disponible pour le transport ?<\/strong>:Non<\/li>\n<li><strong>Positionnement de style<\/strong>:Style artistique<\/li>\n<li><strong>Livraison\/installation disponible<\/strong>:Shanghai<\/li>\n<li><strong>trier par couleur<\/strong>:Single seat 1.2 meters, double seat 1.7 meters, triple seat 2.1 meters, quad seat 2.4 meters, customized contact customer service multiple colors optional<\/li>\n<li><strong><\/strong>:<\/li>\n<\/ul>","protected":false},"excerpt":{"rendered":"<p>Marque : ZQT\/Autres Mod\u00e8le : 20218888 Style : Europe du Nord Ville : Shanghai Districts et comt\u00e9s : District de Fengxian Assemblage : non Duret\u00e9 du remplissage : doux Tissu : engourdi Clients cibles : Adultes Technologie structurelle : Artisanat du bois Est-ce que c&#039;est<\/p>","protected":false},"featured_media":155872,"comment_status":"open","ping_status":"closed","template":"","meta":[],"product_brand":[],"product_cat":[30892,30862,30846,30873,30890],"product_tag":[30891],"class_list":{"0":"post-155839","1":"product","2":"type-product","3":"status-publish","4":"has-post-thumbnail","6":"product_cat-export","7":"product_cat-wholesales-hotels","8":"product_cat-living-room","9":"product_cat-sofa","10":"product_cat-sofas-fav","11":"product_tag-title-adjust","13":"first","14":"instock","15":"taxable","16":"shipping-taxable","17":"purchasable","18":"product-type-variable"},"_links":{"self":[{"href":"https:\/\/nexgendecors.com\/fr\/wp-json\/wp\/v2\/product\/155839","targetHints":{"allow":["GET"]}}],"collection":[{"href":"https:\/\/nexgendecors.com\/fr\/wp-json\/wp\/v2\/product"}],"about":[{"href":"https:\/\/nexgendecors.com\/fr\/wp-json\/wp\/v2\/types\/product"}],"replies":[{"embeddable":true,"href":"https:\/\/nexgendecors.com\/fr\/wp-json\/wp\/v2\/comments?post=155839"}],"version-history":[{"count":0,"href":"https:\/\/nexgendecors.com\/fr\/wp-json\/wp\/v2\/product\/155839\/revisions"}],"wp:featuredmedia":[{"embeddable":true,"href":"https:\/\/nexgendecors.com\/fr\/wp-json\/wp\/v2\/media\/155872"}],"wp:attachment":[{"href":"https:\/\/nexgendecors.com\/fr\/wp-json\/wp\/v2\/media?parent=155839"}],"wp:term":[{"taxonomy":"product_brand","embeddable":true,"href":"https:\/\/nexgendecors.com\/fr\/wp-json\/wp\/v2\/product_brand?post=155839"},{"taxonomy":"product_cat","embeddable":true,"href":"https:\/\/nexgendecors.com\/fr\/wp-json\/wp\/v2\/product_cat?post=155839"},{"taxonomy":"product_tag","embeddable":true,"href":"https:\/\/nexgendecors.com\/fr\/wp-json\/wp\/v2\/product_tag?post=155839"}],"curies":[{"name":"wp","href":"https:\/\/api.w.org\/{rel}","templated":true}]}}