{"id":155875,"date":"2025-02-10T03:53:47","date_gmt":"2025-02-10T03:53:47","guid":{"rendered":"https:\/\/nexgendecors.com\/en\/product\/piedmont-sofa-cube-floor-tofu-french-cream-style-wabi-sabi-lambskin-leather-modular-sofa\/"},"modified":"2025-04-06T09:49:34","modified_gmt":"2025-04-06T09:49:34","slug":"piedmont-sofa-cube-floor-tofu-french-cream-style-wabi-sabi-lambskin-leather-modular-sofa","status":"publish","type":"product","link":"https:\/\/nexgendecors.com\/fr\/product\/piedmont-sofa-cube-floor-tofu-french-cream-style-wabi-sabi-lambskin-leather-modular-sofa\/","title":{"rendered":"Piedmont sofa cube French cream style modular sofa"},"content":{"rendered":"<ul>\n<li><strong>Y a-t-il un espace de stockage ?<\/strong>:Non<\/li>\n<li><strong>style<\/strong>:Moderne et simple<\/li>\n<li><strong>Assembler<\/strong>:Oui<\/li>\n<li><strong>Tissu<\/strong>:Cotton, linen, lambskin, top layer cowhide suede<\/li>\n<li><strong>Ville<\/strong>:Foshan<\/li>\n<li><strong>Districts et comt\u00e9s<\/strong>:District de Shunde<\/li>\n<li><strong>La pr\u00e9vente est-elle disponible ?<\/strong>:Oui<\/li>\n<li><strong>Fonctionnalit\u00e9s suppl\u00e9mentaires<\/strong>:Amovible<\/li>\n<li><strong>Volume d&#039;emballage<\/strong>:1<\/li>\n<li><strong>Remplissage<\/strong>:\u00e9ponge<\/li>\n<li><strong>Combinaison de canap\u00e9<\/strong>:Droit<\/li>\n<li><strong>Origine<\/strong>:Province du Guangdong<\/li>\n<li><strong>Positionnement de style<\/strong>:Qualit\u00e9 Luxe<\/li>\n<li><strong>trier par couleur<\/strong>:Standard M size: 1.05*1.05*0.75 Large L size: M size: 1.85*1.05*0.75<\/li>\n<li><strong>marque<\/strong>:Welland<\/li>\n<li><strong>mod\u00e8le<\/strong>:925<\/li>\n<li><strong>Duret\u00e9 du remplissage<\/strong>:Duret\u00e9 et douceur mod\u00e9r\u00e9es<\/li>\n<li><strong>Client\u00e8le cible<\/strong>:Adultes<\/li>\n<li><strong>Technologie structurelle<\/strong>:Artisanat du bois<\/li>\n<li><strong>Technologie des structures en bois<\/strong>:autre<\/li>\n<li><strong>Est-ce personnalisable ?<\/strong>:Oui<\/li>\n<li><strong>Est-il amovible et lavable ?<\/strong>:Non<\/li>\n<li><strong>Mat\u00e9riel<\/strong>:Coton et lin<\/li>\n<li><strong>Instructions d&#039;installation d\u00e9taill\u00e9es<\/strong>:Livraison et installation incluses<\/li>\n<li><strong>Combien de personnes sont assises<\/strong>:Thickened plain cotton and linen fabric Creamy lambskin fabric Italian minimalist frosted fabric Lightly tumbled fine lines First layer of genuine leather<\/li>\n<li><strong>mod\u00e8le<\/strong>:Couleur unie<\/li>\n<li><strong>Un taxi est-il disponible pour le transport ?<\/strong>:Non<\/li>\n<li><strong>Processus de finition du tissu<\/strong>:Coton et lin<\/li>\n<li><strong>Livraison\/installation disponible<\/strong>:\u00c0 l&#039;\u00e9chelle nationale<\/li>\n<li><strong><\/strong>:<\/li>\n<\/ul>","protected":false},"excerpt":{"rendered":"<p>Is there storage space?:no style:Modern and simple Assemble:yes Fabric:Cotton, linen, lambskin, top layer cowhide suede City:Foshan Districts and counties:Shunde District<\/p>","protected":false},"featured_media":155891,"comment_status":"open","ping_status":"closed","template":"","meta":[],"product_brand":[],"product_cat":[30892,30862,30846,30873,30890],"product_tag":[30891],"class_list":{"0":"post-155875","1":"product","2":"type-product","3":"status-publish","4":"has-post-thumbnail","6":"product_cat-export","7":"product_cat-wholesales-hotels","8":"product_cat-living-room","9":"product_cat-sofa","10":"product_cat-sofas-fav","11":"product_tag-title-adjust","13":"first","14":"instock","15":"taxable","16":"shipping-taxable","17":"purchasable","18":"product-type-variable"},"_links":{"self":[{"href":"https:\/\/nexgendecors.com\/fr\/wp-json\/wp\/v2\/product\/155875","targetHints":{"allow":["GET"]}}],"collection":[{"href":"https:\/\/nexgendecors.com\/fr\/wp-json\/wp\/v2\/product"}],"about":[{"href":"https:\/\/nexgendecors.com\/fr\/wp-json\/wp\/v2\/types\/product"}],"replies":[{"embeddable":true,"href":"https:\/\/nexgendecors.com\/fr\/wp-json\/wp\/v2\/comments?post=155875"}],"version-history":[{"count":0,"href":"https:\/\/nexgendecors.com\/fr\/wp-json\/wp\/v2\/product\/155875\/revisions"}],"wp:featuredmedia":[{"embeddable":true,"href":"https:\/\/nexgendecors.com\/fr\/wp-json\/wp\/v2\/media\/155891"}],"wp:attachment":[{"href":"https:\/\/nexgendecors.com\/fr\/wp-json\/wp\/v2\/media?parent=155875"}],"wp:term":[{"taxonomy":"product_brand","embeddable":true,"href":"https:\/\/nexgendecors.com\/fr\/wp-json\/wp\/v2\/product_brand?post=155875"},{"taxonomy":"product_cat","embeddable":true,"href":"https:\/\/nexgendecors.com\/fr\/wp-json\/wp\/v2\/product_cat?post=155875"},{"taxonomy":"product_tag","embeddable":true,"href":"https:\/\/nexgendecors.com\/fr\/wp-json\/wp\/v2\/product_tag?post=155875"}],"curies":[{"name":"wp","href":"https:\/\/api.w.org\/{rel}","templated":true}]}}