{"id":155935,"date":"2025-02-10T04:00:17","date_gmt":"2025-02-10T04:00:17","guid":{"rendered":"https:\/\/nexgendecors.com\/en\/product\/cream-style-lawrence-straight-leather-sofa-villa-large-flat-italian-minimalist-living-room-designer-leather-sofa\/"},"modified":"2025-02-11T17:40:20","modified_gmt":"2025-02-11T17:40:20","slug":"cream-style-lawrence-straight-leather-sofa-villa-large-flat-italian-minimalist-living-room-designer-leather-sofa","status":"publish","type":"product","link":"https:\/\/nexgendecors.com\/fr\/product\/cream-style-lawrence-straight-leather-sofa-villa-large-flat-italian-minimalist-living-room-designer-leather-sofa\/","title":{"rendered":"Canap\u00e9 Lawrence en cuir cr\u00e8me \u2013 Design minimaliste italien"},"content":{"rendered":"<ul>\n<li><strong>marque<\/strong>:Distant Aoki<\/li>\n<li><strong>mod\u00e8le<\/strong>:Lawrence Sofa<\/li>\n<li><strong>Mati\u00e8re cuir<\/strong>:Small yellow cowhide<\/li>\n<li><strong>style<\/strong>:Minimalisme italien<\/li>\n<li><strong>Remplissage<\/strong>:55D \u00e9ponge + latex<\/li>\n<li><strong>Est-ce personnalisable ?<\/strong>:Non<\/li>\n<li><strong>Assembler<\/strong>:Oui<\/li>\n<li><strong>Combinaison de canap\u00e9<\/strong>:Droit<\/li>\n<li><strong>Mat\u00e9riel<\/strong>:Bois<\/li>\n<li><strong>Client\u00e8le cible<\/strong>:G\u00e9n\u00e9ral<\/li>\n<li><strong>Gamme de finitions en cuir<\/strong>:Tout cuir<\/li>\n<li><strong>trier par couleur<\/strong>:3-person seat 2.24m [S-class anti-cat scratching leather], large 3-person seat 2.52m [S-class anti-cat scratching leather], 4-person seat 2.8m [S-class anti-cat scratching leather], 5-person seat 3.08m [S-class anti-cat scratching leather], large 5-person seat 3.36m [S-class anti-cat scratching leather], 6-person seat 3.64m [S-class anti-cat scratching leather], large 6-person seat 3.92m [S-class anti-cat scratching leather], 3-person seat 2.24m [S [S-class anti-cat scratching leather] \/ Upgraded stainless steel base, large three-person seat 2.52 meters [S-class anti-cat scratching leather] \/ Upgraded stainless steel base, four-person seat 2.8 meters [S-class anti-cat scratching leather] \/ Upgraded stainless steel base, five-person seat 3.08 meters [S-class anti-cat scratching leather] \/ Upgraded stainless steel base, large five-person seat 3.36 meters [S-class anti-cat scratching leather] \/ Upgraded stainless steel base, six-person seat 3.64 meters [S-class anti-cat scratching leather] \/Upgraded stainless steel base, large six-person seat 3.92 meters [S-level anti-cat scratching leather]\/Upgraded stainless steel base, three-person seat 2.24 meters [SS-level imported small yellow cowhide], large three-person seat 2.52 meters [SS-level imported small yellow cowhide], four-person seat 2.8 meters [SS-level imported small yellow cowhide], five-person seat 3.08 meters [SS-level imported small yellow cowhide], large five-person seat 3.36 meters [SS-level imported small yellow cowhide], three-person seat 2.24 meters [SS-level imported small yellow cowhide]\/Upgraded stainless steel base, large three-person seat 2.52 meters [SS-level imported small yellow cowhide]\/Upgraded stainless steel base, four-person seat 2.8 meters [SS-level imported small yellow cowhide]\/Upgraded stainless steel base, five-person seat 3.08 meters [SS-level imported small yellow cowhide]\/Upgraded stainless steel base, large five-person seat 3.36 meters [SS-level imported small yellow cowhide]\/Upgraded stainless steel base<\/li>\n<\/ul>","protected":false},"excerpt":{"rendered":"<p>Marque : Distant Aoki Mod\u00e8le : Lawrence Sofa Mat\u00e9riau du cuir : Petit cuir de vache jaune Style : Minimalisme italien Remplissage : \u00c9ponge 55D + latex Est-il personnalisable ? : Non Assemblage : Oui Combinaison de canap\u00e9 : Droit<\/p>","protected":false},"featured_media":155934,"comment_status":"open","ping_status":"closed","template":"","meta":[],"product_brand":[],"product_cat":[30892,30862,30846,30873,30890],"product_tag":[30891],"class_list":{"0":"post-155935","1":"product","2":"type-product","3":"status-publish","4":"has-post-thumbnail","6":"product_cat-export","7":"product_cat-wholesales-hotels","8":"product_cat-living-room","9":"product_cat-sofa","10":"product_cat-sofas-fav","11":"product_tag-title-adjust","13":"first","14":"instock","15":"taxable","16":"shipping-taxable","17":"purchasable","18":"product-type-variable"},"_links":{"self":[{"href":"https:\/\/nexgendecors.com\/fr\/wp-json\/wp\/v2\/product\/155935","targetHints":{"allow":["GET"]}}],"collection":[{"href":"https:\/\/nexgendecors.com\/fr\/wp-json\/wp\/v2\/product"}],"about":[{"href":"https:\/\/nexgendecors.com\/fr\/wp-json\/wp\/v2\/types\/product"}],"replies":[{"embeddable":true,"href":"https:\/\/nexgendecors.com\/fr\/wp-json\/wp\/v2\/comments?post=155935"}],"version-history":[{"count":0,"href":"https:\/\/nexgendecors.com\/fr\/wp-json\/wp\/v2\/product\/155935\/revisions"}],"wp:featuredmedia":[{"embeddable":true,"href":"https:\/\/nexgendecors.com\/fr\/wp-json\/wp\/v2\/media\/155934"}],"wp:attachment":[{"href":"https:\/\/nexgendecors.com\/fr\/wp-json\/wp\/v2\/media?parent=155935"}],"wp:term":[{"taxonomy":"product_brand","embeddable":true,"href":"https:\/\/nexgendecors.com\/fr\/wp-json\/wp\/v2\/product_brand?post=155935"},{"taxonomy":"product_cat","embeddable":true,"href":"https:\/\/nexgendecors.com\/fr\/wp-json\/wp\/v2\/product_cat?post=155935"},{"taxonomy":"product_tag","embeddable":true,"href":"https:\/\/nexgendecors.com\/fr\/wp-json\/wp\/v2\/product_tag?post=155935"}],"curies":[{"name":"wp","href":"https:\/\/api.w.org\/{rel}","templated":true}]}}