{"id":155971,"date":"2025-02-10T04:02:21","date_gmt":"2025-02-10T04:02:21","guid":{"rendered":"https:\/\/nexgendecors.com\/en\/product\/prado-italian-minimalist-no-backrest-no-armrest-small-apartment-fabric-sofa-light-luxury-designer-clothing-store-study-chaise-longue-sofa\/"},"modified":"2025-04-06T09:49:40","modified_gmt":"2025-04-06T09:49:40","slug":"prado-italien-minimaliste-sans-dossier-ni-accoudoir-petit-appartement-canape-en-tissu-leger-magasin-de-vetements-de-createur-de-luxe-etude-canape-chaise-longue","status":"publish","type":"product","link":"https:\/\/nexgendecors.com\/fr\/product\/prado-italien-minimaliste-sans-dossier-ni-accoudoir-petit-appartement-canape-en-tissu-leger-magasin-de-vetements-de-createur-de-luxe-etude-canape-chaise-longue\/","title":{"rendered":"Canap\u00e9 m\u00e9ridienne minimaliste en tissu Prado"},"content":{"rendered":"<ul>\n<li><strong>marque<\/strong>:autre\/autre<\/li>\n<li><strong>mod\u00e8le<\/strong>:056<\/li>\n<li><strong>Mat\u00e9riel<\/strong>:Bois<\/li>\n<li><strong>Mat\u00e9riau en bois<\/strong>:bouleau<\/li>\n<li><strong>Tissu<\/strong>:engourdi<\/li>\n<li><strong>style<\/strong>:Moderne et simple<\/li>\n<li><strong>Combien de personnes sont assises<\/strong>:Coton et lin imperm\u00e9ables en plusieurs couleurs, flanelle italienne en plusieurs couleurs, cuir PU de haute qualit\u00e9 en plusieurs couleurs, tissu technologique imperm\u00e9able en plusieurs couleurs, cuir v\u00e9ritable en plusieurs couleurs, tissu \u00e0 gratter pour chat en plusieurs couleurs<\/li>\n<li><strong>trier par couleur<\/strong>:Vente d&#039;un ensemble de jet\u00e9e antid\u00e9rapante + cylindre, si\u00e8ge une personne 1,2 m\u00e8tres avec 1 jet\u00e9e + cylindre, si\u00e8ge deux personnes 1,8 m\u00e8tres avec 2 jet\u00e9es + cylindres, si\u00e8ge trois personnes 2,2 m\u00e8tres avec 2 jet\u00e9es + cylindres, si\u00e8ge quatre personnes 2,4 m\u00e8tres avec 2 jet\u00e9es + cylindres, si\u00e8ge quatre personnes 2,4 m\u00e8tres avec 3 jet\u00e9es + cylindres, taille personnalis\u00e9e contacter le service client<\/li>\n<li><strong>Remplissage<\/strong>:\u00e9ponge<\/li>\n<li><strong>Est-ce personnalisable ?<\/strong>:Oui<\/li>\n<li><strong>Fonctionnalit\u00e9s suppl\u00e9mentaires<\/strong>:Amovible<\/li>\n<li><strong>Client\u00e8le cible<\/strong>:Adultes<\/li>\n<li><strong>Livraison\/installation disponible<\/strong>:Shanghai<\/li>\n<li><strong>Origine<\/strong>:Shanghai<\/li>\n<li><strong>Ville<\/strong>:Shanghai<\/li>\n<li><strong>Districts et comt\u00e9s<\/strong>:District de Fengxian<\/li>\n<li><strong>Assembler<\/strong>:Non<\/li>\n<li><strong>Un taxi est-il disponible pour le transport ?<\/strong>:Non<\/li>\n<li><strong>Duret\u00e9 du remplissage<\/strong>:doux<\/li>\n<li><strong>Positionnement de style<\/strong>:Qualit\u00e9 Luxe<\/li>\n<\/ul>","protected":false},"excerpt":{"rendered":"<p>marque : autre\/autre mod\u00e8le : 056 Mat\u00e9riau : bois Mat\u00e9riau du bois : bouleau Tissu : engourdi Style : moderne et simple Combien de personnes sont assises : coton et lin imperm\u00e9ables en plusieurs couleurs, italien<\/p>","protected":false},"featured_media":156015,"comment_status":"open","ping_status":"closed","template":"","meta":[],"product_brand":[],"product_cat":[30892,30862,30846,30873,30890],"product_tag":[30891],"class_list":{"0":"post-155971","1":"product","2":"type-product","3":"status-publish","4":"has-post-thumbnail","6":"product_cat-export","7":"product_cat-wholesales-hotels","8":"product_cat-living-room","9":"product_cat-sofa","10":"product_cat-sofas-fav","11":"product_tag-title-adjust","13":"first","14":"instock","15":"taxable","16":"shipping-taxable","17":"purchasable","18":"product-type-variable"},"_links":{"self":[{"href":"https:\/\/nexgendecors.com\/fr\/wp-json\/wp\/v2\/product\/155971","targetHints":{"allow":["GET"]}}],"collection":[{"href":"https:\/\/nexgendecors.com\/fr\/wp-json\/wp\/v2\/product"}],"about":[{"href":"https:\/\/nexgendecors.com\/fr\/wp-json\/wp\/v2\/types\/product"}],"replies":[{"embeddable":true,"href":"https:\/\/nexgendecors.com\/fr\/wp-json\/wp\/v2\/comments?post=155971"}],"version-history":[{"count":0,"href":"https:\/\/nexgendecors.com\/fr\/wp-json\/wp\/v2\/product\/155971\/revisions"}],"wp:featuredmedia":[{"embeddable":true,"href":"https:\/\/nexgendecors.com\/fr\/wp-json\/wp\/v2\/media\/156015"}],"wp:attachment":[{"href":"https:\/\/nexgendecors.com\/fr\/wp-json\/wp\/v2\/media?parent=155971"}],"wp:term":[{"taxonomy":"product_brand","embeddable":true,"href":"https:\/\/nexgendecors.com\/fr\/wp-json\/wp\/v2\/product_brand?post=155971"},{"taxonomy":"product_cat","embeddable":true,"href":"https:\/\/nexgendecors.com\/fr\/wp-json\/wp\/v2\/product_cat?post=155971"},{"taxonomy":"product_tag","embeddable":true,"href":"https:\/\/nexgendecors.com\/fr\/wp-json\/wp\/v2\/product_tag?post=155971"}],"curies":[{"name":"wp","href":"https:\/\/api.w.org\/{rel}","templated":true}]}}