{"id":156034,"date":"2025-02-10T05:03:02","date_gmt":"2025-02-10T05:03:02","guid":{"rendered":"https:\/\/nexgendecors.com\/en\/product\/2022-new-internet-celebrity-nordic-italian-small-apartment-fabric-sofa-simple-modern-light-luxury-japanese-bread-combination\/"},"modified":"2025-04-06T09:49:42","modified_gmt":"2025-04-06T09:49:42","slug":"2022-new-internet-celebrity-nordic-italian-small-apartment-fabric-sofa-simple-modern-light-luxury-japanese-bread-combination","status":"publish","type":"product","link":"https:\/\/nexgendecors.com\/fr\/product\/2022-new-internet-celebrity-nordic-italian-small-apartment-fabric-sofa-simple-modern-light-luxury-japanese-bread-combination\/","title":{"rendered":"Canap\u00e9 en tissu italien nordique \u2013 Design moderne et luxueux"},"content":{"rendered":"<ul>\n<li><strong>marque<\/strong>:autre\/autre<\/li>\n<li><strong>mod\u00e8le<\/strong>:202288<\/li>\n<li><strong>Mat\u00e9riel<\/strong>:Bois<\/li>\n<li><strong>Mat\u00e9riau en bois<\/strong>:Pin<\/li>\n<li><strong>Tissu<\/strong>:Tissus composites<\/li>\n<li><strong>style<\/strong>:Europe du Nord<\/li>\n<li><strong>Combien de personnes sont assises<\/strong>:Waterproof lambskin and lambskin in multiple colors, waterproof technical cloth in multiple colors, waterproof cotton and linen in multiple colors, Italian velvet, German mink and waterproof flannel in multiple colors, cat scratching cloth in multiple colors, wear-resistant and scratch-resistant leather in multiple colors<\/li>\n<li><strong>trier par couleur<\/strong>:Single seat 1.1m, double seat 1.7m, large double seat 1.9m, triple seat 2.3m, quadruple seat 2.6m<\/li>\n<li><strong>Remplissage<\/strong>:\u00e9ponge<\/li>\n<li><strong>Est-ce personnalisable ?<\/strong>:Oui<\/li>\n<li><strong>Combinaison de canap\u00e9<\/strong>:Forme en L<\/li>\n<li><strong>Est-il amovible et lavable ?<\/strong>:Non<\/li>\n<li><strong>Client\u00e8le cible<\/strong>:Adultes<\/li>\n<li><strong>Livraison\/installation disponible<\/strong>:Shanghai<\/li>\n<li><strong>Origine<\/strong>:Shanghai<\/li>\n<li><strong>Ville<\/strong>:Shanghai<\/li>\n<li><strong>Districts et comt\u00e9s<\/strong>:District de Fengxian<\/li>\n<li><strong>Assembler<\/strong>:Non<\/li>\n<li><strong>Un taxi est-il disponible pour le transport ?<\/strong>:Non<\/li>\n<li><strong>Duret\u00e9 du remplissage<\/strong>:doux<\/li>\n<li><strong>Positionnement de style<\/strong>:Style artistique<\/li>\n<li><strong><\/strong>:<\/li>\n<\/ul>","protected":false},"excerpt":{"rendered":"<p>Marque : autre\/autre Mod\u00e8le : 202288 Mat\u00e9riau : bois Mat\u00e9riau du bois : pin Tissu : tissus composites Style : Europe du Nord Nombre de personnes assises : cuir d&#039;agneau imperm\u00e9able et cuir d&#039;agneau de plusieurs couleurs, imperm\u00e9able<\/p>","protected":false},"featured_media":156033,"comment_status":"open","ping_status":"closed","template":"","meta":[],"product_brand":[],"product_cat":[30892,30862,30846,30873,30890],"product_tag":[30891],"class_list":{"0":"post-156034","1":"product","2":"type-product","3":"status-publish","4":"has-post-thumbnail","6":"product_cat-export","7":"product_cat-wholesales-hotels","8":"product_cat-living-room","9":"product_cat-sofa","10":"product_cat-sofas-fav","11":"product_tag-title-adjust","13":"first","14":"instock","15":"taxable","16":"shipping-taxable","17":"purchasable","18":"product-type-variable"},"_links":{"self":[{"href":"https:\/\/nexgendecors.com\/fr\/wp-json\/wp\/v2\/product\/156034","targetHints":{"allow":["GET"]}}],"collection":[{"href":"https:\/\/nexgendecors.com\/fr\/wp-json\/wp\/v2\/product"}],"about":[{"href":"https:\/\/nexgendecors.com\/fr\/wp-json\/wp\/v2\/types\/product"}],"replies":[{"embeddable":true,"href":"https:\/\/nexgendecors.com\/fr\/wp-json\/wp\/v2\/comments?post=156034"}],"version-history":[{"count":0,"href":"https:\/\/nexgendecors.com\/fr\/wp-json\/wp\/v2\/product\/156034\/revisions"}],"wp:featuredmedia":[{"embeddable":true,"href":"https:\/\/nexgendecors.com\/fr\/wp-json\/wp\/v2\/media\/156033"}],"wp:attachment":[{"href":"https:\/\/nexgendecors.com\/fr\/wp-json\/wp\/v2\/media?parent=156034"}],"wp:term":[{"taxonomy":"product_brand","embeddable":true,"href":"https:\/\/nexgendecors.com\/fr\/wp-json\/wp\/v2\/product_brand?post=156034"},{"taxonomy":"product_cat","embeddable":true,"href":"https:\/\/nexgendecors.com\/fr\/wp-json\/wp\/v2\/product_cat?post=156034"},{"taxonomy":"product_tag","embeddable":true,"href":"https:\/\/nexgendecors.com\/fr\/wp-json\/wp\/v2\/product_tag?post=156034"}],"curies":[{"name":"wp","href":"https:\/\/api.w.org\/{rel}","templated":true}]}}