{"id":156266,"date":"2025-02-10T05:07:51","date_gmt":"2025-02-10T05:07:51","guid":{"rendered":"https:\/\/nexgendecors.com\/en\/product\/kelly-moment-light-luxury-minimalist-leather-sofa-living-room-simple-large-flat-high-end-luxury-designer-new-c\/"},"modified":"2025-04-06T09:49:49","modified_gmt":"2025-04-06T09:49:49","slug":"kelly-moment-light-luxury-minimalist-leather-sofa-living-room-simple-large-flat-high-end-luxury-designer-new-c","status":"publish","type":"product","link":"https:\/\/nexgendecors.com\/fr\/product\/kelly-moment-light-luxury-minimalist-leather-sofa-living-room-simple-large-flat-high-end-luxury-designer-new-c\/","title":{"rendered":"Canap\u00e9 en cuir minimaliste Kelly Moment \u2013 Salon de luxe"},"content":{"rendered":"<ul>\n<li><strong>marque<\/strong>:KKLSY<\/li>\n<li><strong>mod\u00e8le<\/strong>:Barron sofa corner<\/li>\n<li><strong>Mati\u00e8re cuir<\/strong>:Couche sup\u00e9rieure de cuir de vache<\/li>\n<li><strong>style<\/strong>:Style de luxe l\u00e9ger<\/li>\n<li><strong>Remplissage<\/strong>:\u00c9ponge \u00e0 haute r\u00e9silience<\/li>\n<li><strong>Est-ce personnalisable ?<\/strong>:Oui<\/li>\n<li><strong>Assembler<\/strong>:Non<\/li>\n<li><strong>Combinaison de canap\u00e9<\/strong>:Forme en L<\/li>\n<li><strong>Mat\u00e9riel<\/strong>:Peau de vache<\/li>\n<li><strong>Client\u00e8le cible<\/strong>:G\u00e9n\u00e9ral<\/li>\n<li><strong>Gamme de finitions en cuir<\/strong>:Tout cuir<\/li>\n<li><strong>trier par couleur<\/strong>:Combination A straight sofa 3.45 meters [thickened S-grade leather], combination B straight sofa 3.48 meters [with magazine rack] [thickened S-grade leather], combination C sofa 4.2 meters [thickened S-grade leather], combination D sofa 4.15 meters [thickened S-grade leather], combination E sofa 4.2 meters [thickened S-grade leather], combination F sofa 4.2 meters [thickened S-grade leather]<\/li>\n<\/ul>","protected":false},"excerpt":{"rendered":"<p>Marque : KKLSY Mod\u00e8le : Canap\u00e9 d&#039;angle Barron Mat\u00e9riau du cuir : Couche sup\u00e9rieure en cuir de vache Style : Style de luxe l\u00e9ger Remplissage : \u00c9ponge haute r\u00e9silience Est-il personnalisable ? : Oui Assemblage : Non Canap\u00e9<\/p>","protected":false},"featured_media":156265,"comment_status":"open","ping_status":"closed","template":"","meta":[],"product_brand":[],"product_cat":[30892,30862,30846,30873,30890],"product_tag":[30891],"class_list":{"0":"post-156266","1":"product","2":"type-product","3":"status-publish","4":"has-post-thumbnail","6":"product_cat-export","7":"product_cat-wholesales-hotels","8":"product_cat-living-room","9":"product_cat-sofa","10":"product_cat-sofas-fav","11":"product_tag-title-adjust","13":"first","14":"instock","15":"taxable","16":"shipping-taxable","17":"purchasable","18":"product-type-variable"},"_links":{"self":[{"href":"https:\/\/nexgendecors.com\/fr\/wp-json\/wp\/v2\/product\/156266","targetHints":{"allow":["GET"]}}],"collection":[{"href":"https:\/\/nexgendecors.com\/fr\/wp-json\/wp\/v2\/product"}],"about":[{"href":"https:\/\/nexgendecors.com\/fr\/wp-json\/wp\/v2\/types\/product"}],"replies":[{"embeddable":true,"href":"https:\/\/nexgendecors.com\/fr\/wp-json\/wp\/v2\/comments?post=156266"}],"version-history":[{"count":0,"href":"https:\/\/nexgendecors.com\/fr\/wp-json\/wp\/v2\/product\/156266\/revisions"}],"wp:featuredmedia":[{"embeddable":true,"href":"https:\/\/nexgendecors.com\/fr\/wp-json\/wp\/v2\/media\/156265"}],"wp:attachment":[{"href":"https:\/\/nexgendecors.com\/fr\/wp-json\/wp\/v2\/media?parent=156266"}],"wp:term":[{"taxonomy":"product_brand","embeddable":true,"href":"https:\/\/nexgendecors.com\/fr\/wp-json\/wp\/v2\/product_brand?post=156266"},{"taxonomy":"product_cat","embeddable":true,"href":"https:\/\/nexgendecors.com\/fr\/wp-json\/wp\/v2\/product_cat?post=156266"},{"taxonomy":"product_tag","embeddable":true,"href":"https:\/\/nexgendecors.com\/fr\/wp-json\/wp\/v2\/product_tag?post=156266"}],"curies":[{"name":"wp","href":"https:\/\/api.w.org\/{rel}","templated":true}]}}