{"id":156330,"date":"2025-02-10T05:12:01","date_gmt":"2025-02-10T05:12:01","guid":{"rendered":"https:\/\/nexgendecors.com\/en\/product\/kellys-italian-minimalist-dining-table-for-home-modern-simple-light-luxury-water-drop-shaped-dining-table-large-apartment-high-end-s-2\/"},"modified":"2025-03-11T07:02:11","modified_gmt":"2025-03-11T07:02:11","slug":"kellys-italian-minimalist-dining-table-for-home-modern-simple-light-luxury-water-drop-shaped-dining-table-large-apartment-high-end-s-2","status":"publish","type":"product","link":"https:\/\/nexgendecors.com\/fr\/product\/kellys-italian-minimalist-dining-table-for-home-modern-simple-light-luxury-water-drop-shaped-dining-table-large-apartment-high-end-s-2\/","title":{"rendered":"Table \u00e0 manger minimaliste en forme de goutte d&#039;eau de Kelly"},"content":{"rendered":"<ul>\n<li><strong>marque<\/strong>:KKLSY<\/li>\n<li><strong>mod\u00e8le<\/strong>:Table \u00e0 manger berlinoise<\/li>\n<li><strong>style<\/strong>:Minimalisme italien<\/li>\n<li><strong>Que ce soit avec un rouleau<\/strong>:Non<\/li>\n<li><strong>Assembler<\/strong>:Non<\/li>\n<li><strong>Faut-il apporter une pompe ?<\/strong>:Non<\/li>\n<li><strong>Mat\u00e9riau de finition<\/strong>:Bois<\/li>\n<li><strong>Faut-il apporter une platine vinyle ?<\/strong>:Non<\/li>\n<li><strong>S&#039;il dispose d&#039;une fonction de cuisson \u00e0 induction<\/strong>:Non<\/li>\n<li><strong>Est-ce personnalisable ?<\/strong>:Non<\/li>\n<li><strong>forme<\/strong>:\u00c9tranger<\/li>\n<li><strong>Faut-il apporter une chaise ou un tabouret ?<\/strong>:Oui<\/li>\n<li><strong>Structure du meuble<\/strong>:autre<\/li>\n<li><strong>Y a-t-il une armoire ?<\/strong>:Non<\/li>\n<li><strong>Positionnement de style<\/strong>:Qualit\u00e9 Luxe<\/li>\n<li><strong>trier par couleur<\/strong>:1.8m agate grey dining table equivalent to a 1.6m rectangle without taking up space, 2.1m dining table combining beauty and practicality, 1.8m Phantom Red dining table equivalent to a 1.6m rectangle without taking up space, 2.1m dining table combining beauty and practicality Phantom Red, 1 green glazed petal dining chair, 1 champagne gold glazed petal dining chair, 4 Berlin dining chairs, 6 Berlin dining chairs, 4 Norsi dining chairs, 6 Norsi dining chairs, 4 Ivni dining chairs light color, 6 Ivni dining chairs light color, 4 Kailo dining chairs, 6 Kailo dining chairs<\/li>\n<\/ul>","protected":false},"excerpt":{"rendered":"<p>Marque : KKLSY Mod\u00e8le : Table \u00e0 manger Berlin Style : Minimalisme italien Avec roulettes : non Assemblage : non Pompe \u00e0 apporter : non Mat\u00e9riau de finition : bois<\/p>","protected":false},"featured_media":156329,"comment_status":"open","ping_status":"closed","template":"","meta":[],"product_brand":[],"product_cat":[30826,30852,30892,30862],"product_tag":[30891],"class_list":{"0":"post-156330","1":"product","2":"type-product","3":"status-publish","4":"has-post-thumbnail","6":"product_cat-dining-room","7":"product_cat-dining-set","8":"product_cat-export","9":"product_cat-wholesales-hotels","10":"product_tag-title-adjust","12":"first","13":"instock","14":"taxable","15":"shipping-taxable","16":"purchasable","17":"product-type-variable"},"_links":{"self":[{"href":"https:\/\/nexgendecors.com\/fr\/wp-json\/wp\/v2\/product\/156330","targetHints":{"allow":["GET"]}}],"collection":[{"href":"https:\/\/nexgendecors.com\/fr\/wp-json\/wp\/v2\/product"}],"about":[{"href":"https:\/\/nexgendecors.com\/fr\/wp-json\/wp\/v2\/types\/product"}],"replies":[{"embeddable":true,"href":"https:\/\/nexgendecors.com\/fr\/wp-json\/wp\/v2\/comments?post=156330"}],"version-history":[{"count":0,"href":"https:\/\/nexgendecors.com\/fr\/wp-json\/wp\/v2\/product\/156330\/revisions"}],"wp:featuredmedia":[{"embeddable":true,"href":"https:\/\/nexgendecors.com\/fr\/wp-json\/wp\/v2\/media\/156329"}],"wp:attachment":[{"href":"https:\/\/nexgendecors.com\/fr\/wp-json\/wp\/v2\/media?parent=156330"}],"wp:term":[{"taxonomy":"product_brand","embeddable":true,"href":"https:\/\/nexgendecors.com\/fr\/wp-json\/wp\/v2\/product_brand?post=156330"},{"taxonomy":"product_cat","embeddable":true,"href":"https:\/\/nexgendecors.com\/fr\/wp-json\/wp\/v2\/product_cat?post=156330"},{"taxonomy":"product_tag","embeddable":true,"href":"https:\/\/nexgendecors.com\/fr\/wp-json\/wp\/v2\/product_tag?post=156330"}],"curies":[{"name":"wp","href":"https:\/\/api.w.org\/{rel}","templated":true}]}}