{"id":156407,"date":"2025-02-10T05:14:58","date_gmt":"2025-02-10T05:14:58","guid":{"rendered":"https:\/\/nexgendecors.com\/en\/product\/kelly-time-italian-minimalist-dressing-table-light-luxury-dressing-table-drawer-integrated-bedroom-modern-minimalist-designer-s\/"},"modified":"2025-02-11T17:40:34","modified_gmt":"2025-02-11T17:40:34","slug":"kelly-time-italian-minimalist-dressing-table-light-luxury-dressing-table-drawer-integrated-bedroom-modern-minimalist-designer-s","status":"publish","type":"product","link":"https:\/\/nexgendecors.com\/fr\/product\/kelly-time-italian-minimalist-dressing-table-light-luxury-dressing-table-drawer-integrated-bedroom-modern-minimalist-designer-s\/","title":{"rendered":"Coiffeuse minimaliste de luxe Kelly Time"},"content":{"rendered":"<ul>\n<li><strong>marque<\/strong>:KKLSY<\/li>\n<li><strong>mod\u00e8le<\/strong>:Senna Dressing Table<\/li>\n<li><strong>style<\/strong>:Minimalisme italien<\/li>\n<li><strong>Fonctionnalit\u00e9s suppl\u00e9mentaires<\/strong>:Stockage<\/li>\n<li><strong>Est-ce personnalisable ?<\/strong>:Non<\/li>\n<li><strong>Assembler<\/strong>:Non<\/li>\n<li><strong>Mat\u00e9riel<\/strong>:autre<\/li>\n<li><strong>Client\u00e8le cible<\/strong>:Adultes<\/li>\n<li><strong>Installation<\/strong>:Paquet<\/li>\n<li><strong>Positionnement de style<\/strong>:Qualit\u00e9 Luxe<\/li>\n<li><strong>Nombre de portes<\/strong>:Pas de porte<\/li>\n<li><strong>trier par couleur<\/strong>:High drawer + 75CM dressing table, high drawer + 75CM dressing table + mirror., high drawer + 75CM dressing table + Shi Rui makeup stool., high drawer + 100CM dressing table., high drawer + 100CM dressing table + mirror., high drawer + 100CM dressing table + Shi Rui makeup stool., high drawer + 75CM dressing table + mirror + Shi Rui makeup stool., high drawer + 100CM dressing table + mirror + Shi Rui makeup stool, fourth generation high-end 8 drawer + 75CM dressing table + mirror, fourth generation high-end 8 drawer + 100CM dressing table + mirror, standard version of six drawer + 75CM dressing table., standard 6 drawer + 75CM dressing table + mirror., standard version of six drawer + 100CM dressing table., standard version of six drawer + 100CM dressing table. + mirror<\/li>\n<\/ul>","protected":false},"excerpt":{"rendered":"<p>Marque : KKLSY Mod\u00e8le : Coiffeuse Senna Style : Minimalisme italien Caract\u00e9ristiques suppl\u00e9mentaires : Rangement Est-il personnalisable ? : Non Assemblage : Non Mat\u00e9riau : Autre Client\u00e8le cible : Adultes Installation : Style d&#039;emballage Positionnement : Qualit\u00e9 Luxe Num\u00e9ro<\/p>","protected":false},"featured_media":156406,"comment_status":"open","ping_status":"closed","template":"","meta":[],"product_brand":[],"product_cat":[30858,30892,30862],"product_tag":[30891],"class_list":{"0":"post-156407","1":"product","2":"type-product","3":"status-publish","4":"has-post-thumbnail","6":"product_cat-wholesale-bedroom","7":"product_cat-export","8":"product_cat-wholesales-hotels","9":"product_tag-title-adjust","11":"first","12":"instock","13":"taxable","14":"shipping-taxable","15":"purchasable","16":"product-type-variable"},"_links":{"self":[{"href":"https:\/\/nexgendecors.com\/fr\/wp-json\/wp\/v2\/product\/156407","targetHints":{"allow":["GET"]}}],"collection":[{"href":"https:\/\/nexgendecors.com\/fr\/wp-json\/wp\/v2\/product"}],"about":[{"href":"https:\/\/nexgendecors.com\/fr\/wp-json\/wp\/v2\/types\/product"}],"replies":[{"embeddable":true,"href":"https:\/\/nexgendecors.com\/fr\/wp-json\/wp\/v2\/comments?post=156407"}],"version-history":[{"count":0,"href":"https:\/\/nexgendecors.com\/fr\/wp-json\/wp\/v2\/product\/156407\/revisions"}],"wp:featuredmedia":[{"embeddable":true,"href":"https:\/\/nexgendecors.com\/fr\/wp-json\/wp\/v2\/media\/156406"}],"wp:attachment":[{"href":"https:\/\/nexgendecors.com\/fr\/wp-json\/wp\/v2\/media?parent=156407"}],"wp:term":[{"taxonomy":"product_brand","embeddable":true,"href":"https:\/\/nexgendecors.com\/fr\/wp-json\/wp\/v2\/product_brand?post=156407"},{"taxonomy":"product_cat","embeddable":true,"href":"https:\/\/nexgendecors.com\/fr\/wp-json\/wp\/v2\/product_cat?post=156407"},{"taxonomy":"product_tag","embeddable":true,"href":"https:\/\/nexgendecors.com\/fr\/wp-json\/wp\/v2\/product_tag?post=156407"}],"curies":[{"name":"wp","href":"https:\/\/api.w.org\/{rel}","templated":true}]}}