{"id":156432,"date":"2025-02-10T05:17:55","date_gmt":"2025-02-10T05:17:55","guid":{"rendered":"https:\/\/nexgendecors.com\/en\/product\/kelly-moment-italian-minimalist-natural-luxury-stone-round-dining-table-with-turntable-light-luxury-high-end-villa-large-flat-c\/"},"modified":"2025-04-06T09:49:57","modified_gmt":"2025-04-06T09:49:57","slug":"kelly-moment-table-a-manger-ronde-en-pierre-naturelle-de-luxe-minimaliste-italienne-avec-plateau-tournant-villa-de-luxe-haut-de-gamme-grand-appartement-c","status":"publish","type":"product","link":"https:\/\/nexgendecors.com\/fr\/product\/kelly-moment-table-a-manger-ronde-en-pierre-naturelle-de-luxe-minimaliste-italienne-avec-plateau-tournant-villa-de-luxe-haut-de-gamme-grand-appartement-c\/","title":{"rendered":"Kelly Moment Table de salle \u00e0 manger ronde en pierre de luxe"},"content":{"rendered":"<ul>\n<li><strong>marque<\/strong>:KKLSY<\/li>\n<li><strong>mod\u00e8le<\/strong>:Table \u00e0 manger ronde Bona<\/li>\n<li><strong>style<\/strong>:Italien<\/li>\n<li><strong>Est-ce personnalisable ?<\/strong>:Non<\/li>\n<li><strong>Assembler<\/strong>:Assembl\u00e9e<\/li>\n<li><strong>Est-ce \u00e9volutif ?<\/strong>:Non<\/li>\n<li><strong>Positionnement de style<\/strong>:Qualit\u00e9 Luxe<\/li>\n<li><strong>S&#039;il dispose d&#039;une fonction de cuisson \u00e0 induction<\/strong>:Non<\/li>\n<li><strong>trier par couleur<\/strong>:1,35 m Fendi blanc [pierre de luxe haut de gamme], 1,35 m Fendi blanc vide [pierre de luxe haut de gamme] + plateau tournant, 1,5 m Fendi blanc [pierre de luxe haut de gamme] + plateau tournant, 1,8 m Fendi blanc [pierre de luxe haut de gamme] + plateau tournant, 1,35 m Galaxy ciel \u00e9toil\u00e9 [pierre de luxe haut de gamme], 1,35 m Galaxy ciel \u00e9toil\u00e9 [pierre de luxe haut de gamme] + plateau tournant, 1,5 m Galaxy ciel \u00e9toil\u00e9 [pierre de luxe haut de gamme] + plateau tournant, 1,8 m Galaxy ciel \u00e9toil\u00e9 [pierre de luxe haut de gamme] + plateau tournant, 1,35 m platine diamant [pierre de luxe haut de gamme], 1,35 m platine diamant [pierre de luxe haut de gamme] + plateau tournant, 1,5 m platine diamant [pierre de luxe haut de gamme] + plateau tournant, 1,8 m platine diamant [pierre de luxe haut de gamme] + plateau tournant, 6 chaises de salle \u00e0 manger platine, 8 chaises de salle \u00e0 manger platine, 6 chaises de salle \u00e0 manger Kailo chaises, 8 chaises de salle \u00e0 manger Kailo, 6 chaises de salle \u00e0 manger Berlin.<\/li>\n<li><strong><\/strong>:<\/li>\n<\/ul>","protected":false},"excerpt":{"rendered":"<p>Marque : KKLSY Mod\u00e8le : Table \u00e0 manger ronde Bona Style : Italien Est-il personnalisable ? : Non Assemblage : Assemblage Est-il \u00e9volutif ? : Non Positionnement du style : Qualit\u00e9 Luxe Qu&#039;il soit \u00e9quip\u00e9 d&#039;une induction<\/p>","protected":false},"featured_media":156431,"comment_status":"open","ping_status":"closed","template":"","meta":[],"product_brand":[],"product_cat":[30826,30852,30892,30862],"product_tag":[30891],"class_list":{"0":"post-156432","1":"product","2":"type-product","3":"status-publish","4":"has-post-thumbnail","6":"product_cat-dining-room","7":"product_cat-dining-set","8":"product_cat-export","9":"product_cat-wholesales-hotels","10":"product_tag-title-adjust","12":"first","13":"instock","14":"taxable","15":"shipping-taxable","16":"purchasable","17":"product-type-variable"},"_links":{"self":[{"href":"https:\/\/nexgendecors.com\/fr\/wp-json\/wp\/v2\/product\/156432","targetHints":{"allow":["GET"]}}],"collection":[{"href":"https:\/\/nexgendecors.com\/fr\/wp-json\/wp\/v2\/product"}],"about":[{"href":"https:\/\/nexgendecors.com\/fr\/wp-json\/wp\/v2\/types\/product"}],"replies":[{"embeddable":true,"href":"https:\/\/nexgendecors.com\/fr\/wp-json\/wp\/v2\/comments?post=156432"}],"version-history":[{"count":0,"href":"https:\/\/nexgendecors.com\/fr\/wp-json\/wp\/v2\/product\/156432\/revisions"}],"wp:featuredmedia":[{"embeddable":true,"href":"https:\/\/nexgendecors.com\/fr\/wp-json\/wp\/v2\/media\/156431"}],"wp:attachment":[{"href":"https:\/\/nexgendecors.com\/fr\/wp-json\/wp\/v2\/media?parent=156432"}],"wp:term":[{"taxonomy":"product_brand","embeddable":true,"href":"https:\/\/nexgendecors.com\/fr\/wp-json\/wp\/v2\/product_brand?post=156432"},{"taxonomy":"product_cat","embeddable":true,"href":"https:\/\/nexgendecors.com\/fr\/wp-json\/wp\/v2\/product_cat?post=156432"},{"taxonomy":"product_tag","embeddable":true,"href":"https:\/\/nexgendecors.com\/fr\/wp-json\/wp\/v2\/product_tag?post=156432"}],"curies":[{"name":"wp","href":"https:\/\/api.w.org\/{rel}","templated":true}]}}