{"id":156464,"date":"2025-02-10T06:21:53","date_gmt":"2025-02-10T06:21:53","guid":{"rendered":"https:\/\/nexgendecors.com\/en\/product\/french-minimalist-cream-style-creative-glass-round-tea-table-combination-home-living-room-small-apartment-high-end-tea-table\/"},"modified":"2025-03-09T06:19:16","modified_gmt":"2025-03-09T06:19:16","slug":"french-minimalist-cream-style-creative-glass-round-tea-table-combination-home-living-room-small-apartment-high-end-tea-table","status":"publish","type":"product","link":"https:\/\/nexgendecors.com\/fr\/product\/french-minimalist-cream-style-creative-glass-round-tea-table-combination-home-living-room-small-apartment-high-end-tea-table\/","title":{"rendered":"Table \u00e0 th\u00e9 ronde en verre minimaliste fran\u00e7aise haut de gamme"},"content":{"rendered":"<ul>\n<li><strong>taille<\/strong>:0.8&#215;0.8&#215;0.31m<\/li>\n<li><strong>marque<\/strong>:autre\/autre<\/li>\n<li><strong>mod\u00e8le<\/strong>:cj-100<\/li>\n<li><strong>\u00c9l\u00e9ments populaires<\/strong>:Rounded Corners<\/li>\n<li><strong>Y a-t-il un espace de stockage ?<\/strong>:Non<\/li>\n<li><strong>style<\/strong>:Moderne et simple<\/li>\n<li><strong>Que ce soit avec un rouleau<\/strong>:Non<\/li>\n<li><strong>Assembler<\/strong>:Oui<\/li>\n<li><strong>Table basse en forme d&#039;angle<\/strong>:Rond<\/li>\n<li><strong>Mat\u00e9riau de finition<\/strong>:Bois<\/li>\n<li><strong>Technologie structurelle<\/strong>:Travail des m\u00e9taux<\/li>\n<li><strong>Technologie de finition<\/strong>:Peinture<\/li>\n<li><strong>Est-ce personnalisable ?<\/strong>:Non<\/li>\n<li><strong>forme<\/strong>:Rond<\/li>\n<li><strong>Mat\u00e9riel<\/strong>:R\u00e9sine<\/li>\n<li><strong>Instructions d&#039;installation d\u00e9taill\u00e9es<\/strong>:On-site installation<\/li>\n<li><strong>Un taxi est-il disponible pour le transport ?<\/strong>:Non<\/li>\n<li><strong>Positionnement de style<\/strong>:Style artistique<\/li>\n<li><strong>Nombre de portes<\/strong>:Pas de porte<\/li>\n<li><strong>trier par couleur<\/strong>:Single coffee table, high side table, low side table, combination coffee table<\/li>\n<\/ul>","protected":false},"excerpt":{"rendered":"<p>taille : 0,8 \u00d7 0,8 \u00d7 0,31 m marque : autre\/autre mod\u00e8le : cj-100 \u00c9l\u00e9ments populaires : coins arrondis Y a-t-il un espace de rangement ? : non style : moderne et simple Avec rouleau : non Assembler : oui Table basse d&#039;angle<\/p>","protected":false},"featured_media":156463,"comment_status":"open","ping_status":"closed","template":"","meta":[],"product_brand":[],"product_cat":[30892,30862,30846,30854,30857],"product_tag":[30891],"class_list":{"0":"post-156464","1":"product","2":"type-product","3":"status-publish","4":"has-post-thumbnail","6":"product_cat-export","7":"product_cat-wholesales-hotels","8":"product_cat-living-room","9":"product_cat-wholesale-side-table","10":"product_cat-wholesale-sofa-table","11":"product_tag-title-adjust","13":"first","14":"instock","15":"taxable","16":"shipping-taxable","17":"purchasable","18":"product-type-variable"},"_links":{"self":[{"href":"https:\/\/nexgendecors.com\/fr\/wp-json\/wp\/v2\/product\/156464","targetHints":{"allow":["GET"]}}],"collection":[{"href":"https:\/\/nexgendecors.com\/fr\/wp-json\/wp\/v2\/product"}],"about":[{"href":"https:\/\/nexgendecors.com\/fr\/wp-json\/wp\/v2\/types\/product"}],"replies":[{"embeddable":true,"href":"https:\/\/nexgendecors.com\/fr\/wp-json\/wp\/v2\/comments?post=156464"}],"version-history":[{"count":0,"href":"https:\/\/nexgendecors.com\/fr\/wp-json\/wp\/v2\/product\/156464\/revisions"}],"wp:featuredmedia":[{"embeddable":true,"href":"https:\/\/nexgendecors.com\/fr\/wp-json\/wp\/v2\/media\/156463"}],"wp:attachment":[{"href":"https:\/\/nexgendecors.com\/fr\/wp-json\/wp\/v2\/media?parent=156464"}],"wp:term":[{"taxonomy":"product_brand","embeddable":true,"href":"https:\/\/nexgendecors.com\/fr\/wp-json\/wp\/v2\/product_brand?post=156464"},{"taxonomy":"product_cat","embeddable":true,"href":"https:\/\/nexgendecors.com\/fr\/wp-json\/wp\/v2\/product_cat?post=156464"},{"taxonomy":"product_tag","embeddable":true,"href":"https:\/\/nexgendecors.com\/fr\/wp-json\/wp\/v2\/product_tag?post=156464"}],"curies":[{"name":"wp","href":"https:\/\/api.w.org\/{rel}","templated":true}]}}