{"id":156479,"date":"2025-02-10T06:23:05","date_gmt":"2025-02-10T06:23:05","guid":{"rendered":"https:\/\/nexgendecors.com\/en\/product\/italian-light-luxury-living-room-multifunctional-single-leisure-chair-bedroom-study-balcony-recliner-designer-petal-sofa-chair\/"},"modified":"2025-03-11T03:50:25","modified_gmt":"2025-03-11T03:50:25","slug":"italian-light-luxury-living-room-multifunctional-single-leisure-chair-bedroom-study-balcony-recliner-designer-petal-sofa-chair","status":"publish","type":"product","link":"https:\/\/nexgendecors.com\/fr\/product\/italian-light-luxury-living-room-multifunctional-single-leisure-chair-bedroom-study-balcony-recliner-designer-petal-sofa-chair\/","title":{"rendered":"Fauteuil inclinable de luxe italien en forme de p\u00e9tale pour le salon"},"content":{"rendered":"<ul>\n<li><strong>marque<\/strong>:autre\/autre<\/li>\n<li><strong>mod\u00e8le<\/strong>:sfy-100<\/li>\n<li><strong>style<\/strong>:Style de luxe l\u00e9ger<\/li>\n<li><strong>Mat\u00e9riau m\u00e9tallique<\/strong>:Acier inoxydable<\/li>\n<li><strong>Est-ce personnalisable ?<\/strong>:Oui<\/li>\n<li><strong>Assembler<\/strong>:Non<\/li>\n<li><strong>Mat\u00e9riel<\/strong>:M\u00e9tal<\/li>\n<li><strong>Client\u00e8le cible<\/strong>:G\u00e9n\u00e9ral<\/li>\n<li><strong>trier par couleur<\/strong>:Single chair &#8220;original chenille velvet&#8221;, single chair + footrest &#8220;original chenille velvet&#8221;, single chair &#8220;cat scratch resistant silicone leather&#8221;, single chair + footrest &#8220;cat scratch resistant silicone leather&#8221;, single chair &#8220;contact surface medium and thick leather&#8221;, single chair + footrest &#8220;contact surface medium and thick leather&#8221;, single chair &#8220;contact surface Nappa leather&#8221;, single chair + footrest &#8220;contact surface Nappa leather&#8221;, single chair &#8220;luxury time added Feitian contact surface leather&#8221;, single chair + footrest &#8220;luxury time added Feitian contact surface leather&#8221;, single chair &#8220;luxury time added Feitian full leather&#8221;, single chair + footrest &#8220;luxury time added Feitian full leather&#8221;<\/li>\n<li><strong><\/strong>:<\/li>\n<\/ul>","protected":false},"excerpt":{"rendered":"<p>Marque : autre\/autre Mod\u00e8le : sfy-100 Style : Style de luxe l\u00e9ger Mat\u00e9riau m\u00e9tallique : Acier inoxydable Est-il personnalisable ? : Oui Assemblage : Non Mat\u00e9riau : M\u00e9tal Clients cibles : G\u00e9n\u00e9ral Trier par couleur : Chaise simple \u00ab originale<\/p>","protected":false},"featured_media":156478,"comment_status":"open","ping_status":"closed","template":"","meta":[],"product_brand":[],"product_cat":[30811,30902,30892,30862,30846,30873,30890],"product_tag":[30891],"class_list":{"0":"post-156479","1":"product","2":"type-product","3":"status-publish","4":"has-post-thumbnail","6":"product_cat-armchairs","7":"product_cat-bs-chairs","8":"product_cat-export","9":"product_cat-wholesales-hotels","10":"product_cat-living-room","11":"product_cat-sofa","12":"product_cat-sofas-fav","13":"product_tag-title-adjust","15":"first","16":"instock","17":"sale","18":"taxable","19":"shipping-taxable","20":"purchasable","21":"product-type-variable"},"_links":{"self":[{"href":"https:\/\/nexgendecors.com\/fr\/wp-json\/wp\/v2\/product\/156479","targetHints":{"allow":["GET"]}}],"collection":[{"href":"https:\/\/nexgendecors.com\/fr\/wp-json\/wp\/v2\/product"}],"about":[{"href":"https:\/\/nexgendecors.com\/fr\/wp-json\/wp\/v2\/types\/product"}],"replies":[{"embeddable":true,"href":"https:\/\/nexgendecors.com\/fr\/wp-json\/wp\/v2\/comments?post=156479"}],"version-history":[{"count":0,"href":"https:\/\/nexgendecors.com\/fr\/wp-json\/wp\/v2\/product\/156479\/revisions"}],"wp:featuredmedia":[{"embeddable":true,"href":"https:\/\/nexgendecors.com\/fr\/wp-json\/wp\/v2\/media\/156478"}],"wp:attachment":[{"href":"https:\/\/nexgendecors.com\/fr\/wp-json\/wp\/v2\/media?parent=156479"}],"wp:term":[{"taxonomy":"product_brand","embeddable":true,"href":"https:\/\/nexgendecors.com\/fr\/wp-json\/wp\/v2\/product_brand?post=156479"},{"taxonomy":"product_cat","embeddable":true,"href":"https:\/\/nexgendecors.com\/fr\/wp-json\/wp\/v2\/product_cat?post=156479"},{"taxonomy":"product_tag","embeddable":true,"href":"https:\/\/nexgendecors.com\/fr\/wp-json\/wp\/v2\/product_tag?post=156479"}],"curies":[{"name":"wp","href":"https:\/\/api.w.org\/{rel}","templated":true}]}}