{"id":156668,"date":"2025-02-10T06:30:23","date_gmt":"2025-02-10T06:30:23","guid":{"rendered":"https:\/\/nexgendecors.com\/en\/product\/nordic-designer-creative-cipria-sofa-personality-sofa-chair-art-living-room-model-room-hotel-bear-paw-chair\/"},"modified":"2025-04-06T09:50:17","modified_gmt":"2025-04-06T09:50:17","slug":"nordic-designer-creative-cipria-sofa-personality-sofa-chair-art-living-room-model-room-hotel-bear-paw-chair","status":"publish","type":"product","link":"https:\/\/nexgendecors.com\/fr\/product\/nordic-designer-creative-cipria-sofa-personality-sofa-chair-art-living-room-model-room-hotel-bear-paw-chair\/","title":{"rendered":"Canap\u00e9 Cipria\u00a0: un fauteuil nordique en forme de patte d&#039;ours pour un style de vie \u00e9l\u00e9gant"},"content":{"rendered":"<ul>\n<li><strong>marque<\/strong>:autre\/autre<\/li>\n<li><strong>mod\u00e8le<\/strong>:sfy-100<\/li>\n<li><strong>style<\/strong>:Simple et moderne<\/li>\n<li><strong>Est-ce personnalisable ?<\/strong>:Oui<\/li>\n<li><strong>Assembler<\/strong>:Non<\/li>\n<li><strong>Client\u00e8le cible<\/strong>:All people<\/li>\n<li><strong>trier par couleur<\/strong>:Purple, green, gray, custom colors contact customer service<\/li>\n<li><strong><\/strong>:<\/li>\n<\/ul>","protected":false},"excerpt":{"rendered":"<p>marque : autre\/autre mod\u00e8le : sfy-100 style : simple et moderne est-il personnalisable ? : oui assembler : non client\u00e8le cible : tout le monde trier par couleur : violet, vert, gris, couleurs personnalis\u00e9es contacter<\/p>","protected":false},"featured_media":156667,"comment_status":"open","ping_status":"closed","template":"","meta":[],"product_brand":[],"product_cat":[30811,30902,30892,30862,30846],"product_tag":[30891],"class_list":{"0":"post-156668","1":"product","2":"type-product","3":"status-publish","4":"has-post-thumbnail","6":"product_cat-armchairs","7":"product_cat-bs-chairs","8":"product_cat-export","9":"product_cat-wholesales-hotels","10":"product_cat-living-room","11":"product_tag-title-adjust","13":"first","14":"instock","15":"sale","16":"taxable","17":"shipping-taxable","18":"purchasable","19":"product-type-variable"},"_links":{"self":[{"href":"https:\/\/nexgendecors.com\/fr\/wp-json\/wp\/v2\/product\/156668","targetHints":{"allow":["GET"]}}],"collection":[{"href":"https:\/\/nexgendecors.com\/fr\/wp-json\/wp\/v2\/product"}],"about":[{"href":"https:\/\/nexgendecors.com\/fr\/wp-json\/wp\/v2\/types\/product"}],"replies":[{"embeddable":true,"href":"https:\/\/nexgendecors.com\/fr\/wp-json\/wp\/v2\/comments?post=156668"}],"version-history":[{"count":0,"href":"https:\/\/nexgendecors.com\/fr\/wp-json\/wp\/v2\/product\/156668\/revisions"}],"wp:featuredmedia":[{"embeddable":true,"href":"https:\/\/nexgendecors.com\/fr\/wp-json\/wp\/v2\/media\/156667"}],"wp:attachment":[{"href":"https:\/\/nexgendecors.com\/fr\/wp-json\/wp\/v2\/media?parent=156668"}],"wp:term":[{"taxonomy":"product_brand","embeddable":true,"href":"https:\/\/nexgendecors.com\/fr\/wp-json\/wp\/v2\/product_brand?post=156668"},{"taxonomy":"product_cat","embeddable":true,"href":"https:\/\/nexgendecors.com\/fr\/wp-json\/wp\/v2\/product_cat?post=156668"},{"taxonomy":"product_tag","embeddable":true,"href":"https:\/\/nexgendecors.com\/fr\/wp-json\/wp\/v2\/product_tag?post=156668"}],"curies":[{"name":"wp","href":"https:\/\/api.w.org\/{rel}","templated":true}]}}