{"id":156744,"date":"2025-02-10T06:35:04","date_gmt":"2025-02-10T06:35:04","guid":{"rendered":"https:\/\/nexgendecors.com\/en\/product\/creative-solid-wood-narrow-bedside-table-light-luxury-high-end-medieval-style-bedroom-walnut-storage-cabinet-simple-modern\/"},"modified":"2025-04-06T09:50:30","modified_gmt":"2025-04-06T09:50:30","slug":"creative-solid-wood-narrow-bedside-table-light-luxury-high-end-medieval-style-bedroom-walnut-storage-cabinet-simple-modern","status":"publish","type":"product","link":"https:\/\/nexgendecors.com\/fr\/product\/creative-solid-wood-narrow-bedside-table-light-luxury-high-end-medieval-style-bedroom-walnut-storage-cabinet-simple-modern\/","title":{"rendered":"Luxury Walnut Medieval Style Narrow Bedside Table"},"content":{"rendered":"<ul>\n<li><strong>style<\/strong>:Simple et moderne<\/li>\n<li><strong>Assembler<\/strong>:Non<\/li>\n<li><strong>Ville<\/strong>:Foshan<\/li>\n<li><strong>Districts et comt\u00e9s<\/strong>:District de Shunde<\/li>\n<li><strong>Whether with damping<\/strong>:Oui<\/li>\n<li><strong>Mat\u00e9riau de finition<\/strong>:Bois<\/li>\n<li><strong>Fonctionnalit\u00e9s suppl\u00e9mentaires<\/strong>:Stockage<\/li>\n<li><strong>Volume d&#039;emballage<\/strong>:20<\/li>\n<li><strong>Structure du meuble<\/strong>:Cadre<\/li>\n<li><strong>Origine<\/strong>:Province du Guangdong<\/li>\n<li><strong>trier par couleur<\/strong>:Designer model [40CM original smoked color bedside table]_Leonard, Designer model [30CM original art bedside table]_Leonard, Designer model [40CM original art bedside table]_Leonard, Designer model [50CM original art bedside table]_Leonard<\/li>\n<li><strong>Poids brut<\/strong>:20<\/li>\n<li><strong>marque<\/strong>:Aucune marque\/aucune marque d\u00e9pos\u00e9e<\/li>\n<li><strong>mod\u00e8le<\/strong>:8288 models<\/li>\n<li><strong>Que ce soit avec un rouleau<\/strong>:Non<\/li>\n<li><strong>Client\u00e8le cible<\/strong>:G\u00e9n\u00e9ral<\/li>\n<li><strong>Est-ce personnalisable ?<\/strong>:Oui<\/li>\n<li><strong>Fonction<\/strong>:Stockage<\/li>\n<li><strong>Mat\u00e9riel<\/strong>:Bois<\/li>\n<li><strong>Mat\u00e9riau en bois<\/strong>:autre<\/li>\n<li><strong>Instructions d&#039;installation d\u00e9taill\u00e9es<\/strong>:No installation required<\/li>\n<li><strong>Installation<\/strong>:Completely packaged no installation required, ready to use out of the box<\/li>\n<li><strong>mod\u00e8le<\/strong>:Art<\/li>\n<li><strong>Drawer guide section number<\/strong>:3 sections<\/li>\n<li><strong>haut<\/strong>:600mm or less<\/li>\n<li><strong>Livraison\/installation disponible<\/strong>:Other, National<\/li>\n<li><strong>Nombre de portes<\/strong>:Single door<\/li>\n<li><strong><\/strong>:<\/li>\n<\/ul>","protected":false},"excerpt":{"rendered":"<p>Style : simple et moderne Assemblage : non Ville : Foshan Districts et comt\u00e9s : district de Shunde Avec amortissement : oui Mat\u00e9riau de finition : bois Caract\u00e9ristiques suppl\u00e9mentaires : stockage Volume d&#039;emballage : 20 Structure du meuble : cadre<\/p>","protected":false},"featured_media":156743,"comment_status":"open","ping_status":"closed","template":"","meta":[],"product_brand":[],"product_cat":[30858,30895,30892,30862,30867,30854],"product_tag":[30891],"class_list":{"0":"post-156744","1":"product","2":"type-product","3":"status-publish","4":"has-post-thumbnail","6":"product_cat-wholesale-bedroom","7":"product_cat-bs-bedroom","8":"product_cat-export","9":"product_cat-wholesales-hotels","10":"product_cat-nightstands","11":"product_cat-wholesale-side-table","12":"product_tag-title-adjust","14":"first","15":"instock","16":"taxable","17":"shipping-taxable","18":"purchasable","19":"product-type-variable"},"_links":{"self":[{"href":"https:\/\/nexgendecors.com\/fr\/wp-json\/wp\/v2\/product\/156744","targetHints":{"allow":["GET"]}}],"collection":[{"href":"https:\/\/nexgendecors.com\/fr\/wp-json\/wp\/v2\/product"}],"about":[{"href":"https:\/\/nexgendecors.com\/fr\/wp-json\/wp\/v2\/types\/product"}],"replies":[{"embeddable":true,"href":"https:\/\/nexgendecors.com\/fr\/wp-json\/wp\/v2\/comments?post=156744"}],"version-history":[{"count":0,"href":"https:\/\/nexgendecors.com\/fr\/wp-json\/wp\/v2\/product\/156744\/revisions"}],"wp:featuredmedia":[{"embeddable":true,"href":"https:\/\/nexgendecors.com\/fr\/wp-json\/wp\/v2\/media\/156743"}],"wp:attachment":[{"href":"https:\/\/nexgendecors.com\/fr\/wp-json\/wp\/v2\/media?parent=156744"}],"wp:term":[{"taxonomy":"product_brand","embeddable":true,"href":"https:\/\/nexgendecors.com\/fr\/wp-json\/wp\/v2\/product_brand?post=156744"},{"taxonomy":"product_cat","embeddable":true,"href":"https:\/\/nexgendecors.com\/fr\/wp-json\/wp\/v2\/product_cat?post=156744"},{"taxonomy":"product_tag","embeddable":true,"href":"https:\/\/nexgendecors.com\/fr\/wp-json\/wp\/v2\/product_tag?post=156744"}],"curies":[{"name":"wp","href":"https:\/\/api.w.org\/{rel}","templated":true}]}}