{"id":156839,"date":"2025-02-10T06:39:27","date_gmt":"2025-02-10T06:39:27","guid":{"rendered":"https:\/\/nexgendecors.com\/en\/product\/second-hand-solid-wood-leisure-chair-retro-leather-single-sofa-chair-designer-tea-chair-newspaper-chair-rest-sofa\/"},"modified":"2025-04-06T09:50:43","modified_gmt":"2025-04-06T09:50:43","slug":"second-hand-solid-wood-leisure-chair-retro-leather-single-sofa-chair-designer-tea-chair-newspaper-chair-rest-sofa","status":"publish","type":"product","link":"https:\/\/nexgendecors.com\/fr\/product\/second-hand-solid-wood-leisure-chair-retro-leather-single-sofa-chair-designer-tea-chair-newspaper-chair-rest-sofa\/","title":{"rendered":"Fauteuil r\u00e9tro en cuir et bois massif \u2013 Fauteuil design"},"content":{"rendered":"<ul>\n<li><strong>marque<\/strong>:Autres maisons<\/li>\n<li><strong>mod\u00e8le<\/strong>:CD-011<\/li>\n<li><strong>style<\/strong>:Europe du Nord<\/li>\n<li><strong>Est-ce personnalisable ?<\/strong>:Non<\/li>\n<li><strong>Assembler<\/strong>:Oui<\/li>\n<li><strong>Mat\u00e9riel<\/strong>:Cendre<\/li>\n<li><strong>Client\u00e8le cible<\/strong>:G\u00e9n\u00e9ral<\/li>\n<li><strong>Positionnement de style<\/strong>:Qualit\u00e9 Luxe<\/li>\n<li><strong>trier par couleur<\/strong>:001 brown chair, 001 black chair, 002 brown chair, 001 brown chair combination, 001 brown chair first layer cowhide, 001 black chair first layer cowhide, 002 brown chair first layer cowhide, 001 brown chair combination first layer cowhide<\/li>\n<li><strong><\/strong>:<\/li>\n<\/ul>","protected":false},"excerpt":{"rendered":"<p>Marque : Other Homes Mod\u00e8le : CD-011 Style : Europe du Nord Est-il personnalisable ? : non Assemblage : oui Mat\u00e9riau : Fr\u00eane Client\u00e8le cible : G\u00e9n\u00e9ral Positionnement du style : Qualit\u00e9 Luxe Trier par couleur : 001 chaise marron,<\/p>","protected":false},"featured_media":156838,"comment_status":"open","ping_status":"closed","template":"","meta":[],"product_brand":[],"product_cat":[30811,30858,30892,30862,30846],"product_tag":[30891],"class_list":{"0":"post-156839","1":"product","2":"type-product","3":"status-publish","4":"has-post-thumbnail","6":"product_cat-armchairs","7":"product_cat-wholesale-bedroom","8":"product_cat-export","9":"product_cat-wholesales-hotels","10":"product_cat-living-room","11":"product_tag-title-adjust","13":"first","14":"instock","15":"sale","16":"taxable","17":"shipping-taxable","18":"purchasable","19":"product-type-variable"},"_links":{"self":[{"href":"https:\/\/nexgendecors.com\/fr\/wp-json\/wp\/v2\/product\/156839","targetHints":{"allow":["GET"]}}],"collection":[{"href":"https:\/\/nexgendecors.com\/fr\/wp-json\/wp\/v2\/product"}],"about":[{"href":"https:\/\/nexgendecors.com\/fr\/wp-json\/wp\/v2\/types\/product"}],"replies":[{"embeddable":true,"href":"https:\/\/nexgendecors.com\/fr\/wp-json\/wp\/v2\/comments?post=156839"}],"version-history":[{"count":0,"href":"https:\/\/nexgendecors.com\/fr\/wp-json\/wp\/v2\/product\/156839\/revisions"}],"wp:featuredmedia":[{"embeddable":true,"href":"https:\/\/nexgendecors.com\/fr\/wp-json\/wp\/v2\/media\/156838"}],"wp:attachment":[{"href":"https:\/\/nexgendecors.com\/fr\/wp-json\/wp\/v2\/media?parent=156839"}],"wp:term":[{"taxonomy":"product_brand","embeddable":true,"href":"https:\/\/nexgendecors.com\/fr\/wp-json\/wp\/v2\/product_brand?post=156839"},{"taxonomy":"product_cat","embeddable":true,"href":"https:\/\/nexgendecors.com\/fr\/wp-json\/wp\/v2\/product_cat?post=156839"},{"taxonomy":"product_tag","embeddable":true,"href":"https:\/\/nexgendecors.com\/fr\/wp-json\/wp\/v2\/product_tag?post=156839"}],"curies":[{"name":"wp","href":"https:\/\/api.w.org\/{rel}","templated":true}]}}