{"id":156855,"date":"2025-02-10T06:40:13","date_gmt":"2025-02-10T06:40:13","guid":{"rendered":"https:\/\/nexgendecors.com\/en\/product\/medieval-style-bench-onda-bench-wave-sofa-stool-designer-solid-wood-retro-bedside-stool\/"},"modified":"2025-04-06T09:50:46","modified_gmt":"2025-04-06T09:50:46","slug":"medieval-style-bench-onda-bench-wave-sofa-stool-designer-solid-wood-retro-bedside-stool","status":"publish","type":"product","link":"https:\/\/nexgendecors.com\/fr\/product\/medieval-style-bench-onda-bench-wave-sofa-stool-designer-solid-wood-retro-bedside-stool\/","title":{"rendered":"Banc Onda\u00a0: tabouret de canap\u00e9 r\u00e9tro en bois massif ondul\u00e9"},"content":{"rendered":"<ul>\n<li><strong>marque<\/strong>:Autres maisons<\/li>\n<li><strong>mod\u00e8le<\/strong>:CD-0010<\/li>\n<li><strong>style<\/strong>:R\u00e9tro<\/li>\n<li><strong>Est-ce personnalisable ?<\/strong>:Non<\/li>\n<li><strong>Assembler<\/strong>:Non<\/li>\n<li><strong>Mat\u00e9riel<\/strong>:Panneaux \u00e0 base de bois<\/li>\n<li><strong>Client\u00e8le cible<\/strong>:Adultes<\/li>\n<li><strong>Mat\u00e9riau de finition<\/strong>:autre<\/li>\n<li><strong>Positionnement de style<\/strong>:Style artistique<\/li>\n<li><strong>trier par couleur<\/strong>:Walnut veneer + saddle leather<\/li>\n<\/ul>","protected":false},"excerpt":{"rendered":"<p>Marque : Other Homes Mod\u00e8le : CD-0010 Style : R\u00e9tro Est-il personnalisable ? : non Assemblage : non Mat\u00e9riau : Panneaux \u00e0 base de bois Client\u00e8le cible : Adultes Mat\u00e9riau de finition : autre Positionnement du style : Style artistique Trier par couleur : Noyer<\/p>","protected":false},"featured_media":156854,"comment_status":"open","ping_status":"closed","template":"","meta":[],"product_brand":[],"product_cat":[30858,30895,30892,30862,30846,30904],"product_tag":[30891],"class_list":{"0":"post-156855","1":"product","2":"type-product","3":"status-publish","4":"has-post-thumbnail","6":"product_cat-wholesale-bedroom","7":"product_cat-bs-bedroom","8":"product_cat-export","9":"product_cat-wholesales-hotels","10":"product_cat-living-room","11":"product_cat-trending-furniture","12":"product_tag-title-adjust","14":"first","15":"instock","16":"taxable","17":"shipping-taxable","18":"purchasable","19":"product-type-variable"},"_links":{"self":[{"href":"https:\/\/nexgendecors.com\/fr\/wp-json\/wp\/v2\/product\/156855","targetHints":{"allow":["GET"]}}],"collection":[{"href":"https:\/\/nexgendecors.com\/fr\/wp-json\/wp\/v2\/product"}],"about":[{"href":"https:\/\/nexgendecors.com\/fr\/wp-json\/wp\/v2\/types\/product"}],"replies":[{"embeddable":true,"href":"https:\/\/nexgendecors.com\/fr\/wp-json\/wp\/v2\/comments?post=156855"}],"version-history":[{"count":0,"href":"https:\/\/nexgendecors.com\/fr\/wp-json\/wp\/v2\/product\/156855\/revisions"}],"wp:featuredmedia":[{"embeddable":true,"href":"https:\/\/nexgendecors.com\/fr\/wp-json\/wp\/v2\/media\/156854"}],"wp:attachment":[{"href":"https:\/\/nexgendecors.com\/fr\/wp-json\/wp\/v2\/media?parent=156855"}],"wp:term":[{"taxonomy":"product_brand","embeddable":true,"href":"https:\/\/nexgendecors.com\/fr\/wp-json\/wp\/v2\/product_brand?post=156855"},{"taxonomy":"product_cat","embeddable":true,"href":"https:\/\/nexgendecors.com\/fr\/wp-json\/wp\/v2\/product_cat?post=156855"},{"taxonomy":"product_tag","embeddable":true,"href":"https:\/\/nexgendecors.com\/fr\/wp-json\/wp\/v2\/product_tag?post=156855"}],"curies":[{"name":"wp","href":"https:\/\/api.w.org\/{rel}","templated":true}]}}