{"id":156899,"date":"2025-02-10T06:44:35","date_gmt":"2025-02-10T06:44:35","guid":{"rendered":"https:\/\/nexgendecors.com\/en\/product\/italian-designer-margherita-epoxy-resin-special-shaped-backrest-queen-crystal-chair-swivel-villa-living-room-leisure-chair\/"},"modified":"2025-03-11T03:50:25","modified_gmt":"2025-03-11T03:50:25","slug":"italian-designer-margherita-epoxy-resin-special-shaped-backrest-queen-crystal-chair-swivel-villa-living-room-leisure-chair","status":"publish","type":"product","link":"https:\/\/nexgendecors.com\/fr\/product\/italian-designer-margherita-epoxy-resin-special-shaped-backrest-queen-crystal-chair-swivel-villa-living-room-leisure-chair\/","title":{"rendered":"Chaise pivotante en cristal Margherita - Design \u00e9l\u00e9gant en r\u00e9sine"},"content":{"rendered":"<ul>\n<li><strong>marque<\/strong>:Daoqin<\/li>\n<li><strong>mod\u00e8le<\/strong>:brs0601<\/li>\n<li><strong>\u00c9l\u00e9ments populaires<\/strong>:Conception principale, forme sp\u00e9ciale, m\u00e9tal<\/li>\n<li><strong>trier par couleur<\/strong>:Red, yellow, camel, blue, orange, orange, color can be customized<\/li>\n<\/ul>","protected":false},"excerpt":{"rendered":"<p>marque:Daoqin mod\u00e8le:brs0601 \u00c9l\u00e9ments populaires:Conception de ma\u00eetre, forme sp\u00e9ciale, m\u00e9tal trier par couleur:Rouge, jaune, camel, bleu, orange, orange, la couleur peut \u00eatre personnalis\u00e9e<\/p>","protected":false},"featured_media":156898,"comment_status":"open","ping_status":"closed","template":"","meta":[],"product_brand":[],"product_cat":[30811,30858,30902,30892,30862,30846,30904],"product_tag":[30891],"class_list":{"0":"post-156899","1":"product","2":"type-product","3":"status-publish","4":"has-post-thumbnail","6":"product_cat-armchairs","7":"product_cat-wholesale-bedroom","8":"product_cat-bs-chairs","9":"product_cat-export","10":"product_cat-wholesales-hotels","11":"product_cat-living-room","12":"product_cat-trending-furniture","13":"product_tag-title-adjust","15":"first","16":"instock","17":"sale","18":"taxable","19":"shipping-taxable","20":"purchasable","21":"product-type-variable"},"_links":{"self":[{"href":"https:\/\/nexgendecors.com\/fr\/wp-json\/wp\/v2\/product\/156899","targetHints":{"allow":["GET"]}}],"collection":[{"href":"https:\/\/nexgendecors.com\/fr\/wp-json\/wp\/v2\/product"}],"about":[{"href":"https:\/\/nexgendecors.com\/fr\/wp-json\/wp\/v2\/types\/product"}],"replies":[{"embeddable":true,"href":"https:\/\/nexgendecors.com\/fr\/wp-json\/wp\/v2\/comments?post=156899"}],"version-history":[{"count":0,"href":"https:\/\/nexgendecors.com\/fr\/wp-json\/wp\/v2\/product\/156899\/revisions"}],"wp:featuredmedia":[{"embeddable":true,"href":"https:\/\/nexgendecors.com\/fr\/wp-json\/wp\/v2\/media\/156898"}],"wp:attachment":[{"href":"https:\/\/nexgendecors.com\/fr\/wp-json\/wp\/v2\/media?parent=156899"}],"wp:term":[{"taxonomy":"product_brand","embeddable":true,"href":"https:\/\/nexgendecors.com\/fr\/wp-json\/wp\/v2\/product_brand?post=156899"},{"taxonomy":"product_cat","embeddable":true,"href":"https:\/\/nexgendecors.com\/fr\/wp-json\/wp\/v2\/product_cat?post=156899"},{"taxonomy":"product_tag","embeddable":true,"href":"https:\/\/nexgendecors.com\/fr\/wp-json\/wp\/v2\/product_tag?post=156899"}],"curies":[{"name":"wp","href":"https:\/\/api.w.org\/{rel}","templated":true}]}}