{"id":156917,"date":"2025-02-10T06:45:23","date_gmt":"2025-02-10T06:45:23","guid":{"rendered":"https:\/\/nexgendecors.com\/en\/product\/nordic-designer-modern-simple-ribbon-chair-special-shaped-tiger-chair-hotel-model-room-fiberglass-leisure-chair\/"},"modified":"2025-04-06T09:50:53","modified_gmt":"2025-04-06T09:50:53","slug":"nordic-designer-modern-simple-ribbon-chair-special-shaped-tiger-chair-hotel-model-room-fiberglass-leisure-chair","status":"publish","type":"product","link":"https:\/\/nexgendecors.com\/fr\/product\/nordic-designer-modern-simple-ribbon-chair-special-shaped-tiger-chair-hotel-model-room-fiberglass-leisure-chair\/","title":{"rendered":"Chaise Nordic Tiger\u00a0: design de loisirs moderne en fibre de verre"},"content":{"rendered":"<ul>\n<li><strong>marque<\/strong>:Daoqin<\/li>\n<li><strong>mod\u00e8le<\/strong>:brs096<\/li>\n<li><strong>\u00c9l\u00e9ments populaires<\/strong>:Master Design,Special Shape,Other<\/li>\n<li><strong>Ville<\/strong>:Huizhou City<\/li>\n<li><strong>Districts et comt\u00e9s<\/strong>:District de Huiyang<\/li>\n<li><strong>Patent Number<\/strong>:brs096<\/li>\n<li><strong>Est-ce personnalisable ?<\/strong>:Oui<\/li>\n<li><strong>Mat\u00e9riel<\/strong>:Fibre de verre<\/li>\n<li><strong>Instructions d&#039;installation d\u00e9taill\u00e9es<\/strong>:Aucune instruction d&#039;installation<\/li>\n<li><strong>Origine<\/strong>:Province du Guangdong<\/li>\n<li><strong>Un taxi est-il disponible pour le transport ?<\/strong>:Non<\/li>\n<li><strong>Positionnement de style<\/strong>:Style artistique<\/li>\n<li><strong>Livraison\/installation disponible<\/strong>:Foshan, Zhengzhou, Guiyang, Guangzhou, Fuzhou, Harbin, Xiamen, Chongqing, Changzhou, Suzhou, Xi&#039;an, Shenzhen, Nanjing, P\u00e9kin, Wuxi, Qingdao, Changsha, Chengdu, Shanghai, Wuhan, Nanning, Shenyang, Dalian, Taizhou, Dongguan, Tianjin, Autres, Jinhua, Hangzhou, Ningbo, Nanchang, Wenzhou<\/li>\n<li><strong>trier par couleur<\/strong>:Pink, red, black, yellow, sky blue, white, green, footstool, small size length 84 width 64 height 67cm, large size length 100 width 75 height 76cm, deposit special auction<\/li>\n<\/ul>","protected":false},"excerpt":{"rendered":"<p>Marque : Daoqin Mod\u00e8le : brs096 \u00c9l\u00e9ments populaires : Master Design, forme sp\u00e9ciale, autre Ville : ville de Huizhou Districts et comt\u00e9s : district de Huiyang Num\u00e9ro de brevet : brs096 Est-il personnalisable ? : oui Mat\u00e9riau : fibre de verre Instructions d&#039;installation<\/p>","protected":false},"featured_media":156929,"comment_status":"open","ping_status":"closed","template":"","meta":[],"product_brand":[],"product_cat":[30811,30858,30902,30892,30862,30846,30904],"product_tag":[30891],"class_list":{"0":"post-156917","1":"product","2":"type-product","3":"status-publish","4":"has-post-thumbnail","6":"product_cat-armchairs","7":"product_cat-wholesale-bedroom","8":"product_cat-bs-chairs","9":"product_cat-export","10":"product_cat-wholesales-hotels","11":"product_cat-living-room","12":"product_cat-trending-furniture","13":"product_tag-title-adjust","15":"first","16":"instock","17":"taxable","18":"shipping-taxable","19":"purchasable","20":"product-type-variable"},"_links":{"self":[{"href":"https:\/\/nexgendecors.com\/fr\/wp-json\/wp\/v2\/product\/156917","targetHints":{"allow":["GET"]}}],"collection":[{"href":"https:\/\/nexgendecors.com\/fr\/wp-json\/wp\/v2\/product"}],"about":[{"href":"https:\/\/nexgendecors.com\/fr\/wp-json\/wp\/v2\/types\/product"}],"replies":[{"embeddable":true,"href":"https:\/\/nexgendecors.com\/fr\/wp-json\/wp\/v2\/comments?post=156917"}],"version-history":[{"count":0,"href":"https:\/\/nexgendecors.com\/fr\/wp-json\/wp\/v2\/product\/156917\/revisions"}],"wp:featuredmedia":[{"embeddable":true,"href":"https:\/\/nexgendecors.com\/fr\/wp-json\/wp\/v2\/media\/156929"}],"wp:attachment":[{"href":"https:\/\/nexgendecors.com\/fr\/wp-json\/wp\/v2\/media?parent=156917"}],"wp:term":[{"taxonomy":"product_brand","embeddable":true,"href":"https:\/\/nexgendecors.com\/fr\/wp-json\/wp\/v2\/product_brand?post=156917"},{"taxonomy":"product_cat","embeddable":true,"href":"https:\/\/nexgendecors.com\/fr\/wp-json\/wp\/v2\/product_cat?post=156917"},{"taxonomy":"product_tag","embeddable":true,"href":"https:\/\/nexgendecors.com\/fr\/wp-json\/wp\/v2\/product_tag?post=156917"}],"curies":[{"name":"wp","href":"https:\/\/api.w.org\/{rel}","templated":true}]}}