{"id":156938,"date":"2025-02-10T06:45:49","date_gmt":"2025-02-10T06:45:49","guid":{"rendered":"https:\/\/nexgendecors.com\/en\/product\/modern-designer-retro-leather-soft-pack-swivel-armchair-villa-model-room-high-end-leisure-chair\/"},"modified":"2025-03-10T06:45:59","modified_gmt":"2025-03-10T06:45:59","slug":"modern-designer-retro-leather-soft-pack-swivel-armchair-villa-model-room-high-end-leisure-chair","status":"publish","type":"product","link":"https:\/\/nexgendecors.com\/fr\/product\/modern-designer-retro-leather-soft-pack-swivel-armchair-villa-model-room-high-end-leisure-chair\/","title":{"rendered":"Fauteuil pivotant en cuir r\u00e9tro Villa \u2013 Loisirs haut de gamme"},"content":{"rendered":"<ul>\n<li><strong>marque<\/strong>:Daoqin<\/li>\n<li><strong>mod\u00e8le<\/strong>:brs4652<\/li>\n<li><strong>\u00c9l\u00e9ments populaires<\/strong>:Conception principale, forme sp\u00e9ciale<\/li>\n<li><strong>Mat\u00e9riel<\/strong>:M\u00e9tal<\/li>\n<li><strong>trier par couleur<\/strong>:Khaki, black, green, gray, orange, no armrests, fabric color can be customized<\/li>\n<li><strong><\/strong>:<\/li>\n<\/ul>","protected":false},"excerpt":{"rendered":"<p>Marque : Daoqin Mod\u00e8le : brs4652 \u00c9l\u00e9ments populaires : Master Design, forme sp\u00e9ciale Mat\u00e9riau : m\u00e9tal Trier par couleur : kaki, noir, vert, gris, orange, sans accoudoirs, la couleur du tissu peut<\/p>","protected":false},"featured_media":156937,"comment_status":"open","ping_status":"closed","template":"","meta":[],"product_brand":[],"product_cat":[30811,30858,30902,30892,30862,30846,30904],"product_tag":[30891],"class_list":{"0":"post-156938","1":"product","2":"type-product","3":"status-publish","4":"has-post-thumbnail","6":"product_cat-armchairs","7":"product_cat-wholesale-bedroom","8":"product_cat-bs-chairs","9":"product_cat-export","10":"product_cat-wholesales-hotels","11":"product_cat-living-room","12":"product_cat-trending-furniture","13":"product_tag-title-adjust","15":"first","16":"instock","17":"taxable","18":"shipping-taxable","19":"purchasable","20":"product-type-variable"},"_links":{"self":[{"href":"https:\/\/nexgendecors.com\/fr\/wp-json\/wp\/v2\/product\/156938","targetHints":{"allow":["GET"]}}],"collection":[{"href":"https:\/\/nexgendecors.com\/fr\/wp-json\/wp\/v2\/product"}],"about":[{"href":"https:\/\/nexgendecors.com\/fr\/wp-json\/wp\/v2\/types\/product"}],"replies":[{"embeddable":true,"href":"https:\/\/nexgendecors.com\/fr\/wp-json\/wp\/v2\/comments?post=156938"}],"version-history":[{"count":0,"href":"https:\/\/nexgendecors.com\/fr\/wp-json\/wp\/v2\/product\/156938\/revisions"}],"wp:featuredmedia":[{"embeddable":true,"href":"https:\/\/nexgendecors.com\/fr\/wp-json\/wp\/v2\/media\/156937"}],"wp:attachment":[{"href":"https:\/\/nexgendecors.com\/fr\/wp-json\/wp\/v2\/media?parent=156938"}],"wp:term":[{"taxonomy":"product_brand","embeddable":true,"href":"https:\/\/nexgendecors.com\/fr\/wp-json\/wp\/v2\/product_brand?post=156938"},{"taxonomy":"product_cat","embeddable":true,"href":"https:\/\/nexgendecors.com\/fr\/wp-json\/wp\/v2\/product_cat?post=156938"},{"taxonomy":"product_tag","embeddable":true,"href":"https:\/\/nexgendecors.com\/fr\/wp-json\/wp\/v2\/product_tag?post=156938"}],"curies":[{"name":"wp","href":"https:\/\/api.w.org\/{rel}","templated":true}]}}