{"id":156955,"date":"2025-02-10T06:46:18","date_gmt":"2025-02-10T06:46:18","guid":{"rendered":"https:\/\/nexgendecors.com\/en\/product\/nordic-simple-leisure-chair-light-luxury-creative-design-single-sofa-reception-chair-metal-butterfly-chair-special-shaped-fishbone-chair\/"},"modified":"2025-04-06T09:50:56","modified_gmt":"2025-04-06T09:50:56","slug":"nordic-simple-leisure-chair-light-luxury-creative-design-single-sofa-reception-chair-metal-butterfly-chair-special-shaped-fishbone-chair","status":"publish","type":"product","link":"https:\/\/nexgendecors.com\/fr\/product\/nordic-simple-leisure-chair-light-luxury-creative-design-single-sofa-reception-chair-metal-butterfly-chair-special-shaped-fishbone-chair\/","title":{"rendered":"Chaise papillon de luxe Nordic Light \u2013 Design cr\u00e9atif"},"content":{"rendered":"<ul>\n<li><strong>marque<\/strong>:Daoqin<\/li>\n<li><strong>mod\u00e8le<\/strong>:brs156<\/li>\n<li><strong>Mat\u00e9riel<\/strong>:Fibre de verre<\/li>\n<li><strong>\u00c9l\u00e9ments populaires<\/strong>:Conception principale<\/li>\n<li><strong>trier par couleur<\/strong>:Blue, gray, orange, please contact customer service for details<\/li>\n<li><strong>Est-ce personnalisable ?<\/strong>:Oui<\/li>\n<li><strong>Livraison\/installation disponible<\/strong>:Autres, P\u00e9kin, Chongqing, Shanghai, Tianjin, Shenzhen, Chengdu, Shenyang, Dalian, Harbin, Nanjing, Wuxi, Changzhou, Suzhou, Hangzhou, Ningbo, Wenzhou, Jinhua, Taizhou, Fuzhou, Xiamen, Nanchang, Qingdao, Zhengzhou, Wuhan, Changsha, Guangzhou, Foshan, Dongguan, Nanning, Guiyang, Xi&#039;an<\/li>\n<li><strong>Origine<\/strong>:Province du Guangdong<\/li>\n<li><strong>Ville<\/strong>:Huizhou City<\/li>\n<li><strong>Districts et comt\u00e9s<\/strong>:District de Huiyang<\/li>\n<li><strong>Un taxi est-il disponible pour le transport ?<\/strong>:Non<\/li>\n<li><strong>Positionnement de style<\/strong>:Style artistique<\/li>\n<li><strong>Instructions d&#039;installation d\u00e9taill\u00e9es<\/strong>:Aucune instruction d&#039;installation<\/li>\n<li><strong><\/strong>:<\/li>\n<\/ul>","protected":false},"excerpt":{"rendered":"<p>Marque : Daoqin Mod\u00e8le : brs156 Mat\u00e9riau : fibre de verre \u00c9l\u00e9ments populaires : Master Design Trier par couleur : bleu, gris, orange, veuillez contacter le service client pour plus de d\u00e9tails Est-il personnalisable ? : oui<\/p>","protected":false},"featured_media":156961,"comment_status":"open","ping_status":"closed","template":"","meta":[],"product_brand":[],"product_cat":[30811,30858,30892,30862,30846],"product_tag":[30891],"class_list":{"0":"post-156955","1":"product","2":"type-product","3":"status-publish","4":"has-post-thumbnail","6":"product_cat-armchairs","7":"product_cat-wholesale-bedroom","8":"product_cat-export","9":"product_cat-wholesales-hotels","10":"product_cat-living-room","11":"product_tag-title-adjust","13":"first","14":"instock","15":"sale","16":"taxable","17":"shipping-taxable","18":"purchasable","19":"product-type-variable"},"_links":{"self":[{"href":"https:\/\/nexgendecors.com\/fr\/wp-json\/wp\/v2\/product\/156955","targetHints":{"allow":["GET"]}}],"collection":[{"href":"https:\/\/nexgendecors.com\/fr\/wp-json\/wp\/v2\/product"}],"about":[{"href":"https:\/\/nexgendecors.com\/fr\/wp-json\/wp\/v2\/types\/product"}],"replies":[{"embeddable":true,"href":"https:\/\/nexgendecors.com\/fr\/wp-json\/wp\/v2\/comments?post=156955"}],"version-history":[{"count":0,"href":"https:\/\/nexgendecors.com\/fr\/wp-json\/wp\/v2\/product\/156955\/revisions"}],"wp:featuredmedia":[{"embeddable":true,"href":"https:\/\/nexgendecors.com\/fr\/wp-json\/wp\/v2\/media\/156961"}],"wp:attachment":[{"href":"https:\/\/nexgendecors.com\/fr\/wp-json\/wp\/v2\/media?parent=156955"}],"wp:term":[{"taxonomy":"product_brand","embeddable":true,"href":"https:\/\/nexgendecors.com\/fr\/wp-json\/wp\/v2\/product_brand?post=156955"},{"taxonomy":"product_cat","embeddable":true,"href":"https:\/\/nexgendecors.com\/fr\/wp-json\/wp\/v2\/product_cat?post=156955"},{"taxonomy":"product_tag","embeddable":true,"href":"https:\/\/nexgendecors.com\/fr\/wp-json\/wp\/v2\/product_tag?post=156955"}],"curies":[{"name":"wp","href":"https:\/\/api.w.org\/{rel}","templated":true}]}}