{"id":157000,"date":"2025-02-10T06:50:36","date_gmt":"2025-02-10T06:50:36","guid":{"rendered":"https:\/\/nexgendecors.com\/en\/product\/orsum-designer-original-modern-simple-french-makeup-dressing-stool-rotating-desk-chair-creative-french-retro\/"},"modified":"2025-04-06T09:51:02","modified_gmt":"2025-04-06T09:51:02","slug":"orsum-designer-original-modern-simple-french-makeup-dressing-stool-rotating-desk-chair-creative-french-retro","status":"publish","type":"product","link":"https:\/\/nexgendecors.com\/fr\/product\/orsum-designer-original-modern-simple-french-makeup-dressing-stool-rotating-desk-chair-creative-french-retro\/","title":{"rendered":"Tabouret de maquillage moderne fran\u00e7ais ORSUM \u2013 Design rotatif"},"content":{"rendered":"<ul>\n<li><strong>marque<\/strong>:ou somme<\/li>\n<li><strong>mod\u00e8le<\/strong>:C-07<\/li>\n<li><strong>\u00c9l\u00e9ments populaires<\/strong>:Roman columns, master design, logs, metal<\/li>\n<li><strong>style<\/strong>:Fran\u00e7ais<\/li>\n<li><strong>Assembler<\/strong>:Non<\/li>\n<li><strong>Ville<\/strong>:Foshan<\/li>\n<li><strong>Districts et comt\u00e9s<\/strong>:District de Shunde<\/li>\n<li><strong>Client\u00e8le cible<\/strong>:Adultes<\/li>\n<li><strong>Mat\u00e9riau de finition<\/strong>:Bois<\/li>\n<li><strong>Est-ce personnalisable ?<\/strong>:Oui<\/li>\n<li><strong>Mat\u00e9riel<\/strong>:Bois<\/li>\n<li><strong>Mat\u00e9riau en bois<\/strong>:autre<\/li>\n<li><strong>Instructions d&#039;installation d\u00e9taill\u00e9es<\/strong>:Aucune instruction d&#039;installation<\/li>\n<li><strong>Origine<\/strong>:Province du Guangdong<\/li>\n<li><strong>Un taxi est-il disponible pour le transport ?<\/strong>:Non<\/li>\n<li><strong>Positionnement de style<\/strong>:Style artistique<\/li>\n<li><strong>trier par couleur<\/strong>:Champagne\/Tissu standard europ\u00e9en\/bronze jaune, marron dor\u00e9\/Tissu standard europ\u00e9en\/bronze jaune, encre \u00e9l\u00e9gante\/Tissu standard europ\u00e9en\/bronze jaune, blanc cr\u00e8me\/Cuir \u00e9pais de qualit\u00e9 V\/bronze jaune, kaki\/Cuir \u00e9pais de qualit\u00e9 V\/bronze jaune, champagne\/Tissu standard europ\u00e9en\/bronze jaune grande promotion, marron dor\u00e9\/Tissu standard europ\u00e9en\/bronze jaune grande promotion, encre \u00e9l\u00e9gante\/Tissu standard europ\u00e9en\/bronze jaune grande promotion, blanc cr\u00e8me\/Cuir \u00e9pais de qualit\u00e9 V\/bronze jaune grande promotion, kaki\/Cuir \u00e9pais de qualit\u00e9 V\/bronze jaune grande promotion<\/li>\n<li><strong><\/strong>:<\/li>\n<\/ul>","protected":false},"excerpt":{"rendered":"<p>Marque : ou somme Mod\u00e8le : C-07 \u00c9l\u00e9ments populaires : colonnes romaines, conception principale, rondins, m\u00e9tal Style : fran\u00e7ais Assemblage : non Ville : Foshan Districts et comt\u00e9s : district de Shunde Client\u00e8le cible : adultes Finition<\/p>","protected":false},"featured_media":156999,"comment_status":"open","ping_status":"closed","template":"","meta":[],"product_brand":[],"product_cat":[30811,30858,30895,30825,30826,30892,30862,30846,30904],"product_tag":[30891],"class_list":{"0":"post-157000","1":"product","2":"type-product","3":"status-publish","4":"has-post-thumbnail","6":"product_cat-armchairs","7":"product_cat-wholesale-bedroom","8":"product_cat-bs-bedroom","9":"product_cat-dining-chairs","10":"product_cat-dining-room","11":"product_cat-export","12":"product_cat-wholesales-hotels","13":"product_cat-living-room","14":"product_cat-trending-furniture","15":"product_tag-title-adjust","17":"first","18":"instock","19":"sale","20":"taxable","21":"shipping-taxable","22":"purchasable","23":"product-type-variable"},"_links":{"self":[{"href":"https:\/\/nexgendecors.com\/fr\/wp-json\/wp\/v2\/product\/157000","targetHints":{"allow":["GET"]}}],"collection":[{"href":"https:\/\/nexgendecors.com\/fr\/wp-json\/wp\/v2\/product"}],"about":[{"href":"https:\/\/nexgendecors.com\/fr\/wp-json\/wp\/v2\/types\/product"}],"replies":[{"embeddable":true,"href":"https:\/\/nexgendecors.com\/fr\/wp-json\/wp\/v2\/comments?post=157000"}],"version-history":[{"count":0,"href":"https:\/\/nexgendecors.com\/fr\/wp-json\/wp\/v2\/product\/157000\/revisions"}],"wp:featuredmedia":[{"embeddable":true,"href":"https:\/\/nexgendecors.com\/fr\/wp-json\/wp\/v2\/media\/156999"}],"wp:attachment":[{"href":"https:\/\/nexgendecors.com\/fr\/wp-json\/wp\/v2\/media?parent=157000"}],"wp:term":[{"taxonomy":"product_brand","embeddable":true,"href":"https:\/\/nexgendecors.com\/fr\/wp-json\/wp\/v2\/product_brand?post=157000"},{"taxonomy":"product_cat","embeddable":true,"href":"https:\/\/nexgendecors.com\/fr\/wp-json\/wp\/v2\/product_cat?post=157000"},{"taxonomy":"product_tag","embeddable":true,"href":"https:\/\/nexgendecors.com\/fr\/wp-json\/wp\/v2\/product_tag?post=157000"}],"curies":[{"name":"wp","href":"https:\/\/api.w.org\/{rel}","templated":true}]}}