{"id":157052,"date":"2025-02-10T07:00:03","date_gmt":"2025-02-10T07:00:03","guid":{"rendered":"https:\/\/nexgendecors.com\/en\/product\/designer-creative-arc-shaped-rotating-single-chair-light-luxury-small-apartment-living-room-balcony-leisure-net-celebrity-lazy-sofa\/"},"modified":"2025-04-06T09:51:10","modified_gmt":"2025-04-06T09:51:10","slug":"chaise-simple-rotative-en-forme-darc-creative-de-designer-legere-de-luxe-pour-petit-appartement-salon-balcon-loisirs-filet-celebrite-canape-paresseux","status":"publish","type":"product","link":"https:\/\/nexgendecors.com\/fr\/product\/chaise-simple-rotative-en-forme-darc-creative-de-designer-legere-de-luxe-pour-petit-appartement-salon-balcon-loisirs-filet-celebrite-canape-paresseux\/","title":{"rendered":"Chaise pivotante de luxe en forme d&#039;arc pour petits espaces"},"content":{"rendered":"<ul>\n<li><strong>marque<\/strong>:#0 Usine<\/li>\n<li><strong>mod\u00e8le<\/strong>:SF-12<\/li>\n<li><strong>Y a-t-il un espace de stockage ?<\/strong>:Non<\/li>\n<li><strong>style<\/strong>:Moderne et simple<\/li>\n<li><strong>Assembler<\/strong>:Non<\/li>\n<li><strong>Duret\u00e9 du remplissage<\/strong>:doux<\/li>\n<li><strong>Tissu<\/strong>:flanelle<\/li>\n<li><strong>Client\u00e8le cible<\/strong>:Adultes<\/li>\n<li><strong>Districts et comt\u00e9s<\/strong>:Ville de Nan&#039;an<\/li>\n<li><strong>Technologie structurelle<\/strong>:Artisanat du bois<\/li>\n<li><strong>Technologie des structures en bois<\/strong>:Puzzle<\/li>\n<li><strong>Ville<\/strong>:Ville de Quanzhou<\/li>\n<li><strong>Fonctionnalit\u00e9s suppl\u00e9mentaires<\/strong>:Rotatif<\/li>\n<li><strong>Est-ce personnalisable ?<\/strong>:Oui<\/li>\n<li><strong>Remplissage<\/strong>:\u00e9ponge<\/li>\n<li><strong>Combinaison de canap\u00e9<\/strong>:arc<\/li>\n<li><strong>Est-il amovible et lavable ?<\/strong>:Non<\/li>\n<li><strong>Mat\u00e9riel<\/strong>:Bois<\/li>\n<li><strong>Mat\u00e9riau en bois<\/strong>:Pin<\/li>\n<li><strong>Origine<\/strong>:Province du Fujian<\/li>\n<li><strong>mod\u00e8le<\/strong>:Autre<\/li>\n<li><strong>Positionnement de style<\/strong>:Style artistique<\/li>\n<li><strong>Livraison\/installation disponible<\/strong>:Foshan, Zhengzhou, Guiyang, Guangzhou, Fuzhou, Harbin, Xiamen, Chongqing, Changzhou, Suzhou, Xi&#039;an, Shenzhen, Nanjing, Changsha, P\u00e9kin, Qingdao, Wuxi, Chengdu, Shanghai, Wuhan, Nanning, dans tout le pays, Shenyang, Dalian, Taizhou, Dongguan, Tianjin, autres, Jinhua, Hangzhou, Nanchang, Ningbo, Wenzhou<\/li>\n<li><strong>trier par couleur<\/strong>:Petite table beige sans bordure, petite table beige sans bordure rotative, petite table d&#039;appoint beige, petite table d&#039;appoint beige rotative, grande table beige sans bordure, grande table beige sans bordure rotative, grande table d&#039;appoint beige, grande table d&#039;appoint beige rotative, table sans bordure couleur caf\u00e9 180 cm, table sans bordure couleur caf\u00e9 210 cm, table sans bordure couleur caf\u00e9 240 cm, table d&#039;appoint couleur caf\u00e9 180 cm, table d&#039;appoint couleur caf\u00e9 210 cm, table d&#039;appoint couleur caf\u00e9 240 cm, combinaison de table basse [70*37\/45*47], table d&#039;appoint [40*55], support de personnalisation\/personnalisation, veuillez contacter le service client, oreiller gratuit couleur al\u00e9atoire<\/li>\n<\/ul>","protected":false},"excerpt":{"rendered":"<p>Marque : #0 Mod\u00e8le d&#039;usine : SF-12 Y a-t-il un espace de rangement ? : non Style : moderne et simple Assemblage : non Duret\u00e9 du remplissage : doux Tissu : flanelle Client\u00e8le cible : adultes Districts et comt\u00e9s : ville de Nan&#039;an<\/p>","protected":false},"featured_media":157075,"comment_status":"open","ping_status":"closed","template":"","meta":[],"product_brand":[],"product_cat":[30858,30892,30862,30846,30873,30890,30904],"product_tag":[30891],"class_list":{"0":"post-157052","1":"product","2":"type-product","3":"status-publish","4":"has-post-thumbnail","6":"product_cat-wholesale-bedroom","7":"product_cat-export","8":"product_cat-wholesales-hotels","9":"product_cat-living-room","10":"product_cat-sofa","11":"product_cat-sofas-fav","12":"product_cat-trending-furniture","13":"product_tag-title-adjust","15":"first","16":"instock","17":"taxable","18":"shipping-taxable","19":"purchasable","20":"product-type-variable"},"_links":{"self":[{"href":"https:\/\/nexgendecors.com\/fr\/wp-json\/wp\/v2\/product\/157052","targetHints":{"allow":["GET"]}}],"collection":[{"href":"https:\/\/nexgendecors.com\/fr\/wp-json\/wp\/v2\/product"}],"about":[{"href":"https:\/\/nexgendecors.com\/fr\/wp-json\/wp\/v2\/types\/product"}],"replies":[{"embeddable":true,"href":"https:\/\/nexgendecors.com\/fr\/wp-json\/wp\/v2\/comments?post=157052"}],"version-history":[{"count":0,"href":"https:\/\/nexgendecors.com\/fr\/wp-json\/wp\/v2\/product\/157052\/revisions"}],"wp:featuredmedia":[{"embeddable":true,"href":"https:\/\/nexgendecors.com\/fr\/wp-json\/wp\/v2\/media\/157075"}],"wp:attachment":[{"href":"https:\/\/nexgendecors.com\/fr\/wp-json\/wp\/v2\/media?parent=157052"}],"wp:term":[{"taxonomy":"product_brand","embeddable":true,"href":"https:\/\/nexgendecors.com\/fr\/wp-json\/wp\/v2\/product_brand?post=157052"},{"taxonomy":"product_cat","embeddable":true,"href":"https:\/\/nexgendecors.com\/fr\/wp-json\/wp\/v2\/product_cat?post=157052"},{"taxonomy":"product_tag","embeddable":true,"href":"https:\/\/nexgendecors.com\/fr\/wp-json\/wp\/v2\/product_tag?post=157052"}],"curies":[{"name":"wp","href":"https:\/\/api.w.org\/{rel}","templated":true}]}}