{"id":157106,"date":"2025-02-10T07:01:39","date_gmt":"2025-02-10T07:01:39","guid":{"rendered":"https:\/\/nexgendecors.com\/en\/product\/7-space-petal-sofa-italian-minimalist-chenille-fabric-sofa-special-shaped-curved-chaise-sofa\/"},"modified":"2025-04-06T09:51:17","modified_gmt":"2025-04-06T09:51:17","slug":"7-space-petal-sofa-italian-minimalist-chenille-fabric-sofa-special-shaped-curved-chaise-sofa","status":"publish","type":"product","link":"https:\/\/nexgendecors.com\/fr\/product\/7-space-petal-sofa-italian-minimalist-chenille-fabric-sofa-special-shaped-curved-chaise-sofa\/","title":{"rendered":"Canap\u00e9 Petal en chenille incurv\u00e9e - Italian Minimalist"},"content":{"rendered":"<ul>\n<li><strong>Y a-t-il un espace de stockage ?<\/strong>:Non<\/li>\n<li><strong>style<\/strong>:Minimalisme italien<\/li>\n<li><strong>Assembler<\/strong>:Non<\/li>\n<li><strong>Tissu<\/strong>:Chenille<\/li>\n<li><strong>Ville<\/strong>:Foshan<\/li>\n<li><strong>Districts et comt\u00e9s<\/strong>:District de Shunde<\/li>\n<li><strong>Fonctionnalit\u00e9s suppl\u00e9mentaires<\/strong>:Foldable<\/li>\n<li><strong>Volume d&#039;emballage<\/strong>:2.5<\/li>\n<li><strong>Remplissage<\/strong>:Vers le bas<\/li>\n<li><strong>Combinaison de canap\u00e9<\/strong>:Forme en L<\/li>\n<li><strong>Origine<\/strong>:Province du Guangdong<\/li>\n<li><strong>Positionnement de style<\/strong>:Style artistique<\/li>\n<li><strong>trier par couleur<\/strong>:Double seat [2.2m], single support single + no support single + single support single [3.0m], single support single + small corner [2.5m], single support single + large corner [2.65m], large corner + small corner + single support single [3.3m], single support single + no support single + small corner [3.5m], single support single + no support single + large corner [3.6m], large corner + no support single + large corner [3.95m], Large corner + no handrail + small corner [3.9m], small corner + no handrail + small corner [3.9m], single handrail + no handrail + no handrail + large corner [4.3m], single handrail + no handrail + small corner + large corner [4.3m], left and right large corner + no handrail + no handrail [4.8m], large corner + small corner [3.0], single handrail + small corner + single handrail [3.1m]<\/li>\n<li><strong>marque<\/strong>:#0 Usine<\/li>\n<li><strong>mod\u00e8le<\/strong>:Petal Sofa<\/li>\n<li><strong>Duret\u00e9 du remplissage<\/strong>:doux<\/li>\n<li><strong>Client\u00e8le cible<\/strong>:Adultes<\/li>\n<li><strong>Technologie structurelle<\/strong>:Artisanat du bois<\/li>\n<li><strong>Est-ce personnalisable ?<\/strong>:Oui<\/li>\n<li><strong>Est-il amovible et lavable ?<\/strong>:Non<\/li>\n<li><strong>Mat\u00e9riel<\/strong>:Bois<\/li>\n<li><strong>Mat\u00e9riau en bois<\/strong>:Pin<\/li>\n<li><strong>Instructions d&#039;installation d\u00e9taill\u00e9es<\/strong>:Vid\u00e9o d&#039;instructions d&#039;installation fournie<\/li>\n<li><strong>Combien de personnes sont assises<\/strong>:Imported 580g chenille [natural white goose down\/45d high density high elastic cotton\/widened and thickened Russian larch], Motu brand 800g snowflake [natural white goose down\/45d high density high elastic cotton\/widened and thickened Russian larch], Italian Sakedao original cloth brand store texture [natural white goose down\/45d high density high elastic cotton\/widened and thickened Russian larch]<\/li>\n<li><strong>mod\u00e8le<\/strong>:Art<\/li>\n<li><strong>Un taxi est-il disponible pour le transport ?<\/strong>:Non<\/li>\n<li><strong>Livraison\/installation disponible<\/strong>:\u00c0 l&#039;\u00e9chelle nationale<\/li>\n<li><strong><\/strong>:<\/li>\n<\/ul>","protected":false},"excerpt":{"rendered":"<p>Y a-t-il un espace de rangement?:non Style:minimalisme italien Assembler:non Tissu:Chenille Ville:Foshan Districts et comt\u00e9s:Shunde District Caract\u00e9ristiques suppl\u00e9mentaires:Pliable Volume d'emballage:2,5 Rembourrage:Duvet Combinaison de canap\u00e9:Forme en L<\/p>","protected":false},"featured_media":157152,"comment_status":"open","ping_status":"closed","template":"","meta":[],"product_brand":[],"product_cat":[30892,30862,30846,30873,30890],"product_tag":[30891],"class_list":{"0":"post-157106","1":"product","2":"type-product","3":"status-publish","4":"has-post-thumbnail","6":"product_cat-export","7":"product_cat-wholesales-hotels","8":"product_cat-living-room","9":"product_cat-sofa","10":"product_cat-sofas-fav","11":"product_tag-title-adjust","13":"first","14":"instock","15":"taxable","16":"shipping-taxable","17":"purchasable","18":"product-type-variable"},"_links":{"self":[{"href":"https:\/\/nexgendecors.com\/fr\/wp-json\/wp\/v2\/product\/157106","targetHints":{"allow":["GET"]}}],"collection":[{"href":"https:\/\/nexgendecors.com\/fr\/wp-json\/wp\/v2\/product"}],"about":[{"href":"https:\/\/nexgendecors.com\/fr\/wp-json\/wp\/v2\/types\/product"}],"replies":[{"embeddable":true,"href":"https:\/\/nexgendecors.com\/fr\/wp-json\/wp\/v2\/comments?post=157106"}],"version-history":[{"count":0,"href":"https:\/\/nexgendecors.com\/fr\/wp-json\/wp\/v2\/product\/157106\/revisions"}],"wp:featuredmedia":[{"embeddable":true,"href":"https:\/\/nexgendecors.com\/fr\/wp-json\/wp\/v2\/media\/157152"}],"wp:attachment":[{"href":"https:\/\/nexgendecors.com\/fr\/wp-json\/wp\/v2\/media?parent=157106"}],"wp:term":[{"taxonomy":"product_brand","embeddable":true,"href":"https:\/\/nexgendecors.com\/fr\/wp-json\/wp\/v2\/product_brand?post=157106"},{"taxonomy":"product_cat","embeddable":true,"href":"https:\/\/nexgendecors.com\/fr\/wp-json\/wp\/v2\/product_cat?post=157106"},{"taxonomy":"product_tag","embeddable":true,"href":"https:\/\/nexgendecors.com\/fr\/wp-json\/wp\/v2\/product_tag?post=157106"}],"curies":[{"name":"wp","href":"https:\/\/api.w.org\/{rel}","templated":true}]}}