{"id":157196,"date":"2025-02-10T07:03:12","date_gmt":"2025-02-10T07:03:12","guid":{"rendered":"https:\/\/nexgendecors.com\/en\/product\/creative-leisure-luminous-table-round-sofa-chair-coffee-table-outdoor-combination-booth-open-air-stool-entertainment-bar-table\/"},"modified":"2025-02-11T17:40:57","modified_gmt":"2025-02-11T17:40:57","slug":"creative-leisure-luminous-table-round-sofa-chair-coffee-table-outdoor-combination-booth-open-air-stool-entertainment-bar-table","status":"publish","type":"product","link":"https:\/\/nexgendecors.com\/fr\/product\/creative-leisure-luminous-table-round-sofa-chair-coffee-table-outdoor-combination-booth-open-air-stool-entertainment-bar-table\/","title":{"rendered":"Luminous Outdoor Sofa Chair &#038; Coffee Table Set"},"content":{"rendered":"<ul>\n<li><strong>marque<\/strong>:autre\/autre<\/li>\n<li><strong>mod\u00e8le<\/strong>:170<\/li>\n<li><strong>style<\/strong>:Moderne et simple<\/li>\n<li><strong>Est-ce personnalisable ?<\/strong>:Non<\/li>\n<li><strong>Origine<\/strong>:Province du Guangdong<\/li>\n<li><strong>Est-ce rotatif ?<\/strong>:Non<\/li>\n<li><strong>Peut-il \u00eatre \u00e9lev\u00e9 ou abaiss\u00e9 ?<\/strong>:Non<\/li>\n<li><strong>Packing size<\/strong>:93.5*77*9.5<\/li>\n<li><strong>Packing weight<\/strong>:15 kg<\/li>\n<li><strong>Normes environnementales<\/strong>:Green Design<\/li>\n<li><strong>trier par couleur<\/strong>:Coffee table without glass, single sofa, double sofa, 4-piece set, 5-piece set, coffee table with black glass<\/li>\n<li><strong><\/strong>:<\/li>\n<\/ul>","protected":false},"excerpt":{"rendered":"<p>brand:other\/other model:170 style:Modern and simple Is it customizable?:no Origin:Guangdong Province Is it rotatable?:no Can it be raised or lowered?:no Packing<\/p>","protected":false},"featured_media":157195,"comment_status":"open","ping_status":"closed","template":"","meta":[],"product_brand":[],"product_cat":[30892,30862,30856,30860],"product_tag":[30891],"class_list":{"0":"post-157196","1":"product","2":"type-product","3":"status-publish","4":"has-post-thumbnail","6":"product_cat-export","7":"product_cat-wholesales-hotels","8":"product_cat-outdoor-furniture","9":"product_cat-wholesale-restaurant","10":"product_tag-title-adjust","12":"first","13":"instock","14":"taxable","15":"shipping-taxable","16":"purchasable","17":"product-type-variable"},"_links":{"self":[{"href":"https:\/\/nexgendecors.com\/fr\/wp-json\/wp\/v2\/product\/157196","targetHints":{"allow":["GET"]}}],"collection":[{"href":"https:\/\/nexgendecors.com\/fr\/wp-json\/wp\/v2\/product"}],"about":[{"href":"https:\/\/nexgendecors.com\/fr\/wp-json\/wp\/v2\/types\/product"}],"replies":[{"embeddable":true,"href":"https:\/\/nexgendecors.com\/fr\/wp-json\/wp\/v2\/comments?post=157196"}],"version-history":[{"count":0,"href":"https:\/\/nexgendecors.com\/fr\/wp-json\/wp\/v2\/product\/157196\/revisions"}],"wp:featuredmedia":[{"embeddable":true,"href":"https:\/\/nexgendecors.com\/fr\/wp-json\/wp\/v2\/media\/157195"}],"wp:attachment":[{"href":"https:\/\/nexgendecors.com\/fr\/wp-json\/wp\/v2\/media?parent=157196"}],"wp:term":[{"taxonomy":"product_brand","embeddable":true,"href":"https:\/\/nexgendecors.com\/fr\/wp-json\/wp\/v2\/product_brand?post=157196"},{"taxonomy":"product_cat","embeddable":true,"href":"https:\/\/nexgendecors.com\/fr\/wp-json\/wp\/v2\/product_cat?post=157196"},{"taxonomy":"product_tag","embeddable":true,"href":"https:\/\/nexgendecors.com\/fr\/wp-json\/wp\/v2\/product_tag?post=157196"}],"curies":[{"name":"wp","href":"https:\/\/api.w.org\/{rel}","templated":true}]}}