{"id":157303,"date":"2025-02-10T07:05:01","date_gmt":"2025-02-10T07:05:01","guid":{"rendered":"https:\/\/nexgendecors.com\/en\/product\/moooi-lazy-living-room-special-shaped-chair-single-sofa-chair-art-internet-celebrity-creative-personality-designer-single-chair-2\/"},"modified":"2025-04-06T09:51:29","modified_gmt":"2025-04-06T09:51:29","slug":"moooi-lazy-living-room-special-shaped-chair-single-sofa-chair-art-internet-celebrity-creative-personality-designer-single-chair-2","status":"publish","type":"product","link":"https:\/\/nexgendecors.com\/fr\/product\/moooi-lazy-living-room-special-shaped-chair-single-sofa-chair-art-internet-celebrity-creative-personality-designer-single-chair-2\/","title":{"rendered":"Fauteuil simple cr\u00e9atif Moooi \u2013 Design artistique"},"content":{"rendered":"<ul>\n<li><strong>marque<\/strong>:OLIELAN\/Olilan<\/li>\n<li><strong>mod\u00e8le<\/strong>:123<\/li>\n<li><strong>\u00c9l\u00e9ments populaires<\/strong>:Master design, special shape, log<\/li>\n<li><strong>Est-ce personnalisable ?<\/strong>:Oui<\/li>\n<li><strong>Mat\u00e9riel<\/strong>:tissu<\/li>\n<li><strong>Ville<\/strong>:Huizhou City<\/li>\n<li><strong>Origine<\/strong>:Province du Guangdong<\/li>\n<li><strong>Un taxi est-il disponible pour le transport ?<\/strong>:Non<\/li>\n<li><strong>Positionnement de style<\/strong>:Style artistique<\/li>\n<li><strong>trier par couleur<\/strong>:Pink, wine red, dark blue, sky blue, color, white, rose red, pink single layer<\/li>\n<\/ul>","protected":false},"excerpt":{"rendered":"<p>Marque : OLIELAN\/Olilan Mod\u00e8le : 123 \u00c9l\u00e9ments populaires : Conception principale, forme sp\u00e9ciale, b\u00fbche Est-il personnalisable ? : oui Mat\u00e9riau : tissu Ville : Ville de Huizhou Origine : Province du Guangdong Un taxi est-il disponible pour<\/p>","protected":false},"featured_media":157302,"comment_status":"open","ping_status":"closed","template":"","meta":[],"product_brand":[],"product_cat":[30811,30902,30892,30862,30846,30860,30873,30890],"product_tag":[30891],"class_list":{"0":"post-157303","1":"product","2":"type-product","3":"status-publish","4":"has-post-thumbnail","6":"product_cat-armchairs","7":"product_cat-bs-chairs","8":"product_cat-export","9":"product_cat-wholesales-hotels","10":"product_cat-living-room","11":"product_cat-wholesale-restaurant","12":"product_cat-sofa","13":"product_cat-sofas-fav","14":"product_tag-title-adjust","16":"first","17":"instock","18":"sale","19":"taxable","20":"shipping-taxable","21":"purchasable","22":"product-type-variable"},"_links":{"self":[{"href":"https:\/\/nexgendecors.com\/fr\/wp-json\/wp\/v2\/product\/157303","targetHints":{"allow":["GET"]}}],"collection":[{"href":"https:\/\/nexgendecors.com\/fr\/wp-json\/wp\/v2\/product"}],"about":[{"href":"https:\/\/nexgendecors.com\/fr\/wp-json\/wp\/v2\/types\/product"}],"replies":[{"embeddable":true,"href":"https:\/\/nexgendecors.com\/fr\/wp-json\/wp\/v2\/comments?post=157303"}],"version-history":[{"count":0,"href":"https:\/\/nexgendecors.com\/fr\/wp-json\/wp\/v2\/product\/157303\/revisions"}],"wp:featuredmedia":[{"embeddable":true,"href":"https:\/\/nexgendecors.com\/fr\/wp-json\/wp\/v2\/media\/157302"}],"wp:attachment":[{"href":"https:\/\/nexgendecors.com\/fr\/wp-json\/wp\/v2\/media?parent=157303"}],"wp:term":[{"taxonomy":"product_brand","embeddable":true,"href":"https:\/\/nexgendecors.com\/fr\/wp-json\/wp\/v2\/product_brand?post=157303"},{"taxonomy":"product_cat","embeddable":true,"href":"https:\/\/nexgendecors.com\/fr\/wp-json\/wp\/v2\/product_cat?post=157303"},{"taxonomy":"product_tag","embeddable":true,"href":"https:\/\/nexgendecors.com\/fr\/wp-json\/wp\/v2\/product_tag?post=157303"}],"curies":[{"name":"wp","href":"https:\/\/api.w.org\/{rel}","templated":true}]}}