{"id":157350,"date":"2025-02-10T07:07:03","date_gmt":"2025-02-10T07:07:03","guid":{"rendered":"https:\/\/nexgendecors.com\/en\/product\/living-room-designer-special-shaped-bent-pipe-simple-creative-nordic-single-dining-chair-fiberglass-rainbow-leisure-balcony-chair\/"},"modified":"2025-04-06T09:51:33","modified_gmt":"2025-04-06T09:51:33","slug":"living-room-designer-special-shaped-bent-pipe-simple-creative-nordic-single-dining-chair-fiberglass-rainbow-leisure-balcony-chair","status":"publish","type":"product","link":"https:\/\/nexgendecors.com\/fr\/product\/living-room-designer-special-shaped-bent-pipe-simple-creative-nordic-single-dining-chair-fiberglass-rainbow-leisure-balcony-chair\/","title":{"rendered":"Chaise de salle \u00e0 manger Nordic Rainbow en fibre de verre \u2013 Design cr\u00e9atif"},"content":{"rendered":"<ul>\n<li><strong>marque<\/strong>:OLIELAN\/Olilan<\/li>\n<li><strong>mod\u00e8le<\/strong>:yeo<\/li>\n<li><strong>Mat\u00e9riel<\/strong>:Fibre de verre<\/li>\n<li><strong>\u00c9l\u00e9ments populaires<\/strong>:Metal, Special Shape, Master Design<\/li>\n<li><strong>trier par couleur<\/strong>:Multicolor large size, color-hopping large size, pedal, blue large size, red large size, red small size, color-hopping small size, small size<\/li>\n<li><strong>Est-ce personnalisable ?<\/strong>:Oui<\/li>\n<li><strong>Origine<\/strong>:Province du Guangdong<\/li>\n<li><strong>Ville<\/strong>:Huizhou City<\/li>\n<li><strong>Districts et comt\u00e9s<\/strong>:District de Huiyang<\/li>\n<li><strong>Un taxi est-il disponible pour le transport ?<\/strong>:Non<\/li>\n<li><strong>Positionnement de style<\/strong>:Style artistique<\/li>\n<li><strong><\/strong>:<\/li>\n<\/ul>","protected":false},"excerpt":{"rendered":"<p>Marque : OLIELAN\/Olilan Mod\u00e8le : yeo Mat\u00e9riau : fibre de verre \u00c9l\u00e9ments populaires : m\u00e9tal, forme sp\u00e9ciale, conception principale Trier par couleur : multicolore grande taille, grande taille \u00e0 couleurs changeantes, p\u00e9dale, bleu grande taille<\/p>","protected":false},"featured_media":157349,"comment_status":"open","ping_status":"closed","template":"","meta":[],"product_brand":[],"product_cat":[30811,30902,30892,30862,30846,30860],"product_tag":[30891],"class_list":{"0":"post-157350","1":"product","2":"type-product","3":"status-publish","4":"has-post-thumbnail","6":"product_cat-armchairs","7":"product_cat-bs-chairs","8":"product_cat-export","9":"product_cat-wholesales-hotels","10":"product_cat-living-room","11":"product_cat-wholesale-restaurant","12":"product_tag-title-adjust","14":"first","15":"instock","16":"sale","17":"taxable","18":"shipping-taxable","19":"purchasable","20":"product-type-variable"},"_links":{"self":[{"href":"https:\/\/nexgendecors.com\/fr\/wp-json\/wp\/v2\/product\/157350","targetHints":{"allow":["GET"]}}],"collection":[{"href":"https:\/\/nexgendecors.com\/fr\/wp-json\/wp\/v2\/product"}],"about":[{"href":"https:\/\/nexgendecors.com\/fr\/wp-json\/wp\/v2\/types\/product"}],"replies":[{"embeddable":true,"href":"https:\/\/nexgendecors.com\/fr\/wp-json\/wp\/v2\/comments?post=157350"}],"version-history":[{"count":0,"href":"https:\/\/nexgendecors.com\/fr\/wp-json\/wp\/v2\/product\/157350\/revisions"}],"wp:featuredmedia":[{"embeddable":true,"href":"https:\/\/nexgendecors.com\/fr\/wp-json\/wp\/v2\/media\/157349"}],"wp:attachment":[{"href":"https:\/\/nexgendecors.com\/fr\/wp-json\/wp\/v2\/media?parent=157350"}],"wp:term":[{"taxonomy":"product_brand","embeddable":true,"href":"https:\/\/nexgendecors.com\/fr\/wp-json\/wp\/v2\/product_brand?post=157350"},{"taxonomy":"product_cat","embeddable":true,"href":"https:\/\/nexgendecors.com\/fr\/wp-json\/wp\/v2\/product_cat?post=157350"},{"taxonomy":"product_tag","embeddable":true,"href":"https:\/\/nexgendecors.com\/fr\/wp-json\/wp\/v2\/product_tag?post=157350"}],"curies":[{"name":"wp","href":"https:\/\/api.w.org\/{rel}","templated":true}]}}