{"id":157369,"date":"2025-02-10T07:07:39","date_gmt":"2025-02-10T07:07:39","guid":{"rendered":"https:\/\/nexgendecors.com\/en\/product\/hollow-8-shaped-single-chair-with-backrest-special-shaped-negotiation-chair-special-shaped-curved-leisure-chair-fiberglass-blue-chair-sofa-chair\/"},"modified":"2025-04-06T09:51:36","modified_gmt":"2025-04-06T09:51:36","slug":"hollow-8-shaped-single-chair-with-backrest-special-shaped-negotiation-chair-special-shaped-curved-leisure-chair-fiberglass-blue-chair-sofa-chair","status":"publish","type":"product","link":"https:\/\/nexgendecors.com\/fr\/product\/hollow-8-shaped-single-chair-with-backrest-special-shaped-negotiation-chair-special-shaped-curved-leisure-chair-fiberglass-blue-chair-sofa-chair\/","title":{"rendered":"Chaise de loisirs creuse en fibre de verre en forme de 8 avec dossier"},"content":{"rendered":"<ul>\n<li><strong>marque<\/strong>:OLIELAN\/Olilan<\/li>\n<li><strong>mod\u00e8le<\/strong>:146857489<\/li>\n<li><strong>\u00c9l\u00e9ments populaires<\/strong>:Conception principale, forme sp\u00e9ciale, m\u00e9tal<\/li>\n<li><strong>Est-ce personnalisable ?<\/strong>:Oui<\/li>\n<li><strong>Mat\u00e9riel<\/strong>:Fibre de verre<\/li>\n<li><strong>Ville<\/strong>:Huizhou City<\/li>\n<li><strong>Districts et comt\u00e9s<\/strong>:District de Huiyang<\/li>\n<li><strong>Origine<\/strong>:Province du Guangdong<\/li>\n<li><strong>Un taxi est-il disponible pour le transport ?<\/strong>:Non<\/li>\n<li><strong>Positionnement de style<\/strong>:Style artistique<\/li>\n<li><strong>trier par couleur<\/strong>:Purple, red, black, yellow, blue, light yellow, black trumpet, blue trumpet, purple trumpet, red trumpet, white embryo<\/li>\n<li><strong><\/strong>:<\/li>\n<\/ul>","protected":false},"excerpt":{"rendered":"<p>marque:OLIELAN\/Olilan mod\u00e8le:146857489 El\u00e9ments populaires:Master design, forme sp\u00e9ciale, m\u00e9tal Est-il personnalisable?:oui Mati\u00e8re:Fibre de verre Ville:Huizhou City Districts et comt\u00e9s:Huiyang District Origine:Province de Guangdong<\/p>","protected":false},"featured_media":157368,"comment_status":"open","ping_status":"closed","template":"","meta":[],"product_brand":[],"product_cat":[30811,30902,30892,30862,30846,30860],"product_tag":[30891],"class_list":{"0":"post-157369","1":"product","2":"type-product","3":"status-publish","4":"has-post-thumbnail","6":"product_cat-armchairs","7":"product_cat-bs-chairs","8":"product_cat-export","9":"product_cat-wholesales-hotels","10":"product_cat-living-room","11":"product_cat-wholesale-restaurant","12":"product_tag-title-adjust","14":"first","15":"instock","16":"sale","17":"taxable","18":"shipping-taxable","19":"purchasable","20":"product-type-variable"},"_links":{"self":[{"href":"https:\/\/nexgendecors.com\/fr\/wp-json\/wp\/v2\/product\/157369","targetHints":{"allow":["GET"]}}],"collection":[{"href":"https:\/\/nexgendecors.com\/fr\/wp-json\/wp\/v2\/product"}],"about":[{"href":"https:\/\/nexgendecors.com\/fr\/wp-json\/wp\/v2\/types\/product"}],"replies":[{"embeddable":true,"href":"https:\/\/nexgendecors.com\/fr\/wp-json\/wp\/v2\/comments?post=157369"}],"version-history":[{"count":0,"href":"https:\/\/nexgendecors.com\/fr\/wp-json\/wp\/v2\/product\/157369\/revisions"}],"wp:featuredmedia":[{"embeddable":true,"href":"https:\/\/nexgendecors.com\/fr\/wp-json\/wp\/v2\/media\/157368"}],"wp:attachment":[{"href":"https:\/\/nexgendecors.com\/fr\/wp-json\/wp\/v2\/media?parent=157369"}],"wp:term":[{"taxonomy":"product_brand","embeddable":true,"href":"https:\/\/nexgendecors.com\/fr\/wp-json\/wp\/v2\/product_brand?post=157369"},{"taxonomy":"product_cat","embeddable":true,"href":"https:\/\/nexgendecors.com\/fr\/wp-json\/wp\/v2\/product_cat?post=157369"},{"taxonomy":"product_tag","embeddable":true,"href":"https:\/\/nexgendecors.com\/fr\/wp-json\/wp\/v2\/product_tag?post=157369"}],"curies":[{"name":"wp","href":"https:\/\/api.w.org\/{rel}","templated":true}]}}