{"id":157395,"date":"2025-02-10T07:13:25","date_gmt":"2025-02-10T07:13:25","guid":{"rendered":"https:\/\/nexgendecors.com\/en\/product\/designer-art-leisure-sofa-chair-furniture-creative-curved-edamame-european-style-sofa-special-shaped-living-room-personality-recliner\/"},"modified":"2025-04-06T09:51:39","modified_gmt":"2025-04-06T09:51:39","slug":"designer-art-leisure-sofa-chair-furniture-creative-curved-edamame-european-style-sofa-special-shaped-living-room-personality-recliner","status":"publish","type":"product","link":"https:\/\/nexgendecors.com\/fr\/product\/designer-art-leisure-sofa-chair-furniture-creative-curved-edamame-european-style-sofa-special-shaped-living-room-personality-recliner\/","title":{"rendered":"Fauteuil canap\u00e9 Edamame incurv\u00e9 - Recliner \u00e0 l'europ\u00e9enne"},"content":{"rendered":"<ul>\n<li><strong>marque<\/strong>:OLIELAN\/Olilan<\/li>\n<li><strong>mod\u00e8le<\/strong>:ye<\/li>\n<li><strong>\u00c9l\u00e9ments populaires<\/strong>:Conception principale, forme sp\u00e9ciale, m\u00e9tal<\/li>\n<li><strong>Est-ce personnalisable ?<\/strong>:Oui<\/li>\n<li><strong>Mat\u00e9riel<\/strong>:Fibre de verre<\/li>\n<li><strong>Ville<\/strong>:Huizhou City<\/li>\n<li><strong>Districts et comt\u00e9s<\/strong>:District de Huiyang<\/li>\n<li><strong>Origine<\/strong>:Province du Guangdong<\/li>\n<li><strong>Un taxi est-il disponible pour le transport ?<\/strong>:Non<\/li>\n<li><strong>Positionnement de style<\/strong>:Style artistique<\/li>\n<li><strong>trier par couleur<\/strong>:Fluorescent green, transparent, black, green, light gray, gray\u2014247*109*77cm, red two 190*90*65cm, blue three 176*80*65cm, orange 210*89*69<\/li>\n<li><strong><\/strong>:<\/li>\n<\/ul>","protected":false},"excerpt":{"rendered":"<p>marque:OLIELAN\/Olilan mod\u00e8le:ye El\u00e9ments populaires:Master design, forme sp\u00e9ciale, m\u00e9tal Est-il personnalisable?:oui Mati\u00e8re:Fibre de verre Ville:Huizhou City Districts et comt\u00e9s:Huiyang District Origine:Guangdong Province<\/p>","protected":false},"featured_media":157394,"comment_status":"open","ping_status":"closed","template":"","meta":[],"product_brand":[],"product_cat":[30892,30862,30846,30873,30890],"product_tag":[30891],"class_list":{"0":"post-157395","1":"product","2":"type-product","3":"status-publish","4":"has-post-thumbnail","6":"product_cat-export","7":"product_cat-wholesales-hotels","8":"product_cat-living-room","9":"product_cat-sofa","10":"product_cat-sofas-fav","11":"product_tag-title-adjust","13":"first","14":"instock","15":"taxable","16":"shipping-taxable","17":"purchasable","18":"product-type-variable"},"_links":{"self":[{"href":"https:\/\/nexgendecors.com\/fr\/wp-json\/wp\/v2\/product\/157395","targetHints":{"allow":["GET"]}}],"collection":[{"href":"https:\/\/nexgendecors.com\/fr\/wp-json\/wp\/v2\/product"}],"about":[{"href":"https:\/\/nexgendecors.com\/fr\/wp-json\/wp\/v2\/types\/product"}],"replies":[{"embeddable":true,"href":"https:\/\/nexgendecors.com\/fr\/wp-json\/wp\/v2\/comments?post=157395"}],"version-history":[{"count":0,"href":"https:\/\/nexgendecors.com\/fr\/wp-json\/wp\/v2\/product\/157395\/revisions"}],"wp:featuredmedia":[{"embeddable":true,"href":"https:\/\/nexgendecors.com\/fr\/wp-json\/wp\/v2\/media\/157394"}],"wp:attachment":[{"href":"https:\/\/nexgendecors.com\/fr\/wp-json\/wp\/v2\/media?parent=157395"}],"wp:term":[{"taxonomy":"product_brand","embeddable":true,"href":"https:\/\/nexgendecors.com\/fr\/wp-json\/wp\/v2\/product_brand?post=157395"},{"taxonomy":"product_cat","embeddable":true,"href":"https:\/\/nexgendecors.com\/fr\/wp-json\/wp\/v2\/product_cat?post=157395"},{"taxonomy":"product_tag","embeddable":true,"href":"https:\/\/nexgendecors.com\/fr\/wp-json\/wp\/v2\/product_tag?post=157395"}],"curies":[{"name":"wp","href":"https:\/\/api.w.org\/{rel}","templated":true}]}}